{"id":6614,"date":"2026-04-18T13:57:30","date_gmt":"2026-04-18T13:57:30","guid":{"rendered":"https:\/\/grupojaguel.com\/?post_type=product&#038;p=6614"},"modified":"2026-04-18T13:57:30","modified_gmt":"2026-04-18T13:57:30","slug":"casa-amueblada-en-renta-en-gran-san-pedro-cholul-al-norte-de-merida-yucatan","status":"publish","type":"product","link":"https:\/\/grupojaguel.com\/index.php\/producto\/casa-amueblada-en-renta-en-gran-san-pedro-cholul-al-norte-de-merida-yucatan\/","title":{"rendered":"Casa amueblada en renta en Gran San Pedro Cholul al Norte de M\u00e9rida Yucat\u00e1n"},"content":{"rendered":"<p><iframe loading=\"lazy\" title=\"Casa amueblada en renta en Gran San Pedro Cholul al Norte de M\u00e9rida Yucat\u00e1n\" width=\"500\" height=\"281\" src=\"https:\/\/www.youtube.com\/embed\/QoO8BpZ9g5M?feature=oembed\" frameborder=\"0\" allow=\"accelerometer; autoplay; clipboard-write; encrypted-media; gyroscope; picture-in-picture; web-share\" referrerpolicy=\"strict-origin-when-cross-origin\" allowfullscreen><\/iframe><\/p>\n","protected":false},"excerpt":{"rendered":"<p>Casa amueblada en Renta en el Fracc. Gran San Pedro Cholul zona residencial, tranquila y segura, rodeado de parques en zona norte de la ciudad de M\u00e9rida, Yucat\u00e1n, La casa se encuentra cerca del campus de ciencias antropol\u00f3gicas, facultad de Psicolog\u00eda, facultad de econom\u00eda, facultad de Educaci\u00f3n, facultad de derecho, Universidad Modelo, tiendas de conveniencia, restaurantes y parques.\u00a0 A tan solo 3 minutos se encuentra Plaza Altabrisa, Plaza Up Town, Hospital Star Medica, Bancos, Restaurantes de Renombre, Cines y m\u00e1s.<\/p>\n<p>&nbsp;<\/p>\n<p>Terreno: 522.41m2<\/p>\n<p>Construcci\u00f3n: 269.31m2<\/p>\n<p>PLANTA BAJA<\/p>\n<p>Estacionamiento para 2 veh\u00edculos con port\u00f3n el\u00e9ctrico<\/p>\n<p>Sala de 1 pieza con centro de mesa, televisi\u00f3n y ventilador<\/p>\n<p>Comedor de 6 piezas con ventilador<\/p>\n<p>Cocina ampliada con refrigerador, estufa, mesa de vinos<\/p>\n<p>Medio ba\u00f1o<\/p>\n<p>Terraza<\/p>\n<p>Jard\u00edn<\/p>\n<p>Pasillo de servicio amplio<\/p>\n<p>Espacio techado para lavadora<\/p>\n<p>PLANTA ALTA<\/p>\n<p>1 recamara principal con cama, closet vestidor, ba\u00f1o completo y aire acondicionado<\/p>\n<p>2 recamaras secundarias con closet de cemento, cama y aire acondicionado c\/u<\/p>\n<p>1 ba\u00f1o completo para recamaras secundarias<\/p>\n","protected":false},"featured_media":6615,"comment_status":"open","ping_status":"closed","template":"","meta":[],"product_brand":[],"product_cat":[22,19,18],"product_tag":[218,179,191,117,190],"class_list":{"0":"post-6614","1":"product","2":"type-product","3":"status-publish","4":"has-post-thumbnail","6":"product_cat-casarenta","7":"product_cat-yucatan","8":"product_cat-yuc-renta","9":"product_tag-alquiler-de-casa","10":"product_tag-bienes-raices-en-merida","11":"product_tag-casa-en-alquiler","12":"product_tag-casa-en-renta","13":"product_tag-renta-de-casa","14":"pa_operacion-rta","15":"pa_recamaras-3rec","16":"pa_tipo-casas","17":"pa_zona-nte","19":"first","20":"instock","21":"shipping-taxable","22":"purchasable","23":"product-type-simple"},"_links":{"self":[{"href":"https:\/\/grupojaguel.com\/index.php\/wp-json\/wp\/v2\/product\/6614","targetHints":{"allow":["GET"]}}],"collection":[{"href":"https:\/\/grupojaguel.com\/index.php\/wp-json\/wp\/v2\/product"}],"about":[{"href":"https:\/\/grupojaguel.com\/index.php\/wp-json\/wp\/v2\/types\/product"}],"replies":[{"embeddable":true,"href":"https:\/\/grupojaguel.com\/index.php\/wp-json\/wp\/v2\/comments?post=6614"}],"wp:featuredmedia":[{"embeddable":true,"href":"https:\/\/grupojaguel.com\/index.php\/wp-json\/wp\/v2\/media\/6615"}],"wp:attachment":[{"href":"https:\/\/grupojaguel.com\/index.php\/wp-json\/wp\/v2\/media?parent=6614"}],"wp:term":[{"taxonomy":"product_brand","embeddable":true,"href":"https:\/\/grupojaguel.com\/index.php\/wp-json\/wp\/v2\/product_brand?post=6614"},{"taxonomy":"product_cat","embeddable":true,"href":"https:\/\/grupojaguel.com\/index.php\/wp-json\/wp\/v2\/product_cat?post=6614"},{"taxonomy":"product_tag","embeddable":true,"href":"https:\/\/grupojaguel.com\/index.php\/wp-json\/wp\/v2\/product_tag?post=6614"}],"curies":[{"name":"wp","href":"https:\/\/api.w.org\/{rel}","templated":true}]}}