{"id":6582,"date":"2026-04-16T00:06:11","date_gmt":"2026-04-16T00:06:11","guid":{"rendered":"https:\/\/grupojaguel.com\/?post_type=product&#038;p=6582"},"modified":"2026-04-16T00:06:11","modified_gmt":"2026-04-16T00:06:11","slug":"casa-en-renta-en-nuevo-yucatan-en-merida-yucatan-con-paneles-solares","status":"publish","type":"product","link":"https:\/\/grupojaguel.com\/index.php\/producto\/casa-en-renta-en-nuevo-yucatan-en-merida-yucatan-con-paneles-solares\/","title":{"rendered":"Casa en Renta en Nuevo Yucat\u00e1n en M\u00e9rida Yucat\u00e1n con paneles solares"},"content":{"rendered":"<p><iframe loading=\"lazy\" title=\"Casa en Renta en Nuevo Yucat\u00e1n en M\u00e9rida Yucat\u00e1n con paneles solares\" width=\"500\" height=\"281\" src=\"https:\/\/www.youtube.com\/embed\/KTJPEcW6lXE?feature=oembed\" frameborder=\"0\" allow=\"accelerometer; autoplay; clipboard-write; encrypted-media; gyroscope; picture-in-picture; web-share\" referrerpolicy=\"strict-origin-when-cross-origin\" allowfullscreen><\/iframe><\/p>\n","protected":false},"excerpt":{"rendered":"<p>Casa con paneles solares de 3 recamaras en renta en Nuevo Yucat\u00e1n dentro de la ciudad de M\u00e9rida en zona muy tranquila y residencial se encuentra en excelente ubicaci\u00f3n a una esquina de los pinos, a unos pasos del parque de Pinos y a unos metros del parque de Nuevo Yucat\u00e1n, a poco de distancia para plazas comerciales, cines, supermercados, tienda de conveniencia, restaurantes, escuelas y hospitales de renombre.<\/p>\n<p>Consta de:<\/p>\n<p>Superficie: 319m2<\/p>\n<p>Construcci\u00f3n: 370m2<\/p>\n<p>Medidas: 10m de frente por 32m de fondo<\/p>\n<p>PLANTA BAJA<\/p>\n<p>Estacionamiento techado para 2 veh\u00edculos<\/p>\n<p>Sala a doble altura<\/p>\n<p>Comedor amplio con aire acondicionado<\/p>\n<p>\u00c1rea de alacena<\/p>\n<p>Medio ba\u00f1o<\/p>\n<p>Recamara principal amplio con aire acondicionado, closet vestidor amplio y ba\u00f1o amplio con jacuzzi.<\/p>\n<p>Terraza techada con vista a la piscina<\/p>\n<p>Piscina amplia con sistema de filtrado, pozo de llenado y pozo de desag\u00fce<\/p>\n<p>Bar y \u00e1rea social frente a la piscina<\/p>\n<p>Ba\u00f1o<\/p>\n<p>Cuarto de m\u00e1quinas\/bodega<\/p>\n<p>Lavadero techado<\/p>\n<p>Patio<\/p>\n<p>PLANTA ALTA<\/p>\n<p>1 Recamara con balc\u00f3n, aire acondicionado, closet vestidor y ba\u00f1o completo<\/p>\n<p>1 recamara con balc\u00f3n y aire acondicionado<\/p>\n<p>1 ba\u00f1o completo<\/p>\n<p>Family room<\/p>\n<p>EQUIPAMIENTO<\/p>\n<p>C\u00e1maras de seguridad<\/p>\n<p>Abanicos de techos en cocina, comedor, recamaras y en terraza social<\/p>\n<p>Cisterna<\/p>\n<p>Tinaco<\/p>\n<p>Paneles solares<\/p>\n<p>SE ACEPTAN MASCOTAS: Raza peque\u00f1a y mediana<\/p>\n<p>Requisitos<\/p>\n<p>Mes anticipado de renta<\/p>\n<p>1 mes en dep\u00f3sito en garant\u00eda<\/p>\n<p>Aval con propiedad en M\u00e9rida libre de gravamen o 2do mes en dep\u00f3sito en garant\u00eda<\/p>\n<p>Pago del convenio notariado $15,000<\/p>\n<p>**Precio al 15 de Abril de 2026, las fotos son solamente ilustrativas<\/p>\n","protected":false},"featured_media":6612,"comment_status":"open","ping_status":"closed","template":"","meta":[],"product_brand":[],"product_cat":[22,19,18],"product_tag":[218,179,117,216],"class_list":{"0":"post-6582","1":"product","2":"type-product","3":"status-publish","4":"has-post-thumbnail","6":"product_cat-casarenta","7":"product_cat-yucatan","8":"product_cat-yuc-renta","9":"product_tag-alquiler-de-casa","10":"product_tag-bienes-raices-en-merida","11":"product_tag-casa-en-renta","12":"product_tag-casa-residencial-en-renta","13":"pa_operacion-rta","14":"pa_recamaras-3rec","15":"pa_tipo-casas","16":"pa_zona-nte","18":"first","19":"instock","20":"shipping-taxable","21":"purchasable","22":"product-type-simple"},"_links":{"self":[{"href":"https:\/\/grupojaguel.com\/index.php\/wp-json\/wp\/v2\/product\/6582","targetHints":{"allow":["GET"]}}],"collection":[{"href":"https:\/\/grupojaguel.com\/index.php\/wp-json\/wp\/v2\/product"}],"about":[{"href":"https:\/\/grupojaguel.com\/index.php\/wp-json\/wp\/v2\/types\/product"}],"replies":[{"embeddable":true,"href":"https:\/\/grupojaguel.com\/index.php\/wp-json\/wp\/v2\/comments?post=6582"}],"wp:featuredmedia":[{"embeddable":true,"href":"https:\/\/grupojaguel.com\/index.php\/wp-json\/wp\/v2\/media\/6612"}],"wp:attachment":[{"href":"https:\/\/grupojaguel.com\/index.php\/wp-json\/wp\/v2\/media?parent=6582"}],"wp:term":[{"taxonomy":"product_brand","embeddable":true,"href":"https:\/\/grupojaguel.com\/index.php\/wp-json\/wp\/v2\/product_brand?post=6582"},{"taxonomy":"product_cat","embeddable":true,"href":"https:\/\/grupojaguel.com\/index.php\/wp-json\/wp\/v2\/product_cat?post=6582"},{"taxonomy":"product_tag","embeddable":true,"href":"https:\/\/grupojaguel.com\/index.php\/wp-json\/wp\/v2\/product_tag?post=6582"}],"curies":[{"name":"wp","href":"https:\/\/api.w.org\/{rel}","templated":true}]}}