{"id":6563,"date":"2026-04-07T22:08:42","date_gmt":"2026-04-07T22:08:42","guid":{"rendered":"https:\/\/grupojaguel.com\/?post_type=product&#038;p=6563"},"modified":"2026-04-07T22:08:42","modified_gmt":"2026-04-07T22:08:42","slug":"casa-en-renta-en-nora-quintana-en-merida-yucatan","status":"publish","type":"product","link":"https:\/\/grupojaguel.com\/index.php\/producto\/casa-en-renta-en-nora-quintana-en-merida-yucatan\/","title":{"rendered":"Casa en renta en Nora Quintana en M\u00e9rida Yucat\u00e1n"},"content":{"rendered":"<p><iframe loading=\"lazy\" title=\"Casa en renta en Nora Quintana en M\u00e9rida Yucat\u00e1n\" width=\"500\" height=\"281\" src=\"https:\/\/www.youtube.com\/embed\/DA5NuVC8tkE?feature=oembed\" frameborder=\"0\" allow=\"accelerometer; autoplay; clipboard-write; encrypted-media; gyroscope; picture-in-picture; web-share\" referrerpolicy=\"strict-origin-when-cross-origin\" allowfullscreen><\/iframe><\/p>\n","protected":false},"excerpt":{"rendered":"<p>Casa en esquina en renta en Nora Quintana en M\u00e9rida Yucat\u00e1n en excelente ubicaci\u00f3n ya que esta dentro de la ciudad y cuenta con todos los servicios de la ciudad.<\/p>\n<p>La casa consta de:<\/p>\n<p>Estacionamiento para 1vehiculo<\/p>\n<p>Sala comedor<\/p>\n<p>Cocina<\/p>\n<p>1 recamara con closet<\/p>\n<p>1 ba\u00f1o completo<\/p>\n<p>1 recamara con espacio de closet<\/p>\n<p>Patio con batea<\/p>\n<p>Equipamiento que cuenta son 2 aires acondicionados en las recamaras<\/p>\n","protected":false},"featured_media":6564,"comment_status":"open","ping_status":"closed","template":"","meta":[],"product_brand":[],"product_cat":[22,19,18],"product_tag":[218,191,117,190],"class_list":{"0":"post-6563","1":"product","2":"type-product","3":"status-publish","4":"has-post-thumbnail","6":"product_cat-casarenta","7":"product_cat-yucatan","8":"product_cat-yuc-renta","9":"product_tag-alquiler-de-casa","10":"product_tag-casa-en-alquiler","11":"product_tag-casa-en-renta","12":"product_tag-renta-de-casa","13":"pa_operacion-rta","14":"pa_recamaras-2rec","15":"pa_tipo-casas","16":"pa_zona-pte","18":"first","19":"instock","20":"shipping-taxable","21":"purchasable","22":"product-type-simple"},"_links":{"self":[{"href":"https:\/\/grupojaguel.com\/index.php\/wp-json\/wp\/v2\/product\/6563","targetHints":{"allow":["GET"]}}],"collection":[{"href":"https:\/\/grupojaguel.com\/index.php\/wp-json\/wp\/v2\/product"}],"about":[{"href":"https:\/\/grupojaguel.com\/index.php\/wp-json\/wp\/v2\/types\/product"}],"replies":[{"embeddable":true,"href":"https:\/\/grupojaguel.com\/index.php\/wp-json\/wp\/v2\/comments?post=6563"}],"wp:featuredmedia":[{"embeddable":true,"href":"https:\/\/grupojaguel.com\/index.php\/wp-json\/wp\/v2\/media\/6564"}],"wp:attachment":[{"href":"https:\/\/grupojaguel.com\/index.php\/wp-json\/wp\/v2\/media?parent=6563"}],"wp:term":[{"taxonomy":"product_brand","embeddable":true,"href":"https:\/\/grupojaguel.com\/index.php\/wp-json\/wp\/v2\/product_brand?post=6563"},{"taxonomy":"product_cat","embeddable":true,"href":"https:\/\/grupojaguel.com\/index.php\/wp-json\/wp\/v2\/product_cat?post=6563"},{"taxonomy":"product_tag","embeddable":true,"href":"https:\/\/grupojaguel.com\/index.php\/wp-json\/wp\/v2\/product_tag?post=6563"}],"curies":[{"name":"wp","href":"https:\/\/api.w.org\/{rel}","templated":true}]}}