{"id":6493,"date":"2026-03-11T17:38:17","date_gmt":"2026-03-11T17:38:17","guid":{"rendered":"https:\/\/grupojaguel.com\/?post_type=product&#038;p=6493"},"modified":"2026-03-11T17:38:17","modified_gmt":"2026-03-11T17:38:17","slug":"bodega-de-1000m2-en-renta-en-el-centro-de-merida-yucatan","status":"publish","type":"product","link":"https:\/\/grupojaguel.com\/index.php\/producto\/bodega-de-1000m2-en-renta-en-el-centro-de-merida-yucatan\/","title":{"rendered":"Bodega de 1000m2 en renta en el centro de M\u00e9rida Yucat\u00e1n"},"content":{"rendered":"<p><iframe loading=\"lazy\" title=\"Bodega de 1000m2 en renta en el centro de M\u00e9rida Yucat\u00e1n\" width=\"500\" height=\"281\" src=\"https:\/\/www.youtube.com\/embed\/PXEDScgA_N8?feature=oembed\" frameborder=\"0\" allow=\"accelerometer; autoplay; clipboard-write; encrypted-media; gyroscope; picture-in-picture; web-share\" referrerpolicy=\"strict-origin-when-cross-origin\" allowfullscreen><\/iframe><\/p>\n","protected":false},"excerpt":{"rendered":"<p>Bodega en renta en el centro de M\u00e9rida Yucat\u00e1n con oficinas en muy buena ubicaci\u00f3n entre el centro y el Gran Parque La plancha<\/p>\n<p>Consta de techos altos<\/p>\n<p>Superficie: 1,000m2<\/p>\n<p>Construcci\u00f3n: 985.02m2<\/p>\n<p>Las oficinas de 2 pisos<\/p>\n<p>Planta baja: 2 espacios y 1 ba\u00f1o<\/p>\n<p>Planta alta: 2 espacios y 1 ba\u00f1o<\/p>\n<p>Oficina de recepci\u00f3n es de 1 planta<\/p>\n<p>Espacio cerrado amplio con ventanas de cristal<\/p>\n<p>Ba\u00f1os para el personal<\/p>\n<p>Nota: el Mezanine no esta incluido.<\/p>\n<p>No incluye impuestos en el precio<\/p>\n<p>Requisitos:<\/p>\n<p>Mes de renta<\/p>\n<p>1 mes en dep\u00f3sito en garant\u00eda<\/p>\n<p>Aval con propiedad en M\u00e9rida o 2 mes de dep\u00f3sito en garant\u00eda<\/p>\n<p>Pago del Convenio<\/p>\n<p>&nbsp;<\/p>\n","protected":false},"featured_media":6494,"comment_status":"open","ping_status":"closed","template":"","meta":[],"product_brand":[],"product_cat":[25,19,18],"product_tag":[179,199,231],"class_list":{"0":"post-6493","1":"product","2":"type-product","3":"status-publish","4":"has-post-thumbnail","6":"product_cat-comenta","7":"product_cat-yucatan","8":"product_cat-yuc-renta","9":"product_tag-bienes-raices-en-merida","10":"product_tag-bodega-comercial-en-renta","11":"product_tag-bodega-en-alquiler","12":"pa_com-bodegas","13":"pa_tipo-propiedades-comerciales","14":"pa_zona-ctro","16":"first","17":"instock","18":"shipping-taxable","19":"purchasable","20":"product-type-simple"},"_links":{"self":[{"href":"https:\/\/grupojaguel.com\/index.php\/wp-json\/wp\/v2\/product\/6493","targetHints":{"allow":["GET"]}}],"collection":[{"href":"https:\/\/grupojaguel.com\/index.php\/wp-json\/wp\/v2\/product"}],"about":[{"href":"https:\/\/grupojaguel.com\/index.php\/wp-json\/wp\/v2\/types\/product"}],"replies":[{"embeddable":true,"href":"https:\/\/grupojaguel.com\/index.php\/wp-json\/wp\/v2\/comments?post=6493"}],"wp:featuredmedia":[{"embeddable":true,"href":"https:\/\/grupojaguel.com\/index.php\/wp-json\/wp\/v2\/media\/6494"}],"wp:attachment":[{"href":"https:\/\/grupojaguel.com\/index.php\/wp-json\/wp\/v2\/media?parent=6493"}],"wp:term":[{"taxonomy":"product_brand","embeddable":true,"href":"https:\/\/grupojaguel.com\/index.php\/wp-json\/wp\/v2\/product_brand?post=6493"},{"taxonomy":"product_cat","embeddable":true,"href":"https:\/\/grupojaguel.com\/index.php\/wp-json\/wp\/v2\/product_cat?post=6493"},{"taxonomy":"product_tag","embeddable":true,"href":"https:\/\/grupojaguel.com\/index.php\/wp-json\/wp\/v2\/product_tag?post=6493"}],"curies":[{"name":"wp","href":"https:\/\/api.w.org\/{rel}","templated":true}]}}