{"id":6441,"date":"2026-02-25T23:38:36","date_gmt":"2026-02-25T23:38:36","guid":{"rendered":"https:\/\/grupojaguel.com\/?post_type=product&#038;p=6441"},"modified":"2026-02-25T23:38:36","modified_gmt":"2026-02-25T23:38:36","slug":"terreno-con-construccion-en-renta-en-el-centro-de-playa-celestun-yucatan","status":"publish","type":"product","link":"https:\/\/grupojaguel.com\/index.php\/producto\/terreno-con-construccion-en-renta-en-el-centro-de-playa-celestun-yucatan\/","title":{"rendered":"Terreno con construcci\u00f3n en renta en el centro de playa Celest\u00fan Yucat\u00e1n"},"content":{"rendered":"","protected":false},"excerpt":{"rendered":"<p>Terreno con construcci\u00f3n en renta que necesita remodelaci\u00f3n en excelente ubicaci\u00f3n en el centro de las playas de Celest\u00fan a media esquina de la terminal de autobuses del oriente, a lado de la iglesia y frente a las canchas de basquetbol a 4 esquinas de la playa.<\/p>\n<p>Terreno: 752.40m2<\/p>\n<p>Construcci\u00f3n: 310.99m2 (dividido 69.88m2 departamentos y 241.11m2 locales)<\/p>\n<p>Medidas: 26.40m de frente por 28.50m de fondo.<\/p>\n<p>Son 7 unidades de renta.<\/p>\n","protected":false},"featured_media":6442,"comment_status":"open","ping_status":"closed","template":"","meta":[],"product_brand":[],"product_cat":[25,80,19,18],"product_tag":[179,236,156,120],"class_list":{"0":"post-6441","1":"product","2":"type-product","3":"status-publish","4":"has-post-thumbnail","6":"product_cat-comenta","7":"product_cat-yuc-terr-rta","8":"product_cat-yucatan","9":"product_cat-yuc-renta","10":"product_tag-bienes-raices-en-merida","11":"product_tag-renta-de-terreno","12":"product_tag-terreno-comercial","13":"product_tag-terreno-en-renta","14":"pa_com-locales","15":"pa_com-terrenos","16":"pa_operacion-rta","17":"pa_tipo-propiedades-comerciales","18":"pa_tipo-terreno","19":"pa_zona-pte","21":"first","22":"instock","23":"shipping-taxable","24":"purchasable","25":"product-type-simple"},"_links":{"self":[{"href":"https:\/\/grupojaguel.com\/index.php\/wp-json\/wp\/v2\/product\/6441","targetHints":{"allow":["GET"]}}],"collection":[{"href":"https:\/\/grupojaguel.com\/index.php\/wp-json\/wp\/v2\/product"}],"about":[{"href":"https:\/\/grupojaguel.com\/index.php\/wp-json\/wp\/v2\/types\/product"}],"replies":[{"embeddable":true,"href":"https:\/\/grupojaguel.com\/index.php\/wp-json\/wp\/v2\/comments?post=6441"}],"wp:featuredmedia":[{"embeddable":true,"href":"https:\/\/grupojaguel.com\/index.php\/wp-json\/wp\/v2\/media\/6442"}],"wp:attachment":[{"href":"https:\/\/grupojaguel.com\/index.php\/wp-json\/wp\/v2\/media?parent=6441"}],"wp:term":[{"taxonomy":"product_brand","embeddable":true,"href":"https:\/\/grupojaguel.com\/index.php\/wp-json\/wp\/v2\/product_brand?post=6441"},{"taxonomy":"product_cat","embeddable":true,"href":"https:\/\/grupojaguel.com\/index.php\/wp-json\/wp\/v2\/product_cat?post=6441"},{"taxonomy":"product_tag","embeddable":true,"href":"https:\/\/grupojaguel.com\/index.php\/wp-json\/wp\/v2\/product_tag?post=6441"}],"curies":[{"name":"wp","href":"https:\/\/api.w.org\/{rel}","templated":true}]}}