{"id":6425,"date":"2026-02-19T21:25:35","date_gmt":"2026-02-19T21:25:35","guid":{"rendered":"https:\/\/grupojaguel.com\/?post_type=product&#038;p=6425"},"modified":"2026-02-19T21:25:35","modified_gmt":"2026-02-19T21:25:35","slug":"departamento-en-venta-en-town-square-en-merida-yucatan","status":"publish","type":"product","link":"https:\/\/grupojaguel.com\/index.php\/producto\/departamento-en-venta-en-town-square-en-merida-yucatan\/","title":{"rendered":"Departamento en venta en Town Square en M\u00e9rida Yucat\u00e1n"},"content":{"rendered":"","protected":false},"excerpt":{"rendered":"<p>Departamento amplio fresco y con una terraza espectacular con excelente vista en venta en uno de los mejores edificios en M\u00e9rida en Town square que son 2 torres residenciales de lujo que se elevan sobre un centro comercial lifestyle, frente a plaza city center, excelente ubicaci\u00f3n cerca de todo lo necesario para vivir c\u00f3modamente. Ideal para quienes buscan confort, amplitud y un espacio al aire libre para disfrutar. El edificio cuenta con amenidades de primer nivel.<\/p>\n<p>El departamento esta en el 4to piso y cuenta con:<\/p>\n<p>Superficie: 180m2<\/p>\n<p>2 estacionamientos techados<\/p>\n<p>Sala comedor<\/p>\n<p>Cocina vestida \u00a0con parrilla de inducci\u00f3n<\/p>\n<p>1 recamara con closet, aire acondicionado, ba\u00f1o completo salida a la terraza<\/p>\n<p>1 recamara con closet y aire acondicionado<\/p>\n<p>1 ba\u00f1o completo<\/p>\n<p>Terraza amplia<\/p>\n<p>Centro de lavado y calentador de agua el\u00e9ctrico<\/p>\n<p>Recursos que se aceptan: Recurso propio y bancario<\/p>\n<p>Amenidades: Great lobby; 4 elevadores; piscina; bar; plaza comercial Lifestyle; restaurantes, oficinas, estacionamiento subterraneo<\/p>\n<p>La informaci\u00f3n y el precio de esta propiedad est\u00e1n sujetos a cambios sin previo aviso. Las im\u00e1genes y caracter\u00edsticas son representaciones generales del bien son para fines ilustrativos y no necesariamente reflejan la condici\u00f3n actual del mismo, no incluye mobiliario, equipo, decoraci\u00f3n, vegetaci\u00f3n ni veh\u00edculos. Se recomienda verificar la informaci\u00f3n de forma directa antes de realizar cualquier transacci\u00f3n. En conformidad a lo establecido en la NOM-247-2021 el precio total reflejado se ve determinado en funci\u00f3n de los montos variables de conceptos notariales, de cr\u00e9dito, dichos deber\u00e1n ser consultados con la inmobiliaria o por medio de sus consultores de conformidad a la NOM-247-2021<\/p>\n","protected":false},"featured_media":6426,"comment_status":"open","ping_status":"closed","template":"","meta":[],"product_brand":[],"product_cat":[23,19,17],"product_tag":[179,133,197,206,208],"class_list":{"0":"post-6425","1":"product","2":"type-product","3":"status-publish","4":"has-post-thumbnail","6":"product_cat-dtoventa","7":"product_cat-yucatan","8":"product_cat-yuc-venta","9":"product_tag-bienes-raices-en-merida","10":"product_tag-departamento-en-renta","11":"product_tag-departamento-en-venta-en-merida","12":"product_tag-depto-en-venta","13":"product_tag-venta-departamento","14":"pa_operacion-vta","15":"pa_recamaras-2rec","16":"pa_tipo-departamentos-y-townhouse","17":"pa_zona-nte","19":"first","20":"instock","21":"shipping-taxable","22":"purchasable","23":"product-type-simple"},"_links":{"self":[{"href":"https:\/\/grupojaguel.com\/index.php\/wp-json\/wp\/v2\/product\/6425","targetHints":{"allow":["GET"]}}],"collection":[{"href":"https:\/\/grupojaguel.com\/index.php\/wp-json\/wp\/v2\/product"}],"about":[{"href":"https:\/\/grupojaguel.com\/index.php\/wp-json\/wp\/v2\/types\/product"}],"replies":[{"embeddable":true,"href":"https:\/\/grupojaguel.com\/index.php\/wp-json\/wp\/v2\/comments?post=6425"}],"wp:featuredmedia":[{"embeddable":true,"href":"https:\/\/grupojaguel.com\/index.php\/wp-json\/wp\/v2\/media\/6426"}],"wp:attachment":[{"href":"https:\/\/grupojaguel.com\/index.php\/wp-json\/wp\/v2\/media?parent=6425"}],"wp:term":[{"taxonomy":"product_brand","embeddable":true,"href":"https:\/\/grupojaguel.com\/index.php\/wp-json\/wp\/v2\/product_brand?post=6425"},{"taxonomy":"product_cat","embeddable":true,"href":"https:\/\/grupojaguel.com\/index.php\/wp-json\/wp\/v2\/product_cat?post=6425"},{"taxonomy":"product_tag","embeddable":true,"href":"https:\/\/grupojaguel.com\/index.php\/wp-json\/wp\/v2\/product_tag?post=6425"}],"curies":[{"name":"wp","href":"https:\/\/api.w.org\/{rel}","templated":true}]}}