{"id":6415,"date":"2026-02-18T23:54:02","date_gmt":"2026-02-18T23:54:02","guid":{"rendered":"https:\/\/grupojaguel.com\/?post_type=product&#038;p=6415"},"modified":"2026-02-18T23:54:02","modified_gmt":"2026-02-18T23:54:02","slug":"departamento-amueblado-en-renta-en-paseos-de-merida-tixcacal-en-merida-yucatan","status":"publish","type":"product","link":"https:\/\/grupojaguel.com\/index.php\/producto\/departamento-amueblado-en-renta-en-paseos-de-merida-tixcacal-en-merida-yucatan\/","title":{"rendered":"Departamento amueblado en renta en Paseos de M\u00e9rida Tixcacal en M\u00e9rida Yucat\u00e1n"},"content":{"rendered":"<p><iframe loading=\"lazy\" title=\"Departamento amueblado en renta en Paseos de M\u00e9rida Tixcacal en M\u00e9rida Yucat\u00e1n\" width=\"500\" height=\"281\" src=\"https:\/\/www.youtube.com\/embed\/1ji3mFA7ils?feature=oembed\" frameborder=\"0\" allow=\"accelerometer; autoplay; clipboard-write; encrypted-media; gyroscope; picture-in-picture; web-share\" referrerpolicy=\"strict-origin-when-cross-origin\" allowfullscreen><\/iframe><\/p>\n","protected":false},"excerpt":{"rendered":"<p>Departamento semi amueblado de una sola planta en planta baja al poniente de M\u00e9rida Yucat\u00e1n en fraccionamiento Paseos de M\u00e9rida tixcacal, zona familiar, tranquila y segura, a unos metros de perif\u00e9rico y tan solo 10 min del aeropuerto de M\u00e9rida y a 2 cuadras del Parque de Paseos.<\/p>\n<p>Consta de:<\/p>\n<p>Terreno: 114.72<\/p>\n<p>Construcci\u00f3n: 71.92m2<\/p>\n<p>Terraza con mesita y silla<\/p>\n<p>Estacionamiento 1 veh\u00edculo<\/p>\n<p>Sala 1 pieza y comedor con mesa y 4 sillas<\/p>\n<p>Cocina con estufa, refrigerador, licuadora, trastes, ollas y gavetas<\/p>\n<p>2 recamaras con closet c\/u (1 de las recamaras tiene cama y aire acondicionado)<\/p>\n<p>\u00c1rea de lavadero<\/p>\n<p>Patio<\/p>\n","protected":false},"featured_media":6416,"comment_status":"open","ping_status":"closed","template":"","meta":[],"product_brand":[],"product_cat":[24,19,18],"product_tag":[133,186,185,187],"class_list":{"0":"post-6415","1":"product","2":"type-product","3":"status-publish","4":"has-post-thumbnail","6":"product_cat-dptorenta","7":"product_cat-yucatan","8":"product_cat-yuc-renta","9":"product_tag-departamento-en-renta","10":"product_tag-depto-en-alquiler","11":"product_tag-renta-de-departamento","12":"product_tag-renta-de-depto","13":"pa_operacion-rta","14":"pa_recamaras-2rec","15":"pa_tipo-departamentos-y-townhouse","16":"pa_zona-pte","18":"first","19":"instock","20":"shipping-taxable","21":"purchasable","22":"product-type-simple"},"_links":{"self":[{"href":"https:\/\/grupojaguel.com\/index.php\/wp-json\/wp\/v2\/product\/6415","targetHints":{"allow":["GET"]}}],"collection":[{"href":"https:\/\/grupojaguel.com\/index.php\/wp-json\/wp\/v2\/product"}],"about":[{"href":"https:\/\/grupojaguel.com\/index.php\/wp-json\/wp\/v2\/types\/product"}],"replies":[{"embeddable":true,"href":"https:\/\/grupojaguel.com\/index.php\/wp-json\/wp\/v2\/comments?post=6415"}],"wp:featuredmedia":[{"embeddable":true,"href":"https:\/\/grupojaguel.com\/index.php\/wp-json\/wp\/v2\/media\/6416"}],"wp:attachment":[{"href":"https:\/\/grupojaguel.com\/index.php\/wp-json\/wp\/v2\/media?parent=6415"}],"wp:term":[{"taxonomy":"product_brand","embeddable":true,"href":"https:\/\/grupojaguel.com\/index.php\/wp-json\/wp\/v2\/product_brand?post=6415"},{"taxonomy":"product_cat","embeddable":true,"href":"https:\/\/grupojaguel.com\/index.php\/wp-json\/wp\/v2\/product_cat?post=6415"},{"taxonomy":"product_tag","embeddable":true,"href":"https:\/\/grupojaguel.com\/index.php\/wp-json\/wp\/v2\/product_tag?post=6415"}],"curies":[{"name":"wp","href":"https:\/\/api.w.org\/{rel}","templated":true}]}}