{"id":6399,"date":"2026-02-17T21:05:40","date_gmt":"2026-02-17T21:05:40","guid":{"rendered":"https:\/\/grupojaguel.com\/?post_type=product&#038;p=6399"},"modified":"2026-02-17T21:05:40","modified_gmt":"2026-02-17T21:05:40","slug":"casa-nueva-en-venta-en-tixcacal-opichen-en-merida-yucatan","status":"publish","type":"product","link":"https:\/\/grupojaguel.com\/index.php\/producto\/casa-nueva-en-venta-en-tixcacal-opichen-en-merida-yucatan\/","title":{"rendered":"Casa nueva en venta en Tixcacal Opichen en M\u00e9rida Yucat\u00e1n"},"content":{"rendered":"<p><iframe loading=\"lazy\" title=\"Casa nueva en venta en Tixcacal Opichen en M\u00e9rida Yucat\u00e1n #realestate #ventacasa #bienesraices\" width=\"422\" height=\"750\" src=\"https:\/\/www.youtube.com\/embed\/-11oGUW0HwQ?feature=oembed\" frameborder=\"0\" allow=\"accelerometer; autoplay; clipboard-write; encrypted-media; gyroscope; picture-in-picture; web-share\" referrerpolicy=\"strict-origin-when-cross-origin\" allowfullscreen><\/iframe><\/p>\n","protected":false},"excerpt":{"rendered":"<p>Casa nueva en venta en Tixcacal Opichen en M\u00e9rida Yucat\u00e1n en excelente ubicaci\u00f3n ya que se encuentra dentro de la ciudad por lo que podr\u00e1s encontrar parques con \u00e1reas verdes y canchas, tiendas de convivencia, abarrotes, escuelas y servicios a solo unos minutos de tu hogar, gracias a su cercan\u00eda con el perif\u00e9rico, moverte a cualquier punto de M\u00e9rida es r\u00e1pido, f\u00e1cil y c\u00f3modo.<\/p>\n<p>Tipos de cr\u00e9ditos que se aceptan: Infonavit, fovissste, recurso propio y bancario<\/p>\n<p>La casa es de 2 pisos y consta de:<\/p>\n<p>Terreno desde 89m2 a 124m2<\/p>\n<p>Medidas: 5m de frente por 24.8m de fondo<\/p>\n<p>Superficie: 75m2<\/p>\n<p>PLANTA BAJA<\/p>\n<p>Sala y comedor<\/p>\n<p>Cocina con barra desayunador<\/p>\n<p>Medio ba\u00f1o de visitas<\/p>\n<p>PLANTA ALTA<\/p>\n<p>2 recamaras con espacio de closet<\/p>\n<p>1 ba\u00f1o completo<\/p>\n<p>Entrega Inmediata<\/p>\n<p>Los servicios que cuenta el desarrollo: Agua, Luz, recolecci\u00f3n de basura e internet fibra \u00f3ptica<\/p>\n<p>APARTADO: Infonavit y cr\u00e9dito bancario: $5,000; Fovissste: $12,000; Recurso propio: $5,000 y 50% de anticipo de valor de vivienda. En caso de solicitud de devoluci\u00f3n, es importante constatar que no es reembolsable el apartado.<\/p>\n<p>La informaci\u00f3n y el precio de esta propiedad est\u00e1n sujetos a cambios sin previo aviso. Las im\u00e1genes y caracter\u00edsticas son representaciones generales del bien son para fines ilustrativos y no necesariamente reflejan la condici\u00f3n actual del mismo, no incluye mobiliario, equipo, decoraci\u00f3n, vegetaci\u00f3n ni veh\u00edculos. Se recomienda verificar la informaci\u00f3n de forma directa antes de realizar cualquier transacci\u00f3n. En conformidad a lo establecido en la NOM-247-2021 el precio total reflejado se ve determinado en funci\u00f3n de los montos variables de conceptos notariales, de cr\u00e9dito, dichos deber\u00e1n ser consultados con la inmobiliaria o por medio de sus consultores de conformidad a la NOM-247-2021<\/p>\n","protected":false},"featured_media":6400,"comment_status":"open","ping_status":"closed","template":"","meta":[],"product_brand":[],"product_cat":[21,19,17],"product_tag":[179,203,166,209],"class_list":{"0":"post-6399","1":"product","2":"type-product","3":"status-publish","4":"has-post-thumbnail","6":"product_cat-casas","7":"product_cat-yucatan","8":"product_cat-yuc-venta","9":"product_tag-bienes-raices-en-merida","10":"product_tag-casa-nueva-en-venta","11":"product_tag-venta-de-casa","12":"product_tag-venta-de-casa-en-merida","13":"pa_operacion-vta","14":"pa_recamaras-2rec","15":"pa_tipo-casas","16":"pa_zona-pte","18":"first","19":"instock","20":"shipping-taxable","21":"purchasable","22":"product-type-simple"},"_links":{"self":[{"href":"https:\/\/grupojaguel.com\/index.php\/wp-json\/wp\/v2\/product\/6399","targetHints":{"allow":["GET"]}}],"collection":[{"href":"https:\/\/grupojaguel.com\/index.php\/wp-json\/wp\/v2\/product"}],"about":[{"href":"https:\/\/grupojaguel.com\/index.php\/wp-json\/wp\/v2\/types\/product"}],"replies":[{"embeddable":true,"href":"https:\/\/grupojaguel.com\/index.php\/wp-json\/wp\/v2\/comments?post=6399"}],"wp:featuredmedia":[{"embeddable":true,"href":"https:\/\/grupojaguel.com\/index.php\/wp-json\/wp\/v2\/media\/6400"}],"wp:attachment":[{"href":"https:\/\/grupojaguel.com\/index.php\/wp-json\/wp\/v2\/media?parent=6399"}],"wp:term":[{"taxonomy":"product_brand","embeddable":true,"href":"https:\/\/grupojaguel.com\/index.php\/wp-json\/wp\/v2\/product_brand?post=6399"},{"taxonomy":"product_cat","embeddable":true,"href":"https:\/\/grupojaguel.com\/index.php\/wp-json\/wp\/v2\/product_cat?post=6399"},{"taxonomy":"product_tag","embeddable":true,"href":"https:\/\/grupojaguel.com\/index.php\/wp-json\/wp\/v2\/product_tag?post=6399"}],"curies":[{"name":"wp","href":"https:\/\/api.w.org\/{rel}","templated":true}]}}