{"id":6350,"date":"2026-02-12T21:54:18","date_gmt":"2026-02-12T21:54:18","guid":{"rendered":"https:\/\/grupojaguel.com\/?post_type=product&#038;p=6350"},"modified":"2026-02-12T21:54:18","modified_gmt":"2026-02-12T21:54:18","slug":"casa-residencial-en-venta-en-privada-aire-puro-en-san-ignacio-progreso-yucatan","status":"publish","type":"product","link":"https:\/\/grupojaguel.com\/index.php\/producto\/casa-residencial-en-venta-en-privada-aire-puro-en-san-ignacio-progreso-yucatan\/","title":{"rendered":"Casa residencial en venta en privada Aire Puro en San Ignacio progreso Yucat\u00e1n"},"content":{"rendered":"","protected":false},"excerpt":{"rendered":"<p>Casa residencial en venta en la privada AirePuro es un desarrollo de 136 lotes residenciales dise\u00f1ado para ofrecer a sus habitantes espacios amplios y naturales que les permitan conectar armoniosamente consigo mismos, se encuentra ubicado a s\u00f3lo 500 metros de la carretera M\u00e9rida \u2013 Progreso. Es una ubicaci\u00f3n privilegiada al norte de la ciudad, a menos de 10 minutos de las principales plazas, escuelas y hospitales de M\u00e9rida. Tambi\u00e9n se encuentra pr\u00f3ximo a Progreso, donde podr\u00e1s disfrutar de la playa todos los fines de semana y los periodos vacacionales.<\/p>\n<p>Terreno: 270m2<\/p>\n<p>Construcci\u00f3n: 260m2<br \/>\nPLANTA BAJA<\/p>\n<p>Cochera para 4 veh\u00edculos (2 techados y 2 sin techar)<\/p>\n<p>Sala a doble altura<\/p>\n<p>Cocina integral y desayunador con parrilla de gas integrada en la barra desayunador, carpinter\u00eda en la parte abajo.<\/p>\n<p>Ba\u00f1o completo para visitas y piscina<\/p>\n<p>Terraza y piscina de 2.5 x 5.5 con acabado de chukum con bomba de recirculaci\u00f3n y pozo propio<\/p>\n<p>Jard\u00edn<\/p>\n<p>Cuarto de servicio<\/p>\n<p>PLANTA ALTA<\/p>\n<p>3 habitaciones con ba\u00f1o completo (la habitaci\u00f3n principal con closet vestidor) incluye ventiladores y aire acondicionado<\/p>\n<p>AMENIDADES<\/p>\n<p>Casa Club; Piscina; Canal de nado; Gimnasio; pista jogging; cancha de padel; cancha de futbol; \u00e1reas verdes, parques; \u00e1rea recreativa para ni\u00f1os; Sal\u00f3n de ventos; Sal\u00f3n de masajes; Kid\u00b4s club.<\/p>\n<p>La informaci\u00f3n y el precio de esta propiedad est\u00e1n sujetos a cambios sin previo aviso. Las im\u00e1genes y caracter\u00edsticas son representaciones generales del bien son para fines ilustrativos y no necesariamente reflejan la condici\u00f3n actual del mismo, no incluye mobiliario, equipo, decoraci\u00f3n, vegetaci\u00f3n ni veh\u00edculos. Se recomienda verificar la informaci\u00f3n de forma directa antes de realizar cualquier transacci\u00f3n. En conformidad a lo establecido en la NOM-247-2021 el precio total reflejado se ve determinado en funci\u00f3n de los montos variables de conceptos notariales, de cr\u00e9dito, dichos deber\u00e1n ser consultados con la inmobiliaria o por medio de sus consultores de conformidad a la NOM-247-2021<\/p>\n","protected":false},"featured_media":6351,"comment_status":"open","ping_status":"closed","template":"","meta":[],"product_brand":[],"product_cat":[21,57,19,17],"product_tag":[179,40,222,166,210],"class_list":{"0":"post-6350","1":"product","2":"type-product","3":"status-publish","4":"has-post-thumbnail","6":"product_cat-casas","7":"product_cat-yuc-vta-priv","8":"product_cat-yucatan","9":"product_cat-yuc-venta","10":"product_tag-bienes-raices-en-merida","11":"product_tag-casa-en-venta","12":"product_tag-casa-en-venta-en-privada","13":"product_tag-venta-de-casa","14":"product_tag-venta-de-casa-en-privada","15":"pa_operacion-vta","16":"pa_recamaras-3rec","17":"pa_tipo-casas","18":"pa_tipo-priv","19":"pa_zona-nte","21":"first","22":"instock","23":"shipping-taxable","24":"purchasable","25":"product-type-simple"},"_links":{"self":[{"href":"https:\/\/grupojaguel.com\/index.php\/wp-json\/wp\/v2\/product\/6350","targetHints":{"allow":["GET"]}}],"collection":[{"href":"https:\/\/grupojaguel.com\/index.php\/wp-json\/wp\/v2\/product"}],"about":[{"href":"https:\/\/grupojaguel.com\/index.php\/wp-json\/wp\/v2\/types\/product"}],"replies":[{"embeddable":true,"href":"https:\/\/grupojaguel.com\/index.php\/wp-json\/wp\/v2\/comments?post=6350"}],"wp:featuredmedia":[{"embeddable":true,"href":"https:\/\/grupojaguel.com\/index.php\/wp-json\/wp\/v2\/media\/6351"}],"wp:attachment":[{"href":"https:\/\/grupojaguel.com\/index.php\/wp-json\/wp\/v2\/media?parent=6350"}],"wp:term":[{"taxonomy":"product_brand","embeddable":true,"href":"https:\/\/grupojaguel.com\/index.php\/wp-json\/wp\/v2\/product_brand?post=6350"},{"taxonomy":"product_cat","embeddable":true,"href":"https:\/\/grupojaguel.com\/index.php\/wp-json\/wp\/v2\/product_cat?post=6350"},{"taxonomy":"product_tag","embeddable":true,"href":"https:\/\/grupojaguel.com\/index.php\/wp-json\/wp\/v2\/product_tag?post=6350"}],"curies":[{"name":"wp","href":"https:\/\/api.w.org\/{rel}","templated":true}]}}