{"id":6286,"date":"2026-02-06T23:54:05","date_gmt":"2026-02-06T23:54:05","guid":{"rendered":"https:\/\/grupojaguel.com\/?post_type=product&#038;p=6286"},"modified":"2026-02-06T23:54:05","modified_gmt":"2026-02-06T23:54:05","slug":"casa-en-venta-en-san-juan-bautista-en-merida-yucatan","status":"publish","type":"product","link":"https:\/\/grupojaguel.com\/index.php\/producto\/casa-en-venta-en-san-juan-bautista-en-merida-yucatan\/","title":{"rendered":"Casa en venta en San Juan Bautista en M\u00e9rida Yucat\u00e1n"},"content":{"rendered":"<p><iframe loading=\"lazy\" title=\"Casa en venta en San Juan Bautista en M\u00e9rida Yucat\u00e1n.\" width=\"500\" height=\"281\" src=\"https:\/\/www.youtube.com\/embed\/wxIKyXPHbbM?feature=oembed\" frameborder=\"0\" allow=\"accelerometer; autoplay; clipboard-write; encrypted-media; gyroscope; picture-in-picture; web-share\" referrerpolicy=\"strict-origin-when-cross-origin\" allowfullscreen><\/iframe><\/p>\n","protected":false},"excerpt":{"rendered":"<p>Casa nueva en venta en San Juan Bautista en M\u00e9rida Yucat\u00e1n con una excelente ubicaci\u00f3n en san juan bautista, importante zona en consolidaci\u00f3n y crecimiento, entre desarrollos consolidados como real montejo y gran santa fe norte, entre Dzitya y gran santa fe, con gran conectividad por su acceso directo al perif\u00e9rico.<\/p>\n<p>La casa consta de 2 plantas:<\/p>\n<p>Terreno: 197.39m2<\/p>\n<p>Construcci\u00f3n: 178.21m2<\/p>\n<p>Medidas: 10 x 20 (figura ligeramente irregular)<\/p>\n<p>PLANTA BAJA<\/p>\n<p>Estacionamiento techado para 2 autos<\/p>\n<p>Sala amplia con jard\u00edn interior que brinda luz y frescura<\/p>\n<p>Comedor con iluminaci\u00f3n natural<\/p>\n<p>Cocina amplia con 5 quemadores y con \u00e1rea de alacena<\/p>\n<p>Medio ba\u00f1o de visita<\/p>\n<p>Cuarto de servicio con ba\u00f1o<\/p>\n<p>Bodega<\/p>\n<p>Patio<\/p>\n<p>PLANTA ALTA<\/p>\n<p>2 recamaras con closet vestidor y ba\u00f1o completo c\/u<\/p>\n<p>1 estudio<\/p>\n<p>Cuenta con cisterna, presurizador, pozo profundo y contrato de agua<\/p>\n<p>TIPO DE RECURSOS QUE SE ACEPTAN: recurso propio y bancarios<\/p>\n<p>La informaci\u00f3n y el precio de esta propiedad est\u00e1n sujetos a cambios sin previo aviso. Las im\u00e1genes y caracter\u00edsticas son representaciones generales del bien son para fines ilustrativos y no necesariamente reflejan la condici\u00f3n actual del mismo, no incluye mobiliario, equipo, decoraci\u00f3n, vegetaci\u00f3n ni veh\u00edculos. Se recomienda verificar la informaci\u00f3n de forma directa antes de realizar cualquier transacci\u00f3n. En conformidad a lo establecido en la NOM-247-2021 el precio total reflejado se ve determinado en funci\u00f3n de los montos variables de conceptos notariales, de cr\u00e9dito, dichos deber\u00e1n ser consultados con la inmobiliaria o por medio de sus consultores de conformidad a la NOM-247-2021<\/p>\n","protected":false},"featured_media":6287,"comment_status":"open","ping_status":"closed","template":"","meta":[],"product_brand":[],"product_cat":[21,19,17],"product_tag":[179,40,168,166],"class_list":{"0":"post-6286","1":"product","2":"type-product","3":"status-publish","4":"has-post-thumbnail","6":"product_cat-casas","7":"product_cat-yucatan","8":"product_cat-yuc-venta","9":"product_tag-bienes-raices-en-merida","10":"product_tag-casa-en-venta","11":"product_tag-casa-en-venta-en-merida","12":"product_tag-venta-de-casa","13":"pa_operacion-vta","14":"pa_recamaras-2rec","15":"pa_tipo-casas","16":"pa_zona-pte","18":"first","19":"instock","20":"shipping-taxable","21":"purchasable","22":"product-type-simple"},"_links":{"self":[{"href":"https:\/\/grupojaguel.com\/index.php\/wp-json\/wp\/v2\/product\/6286","targetHints":{"allow":["GET"]}}],"collection":[{"href":"https:\/\/grupojaguel.com\/index.php\/wp-json\/wp\/v2\/product"}],"about":[{"href":"https:\/\/grupojaguel.com\/index.php\/wp-json\/wp\/v2\/types\/product"}],"replies":[{"embeddable":true,"href":"https:\/\/grupojaguel.com\/index.php\/wp-json\/wp\/v2\/comments?post=6286"}],"wp:featuredmedia":[{"embeddable":true,"href":"https:\/\/grupojaguel.com\/index.php\/wp-json\/wp\/v2\/media\/6287"}],"wp:attachment":[{"href":"https:\/\/grupojaguel.com\/index.php\/wp-json\/wp\/v2\/media?parent=6286"}],"wp:term":[{"taxonomy":"product_brand","embeddable":true,"href":"https:\/\/grupojaguel.com\/index.php\/wp-json\/wp\/v2\/product_brand?post=6286"},{"taxonomy":"product_cat","embeddable":true,"href":"https:\/\/grupojaguel.com\/index.php\/wp-json\/wp\/v2\/product_cat?post=6286"},{"taxonomy":"product_tag","embeddable":true,"href":"https:\/\/grupojaguel.com\/index.php\/wp-json\/wp\/v2\/product_tag?post=6286"}],"curies":[{"name":"wp","href":"https:\/\/api.w.org\/{rel}","templated":true}]}}