{"id":6270,"date":"2026-02-05T18:15:48","date_gmt":"2026-02-05T18:15:48","guid":{"rendered":"https:\/\/grupojaguel.com\/?post_type=product&#038;p=6270"},"modified":"2026-02-05T18:15:48","modified_gmt":"2026-02-05T18:15:48","slug":"terreno-con-construccion-en-venta-en-colonia-maya-en-merida-yucatan","status":"publish","type":"product","link":"https:\/\/grupojaguel.com\/index.php\/producto\/terreno-con-construccion-en-venta-en-colonia-maya-en-merida-yucatan\/","title":{"rendered":"Terreno con construcci\u00f3n en venta en Colonia Maya en M\u00e9rida Yucat\u00e1n"},"content":{"rendered":"<p><iframe loading=\"lazy\" title=\"Terreno con construcci\u00f3n en venta en Colonia Maya en M\u00e9rida Yucat\u00e1n\" width=\"500\" height=\"281\" src=\"https:\/\/www.youtube.com\/embed\/a7QOZDG8uvg?feature=oembed\" frameborder=\"0\" allow=\"accelerometer; autoplay; clipboard-write; encrypted-media; gyroscope; picture-in-picture; web-share\" referrerpolicy=\"strict-origin-when-cross-origin\" allowfullscreen><\/iframe><\/p>\n","protected":false},"excerpt":{"rendered":"<p>Terreno en esquina con construcci\u00f3n en una zona de desarrollo constante en la colonia Maya, en excelente ubicaci\u00f3n dentro y al norte de la ciudad de M\u00e9rida Yucat\u00e1n en ubicaci\u00f3n privilegiada. Excelente para construir su casa de ensue\u00f1o o para desarrollar townhouses, departamentos.<\/p>\n<p>Superficie: 534.11m2<\/p>\n<p>Construcci\u00f3n: 119.17m2<\/p>\n<p>Medidas: frente inicia con 12.52m y termina en 16.49m<\/p>\n<p>Fondo lado izq (calle) 39.39m y dcho 27.35m<\/p>\n<p>Arboles; Saramuyo, Carambola, anona, Nance, Caimito, Zapote negro, Mango<\/p>\n<p>Tiene pozo, luz y agua potable<\/p>\n","protected":false},"featured_media":6271,"comment_status":"open","ping_status":"closed","template":"","meta":[],"product_brand":[],"product_cat":[21,27,19,17],"product_tag":[179,38,183,204,205],"class_list":{"0":"post-6270","1":"product","2":"type-product","3":"status-publish","4":"has-post-thumbnail","6":"product_cat-casas","7":"product_cat-terrventa","8":"product_cat-yucatan","9":"product_cat-yuc-venta","10":"product_tag-bienes-raices-en-merida","11":"product_tag-terreno-en-venta","12":"product_tag-venta-de-terreno","13":"product_tag-venta-de-terreno-al-norte","14":"product_tag-venta-de-terreno-en-merida","15":"pa_operacion-vta","16":"pa_tipo-casas","17":"pa_tipo-terreno","18":"pa_zona-nte","20":"first","21":"instock","22":"shipping-taxable","23":"purchasable","24":"product-type-simple"},"_links":{"self":[{"href":"https:\/\/grupojaguel.com\/index.php\/wp-json\/wp\/v2\/product\/6270","targetHints":{"allow":["GET"]}}],"collection":[{"href":"https:\/\/grupojaguel.com\/index.php\/wp-json\/wp\/v2\/product"}],"about":[{"href":"https:\/\/grupojaguel.com\/index.php\/wp-json\/wp\/v2\/types\/product"}],"replies":[{"embeddable":true,"href":"https:\/\/grupojaguel.com\/index.php\/wp-json\/wp\/v2\/comments?post=6270"}],"wp:featuredmedia":[{"embeddable":true,"href":"https:\/\/grupojaguel.com\/index.php\/wp-json\/wp\/v2\/media\/6271"}],"wp:attachment":[{"href":"https:\/\/grupojaguel.com\/index.php\/wp-json\/wp\/v2\/media?parent=6270"}],"wp:term":[{"taxonomy":"product_brand","embeddable":true,"href":"https:\/\/grupojaguel.com\/index.php\/wp-json\/wp\/v2\/product_brand?post=6270"},{"taxonomy":"product_cat","embeddable":true,"href":"https:\/\/grupojaguel.com\/index.php\/wp-json\/wp\/v2\/product_cat?post=6270"},{"taxonomy":"product_tag","embeddable":true,"href":"https:\/\/grupojaguel.com\/index.php\/wp-json\/wp\/v2\/product_tag?post=6270"}],"curies":[{"name":"wp","href":"https:\/\/api.w.org\/{rel}","templated":true}]}}