{"id":6237,"date":"2026-01-30T20:03:22","date_gmt":"2026-01-30T20:03:22","guid":{"rendered":"https:\/\/grupojaguel.com\/?post_type=product&#038;p=6237"},"modified":"2026-01-30T20:03:22","modified_gmt":"2026-01-30T20:03:22","slug":"casa-en-venta-en-privada-en-santa-gertrudis-copo-en-merida-yucatan","status":"publish","type":"product","link":"https:\/\/grupojaguel.com\/index.php\/producto\/casa-en-venta-en-privada-en-santa-gertrudis-copo-en-merida-yucatan\/","title":{"rendered":"Casa en venta en privada en Santa Gertrudis Copo en M\u00e9rida Yucat\u00e1n"},"content":{"rendered":"<p><iframe loading=\"lazy\" title=\"Casa en venta en privada en Santa Gertrudis Copo en M\u00e9rida Yucat\u00e1n\" width=\"500\" height=\"281\" src=\"https:\/\/www.youtube.com\/embed\/Nnnj3fHLq6A?feature=oembed\" frameborder=\"0\" allow=\"accelerometer; autoplay; clipboard-write; encrypted-media; gyroscope; picture-in-picture; web-share\" referrerpolicy=\"strict-origin-when-cross-origin\" allowfullscreen><\/iframe><\/p>\n","protected":false},"excerpt":{"rendered":"<p>Casa nueva en venta en Privada en Santa Gertrudis Copo en excelente ubicaci\u00f3n a 2Km de Plaza la Isla y de el Hospital el Faro, al norte de la ciudad en una zona segura, tranquila y familiar.<\/p>\n<p>La casa de 2 pisos con orientaci\u00f3n este-oeste y conta de:<\/p>\n<p>Terreno: 279m2<\/p>\n<p>Construcci\u00f3n: 300m2<\/p>\n<p>Medidas: 9.60m de frente por 29m de fondo (figura ligeramente irregular)<\/p>\n<p>Cuota de Mantenimiento: $1,600<\/p>\n<p>Entrega Inmediata<\/p>\n<p>PLANTA BAJA<\/p>\n<p>Garaje techado para 2 autos,<\/p>\n<p>Vest\u00edbulo de acceso doble altura,<\/p>\n<p>Sala comedor,<\/p>\n<p>Cocina integral con isla desayunador y alacena (estufa 6 quemadores y campana Across o similar)<\/p>\n<p>1\/2 ba\u00f1o de visitas.<\/p>\n<p>Rec\u00e1mara con ba\u00f1o, closet y terraza con acceso independiente por el pasillo de servicio.<\/p>\n<p>Cuarto de tendido, cuarto de lavado, cuarto de servicio con ba\u00f1o.<\/p>\n<p>Terraza techada, piscina de 2.80 x 5.50 metros con acabado tipo mosaico, l\u00e1mpara subacu\u00e1tica y preparada para recibir sistema de filtraci\u00f3n.<\/p>\n<p>jardines.<\/p>\n<p>pasillo de servicio.<\/p>\n<p>PLANTA ALTA<\/p>\n<p>2 rec\u00e1maras con ba\u00f1o vestidor, balc\u00f3n y ba\u00f1o completo c\/u.<\/p>\n<p>1 rec\u00e1mara con ba\u00f1o, closet y balc\u00f3n.<\/p>\n<p>\u00c1rea para blancos en el pasillo.<\/p>\n<p>Preparada para recibir 7 aires acondicionados; instalaci\u00f3n gas LP en cocina y lavander\u00eda, voz y dato con instalaciones ocultas, Tres pozos; dos de llenado y uno de desag\u00fce y absorci\u00f3n. Cisterna, tinaco Rotoplas 1,100 lts y Biodigestor 1,400 lts. Dos bombas sumergibles 0.5 HP para recolecci\u00f3n (cisterna y piscina). No cuenta con toma de agua potable JAPAY y no cuenta con impermeabilizante.<\/p>\n<p>AMENIDADES: P\u00f3rtico de seguridad 24\/7; 32 lotes residenciales; \u00e1reas verdes y Parque Central con amenidades, alberca, \u00e1rea de juegos infantiles, cancha de tenis<\/p>\n<p>METODOS DE PAGO: Recursos propios y\/o cr\u00e9ditos bancarios (No apartados; s\u00f3lo carta intensi\u00f3n. Promesa 15% saldo escritura p\u00fablica)<\/p>\n<p>La informaci\u00f3n y el precio de esta propiedad est\u00e1n sujetos a cambios sin previo aviso. Las im\u00e1genes y caracter\u00edsticas son representaciones generales del bien son para fines ilustrativos y no necesariamente reflejan la condici\u00f3n actual del mismo, no incluye mobiliario, equipo, decoraci\u00f3n, vegetaci\u00f3n ni veh\u00edculos. Se recomienda verificar la informaci\u00f3n de forma directa antes de realizar cualquier transacci\u00f3n. En conformidad a lo establecido en la NOM-247-2021 el precio total reflejado se ve determinado en funci\u00f3n de los montos variables de conceptos notariales, de cr\u00e9dito, dichos deber\u00e1n ser consultados con la inmobiliaria o por medio de sus consultores de conformidad a la NOM-247-2021<\/p>\n","protected":false},"featured_media":6238,"comment_status":"open","ping_status":"closed","template":"","meta":[],"product_brand":[],"product_cat":[21,57,19,17],"product_tag":[40,153,168,222,166],"class_list":{"0":"post-6237","1":"product","2":"type-product","3":"status-publish","4":"has-post-thumbnail","6":"product_cat-casas","7":"product_cat-yuc-vta-priv","8":"product_cat-yucatan","9":"product_cat-yuc-venta","10":"product_tag-casa-en-venta","11":"product_tag-casa-en-venta-al-norte","12":"product_tag-casa-en-venta-en-merida","13":"product_tag-casa-en-venta-en-privada","14":"product_tag-venta-de-casa","15":"pa_operacion-vta","16":"pa_recamaras-4rec","17":"pa_tipo-casas","18":"pa_tipo-priv","19":"pa_zona-nte","21":"first","22":"instock","23":"shipping-taxable","24":"purchasable","25":"product-type-simple"},"_links":{"self":[{"href":"https:\/\/grupojaguel.com\/index.php\/wp-json\/wp\/v2\/product\/6237","targetHints":{"allow":["GET"]}}],"collection":[{"href":"https:\/\/grupojaguel.com\/index.php\/wp-json\/wp\/v2\/product"}],"about":[{"href":"https:\/\/grupojaguel.com\/index.php\/wp-json\/wp\/v2\/types\/product"}],"replies":[{"embeddable":true,"href":"https:\/\/grupojaguel.com\/index.php\/wp-json\/wp\/v2\/comments?post=6237"}],"wp:featuredmedia":[{"embeddable":true,"href":"https:\/\/grupojaguel.com\/index.php\/wp-json\/wp\/v2\/media\/6238"}],"wp:attachment":[{"href":"https:\/\/grupojaguel.com\/index.php\/wp-json\/wp\/v2\/media?parent=6237"}],"wp:term":[{"taxonomy":"product_brand","embeddable":true,"href":"https:\/\/grupojaguel.com\/index.php\/wp-json\/wp\/v2\/product_brand?post=6237"},{"taxonomy":"product_cat","embeddable":true,"href":"https:\/\/grupojaguel.com\/index.php\/wp-json\/wp\/v2\/product_cat?post=6237"},{"taxonomy":"product_tag","embeddable":true,"href":"https:\/\/grupojaguel.com\/index.php\/wp-json\/wp\/v2\/product_tag?post=6237"}],"curies":[{"name":"wp","href":"https:\/\/api.w.org\/{rel}","templated":true}]}}