{"id":6229,"date":"2026-01-30T18:02:24","date_gmt":"2026-01-30T18:02:24","guid":{"rendered":"https:\/\/grupojaguel.com\/?post_type=product&#038;p=6229"},"modified":"2026-01-30T18:02:24","modified_gmt":"2026-01-30T18:02:24","slug":"terreno-en-esquina-en-venta-en-margaritas-cholul-en-merida-yucatan","status":"publish","type":"product","link":"https:\/\/grupojaguel.com\/index.php\/producto\/terreno-en-esquina-en-venta-en-margaritas-cholul-en-merida-yucatan\/","title":{"rendered":"Terreno en esquina en venta en Margaritas Cholul en M\u00e9rida Yucat\u00e1n"},"content":{"rendered":"","protected":false},"excerpt":{"rendered":"<p>Terreno residencial en esquina en venta en Margaritas Cholul en M\u00e9rida Yucat\u00e1n en excelente ubicaci\u00f3n en el norte, zona residencial, a 2 minutos de la ciudad de M\u00e9rida Yucat\u00e1n, en sus cercan\u00edas se encuentra la Universidad Modelo, plaza Altabrisa, hospital el faro y star m\u00e9dica, restaurantes de renombre y comercios.<\/p>\n<p>El terreno consta de:<\/p>\n<p>Superficie: 442.69m2<\/p>\n<p>De figura irregular<\/p>\n<p>Libre de gravamen<\/p>\n<p>Servicios al pie de lote<\/p>\n","protected":false},"featured_media":6230,"comment_status":"open","ping_status":"closed","template":"","meta":[],"product_brand":[],"product_cat":[27,19,17],"product_tag":[179,38,183,204,205],"class_list":{"0":"post-6229","1":"product","2":"type-product","3":"status-publish","4":"has-post-thumbnail","6":"product_cat-terrventa","7":"product_cat-yucatan","8":"product_cat-yuc-venta","9":"product_tag-bienes-raices-en-merida","10":"product_tag-terreno-en-venta","11":"product_tag-venta-de-terreno","12":"product_tag-venta-de-terreno-al-norte","13":"product_tag-venta-de-terreno-en-merida","14":"pa_operacion-vta","15":"pa_tipo-terreno","16":"pa_zona-nte","18":"first","19":"instock","20":"shipping-taxable","21":"purchasable","22":"product-type-simple"},"_links":{"self":[{"href":"https:\/\/grupojaguel.com\/index.php\/wp-json\/wp\/v2\/product\/6229","targetHints":{"allow":["GET"]}}],"collection":[{"href":"https:\/\/grupojaguel.com\/index.php\/wp-json\/wp\/v2\/product"}],"about":[{"href":"https:\/\/grupojaguel.com\/index.php\/wp-json\/wp\/v2\/types\/product"}],"replies":[{"embeddable":true,"href":"https:\/\/grupojaguel.com\/index.php\/wp-json\/wp\/v2\/comments?post=6229"}],"wp:featuredmedia":[{"embeddable":true,"href":"https:\/\/grupojaguel.com\/index.php\/wp-json\/wp\/v2\/media\/6230"}],"wp:attachment":[{"href":"https:\/\/grupojaguel.com\/index.php\/wp-json\/wp\/v2\/media?parent=6229"}],"wp:term":[{"taxonomy":"product_brand","embeddable":true,"href":"https:\/\/grupojaguel.com\/index.php\/wp-json\/wp\/v2\/product_brand?post=6229"},{"taxonomy":"product_cat","embeddable":true,"href":"https:\/\/grupojaguel.com\/index.php\/wp-json\/wp\/v2\/product_cat?post=6229"},{"taxonomy":"product_tag","embeddable":true,"href":"https:\/\/grupojaguel.com\/index.php\/wp-json\/wp\/v2\/product_tag?post=6229"}],"curies":[{"name":"wp","href":"https:\/\/api.w.org\/{rel}","templated":true}]}}