{"id":6183,"date":"2026-01-27T23:32:51","date_gmt":"2026-01-27T23:32:51","guid":{"rendered":"https:\/\/grupojaguel.com\/?post_type=product&#038;p=6183"},"modified":"2026-04-20T16:14:55","modified_gmt":"2026-04-20T16:14:55","slug":"casa-en-venta-en-colonia-alvaro-obregon-en-hunucma-yucatan","status":"publish","type":"product","link":"https:\/\/grupojaguel.com\/index.php\/producto\/casa-en-venta-en-colonia-alvaro-obregon-en-hunucma-yucatan\/","title":{"rendered":"Casa en venta en colonia \u00c1lvaro Obreg\u00f3n en Hunucm\u00e1 Yucat\u00e1n"},"content":{"rendered":"<p><iframe loading=\"lazy\" title=\"Casa en venta en colonia \u00c1lvaro Obreg\u00f3n en Hunucm\u00e1 Yucat\u00e1n\" width=\"500\" height=\"281\" src=\"https:\/\/www.youtube.com\/embed\/6aHRpXj3nsU?feature=oembed\" frameborder=\"0\" allow=\"accelerometer; autoplay; clipboard-write; encrypted-media; gyroscope; picture-in-picture; web-share\" referrerpolicy=\"strict-origin-when-cross-origin\" allowfullscreen><\/iframe><\/p>\n","protected":false},"excerpt":{"rendered":"<p>Casa de una planta en venta en la Colonia \u00c1lvaro Obreg\u00f3n Hunucm\u00e1 Yucat\u00e1n, en excelente ubicaci\u00f3n dentro de la mancha urbana y del centro por lo que cuenta con todos los servicios cerca.<\/p>\n<p>Superficie: 277.14m2<\/p>\n<p>Construcci\u00f3n: 93.20m2<\/p>\n<p>Medidas: 14.05 de frente por 19.73m de fondo<\/p>\n<p>Estacionamiento para 2 veh\u00edculos<\/p>\n<p>Sala comedor cocina<\/p>\n<p>Medio Ba\u00f1o de visitas<\/p>\n<p>Cuarto con closet y ba\u00f1o completo<\/p>\n<p>Lavadero techado<\/p>\n<p>En la parte de atr\u00e1s hay una obra negra<\/p>\n","protected":false},"featured_media":6184,"comment_status":"open","ping_status":"closed","template":"","meta":[],"product_brand":[],"product_cat":[21,19,17],"product_tag":[179,40,232,166],"class_list":{"0":"post-6183","1":"product","2":"type-product","3":"status-publish","4":"has-post-thumbnail","6":"product_cat-casas","7":"product_cat-yucatan","8":"product_cat-yuc-venta","9":"product_tag-bienes-raices-en-merida","10":"product_tag-casa-en-venta","11":"product_tag-casa-en-venta-en-hunucma","12":"product_tag-venta-de-casa","13":"pa_operacion-vta","14":"pa_recamaras-1rec","15":"pa_tipo-casas","16":"pa_zona-pte","18":"first","19":"instock","20":"shipping-taxable","21":"purchasable","22":"product-type-simple"},"_links":{"self":[{"href":"https:\/\/grupojaguel.com\/index.php\/wp-json\/wp\/v2\/product\/6183","targetHints":{"allow":["GET"]}}],"collection":[{"href":"https:\/\/grupojaguel.com\/index.php\/wp-json\/wp\/v2\/product"}],"about":[{"href":"https:\/\/grupojaguel.com\/index.php\/wp-json\/wp\/v2\/types\/product"}],"replies":[{"embeddable":true,"href":"https:\/\/grupojaguel.com\/index.php\/wp-json\/wp\/v2\/comments?post=6183"}],"wp:featuredmedia":[{"embeddable":true,"href":"https:\/\/grupojaguel.com\/index.php\/wp-json\/wp\/v2\/media\/6184"}],"wp:attachment":[{"href":"https:\/\/grupojaguel.com\/index.php\/wp-json\/wp\/v2\/media?parent=6183"}],"wp:term":[{"taxonomy":"product_brand","embeddable":true,"href":"https:\/\/grupojaguel.com\/index.php\/wp-json\/wp\/v2\/product_brand?post=6183"},{"taxonomy":"product_cat","embeddable":true,"href":"https:\/\/grupojaguel.com\/index.php\/wp-json\/wp\/v2\/product_cat?post=6183"},{"taxonomy":"product_tag","embeddable":true,"href":"https:\/\/grupojaguel.com\/index.php\/wp-json\/wp\/v2\/product_tag?post=6183"}],"curies":[{"name":"wp","href":"https:\/\/api.w.org\/{rel}","templated":true}]}}