{"id":6150,"date":"2026-01-22T19:53:27","date_gmt":"2026-01-22T19:53:27","guid":{"rendered":"https:\/\/grupojaguel.com\/?post_type=product&#038;p=6150"},"modified":"2026-03-19T18:32:04","modified_gmt":"2026-03-19T18:32:04","slug":"casa-en-venta-en-caucel-ii-en-merida-yucatan","status":"publish","type":"product","link":"https:\/\/grupojaguel.com\/index.php\/producto\/casa-en-venta-en-caucel-ii-en-merida-yucatan\/","title":{"rendered":"Casa en venta en Caucel II en M\u00e9rida Yucat\u00e1n"},"content":{"rendered":"","protected":false},"excerpt":{"rendered":"<p>Casa en venta en Caucel II en M\u00e9rida Yucat\u00e1n zona nueva habitacional a unas esquinas del Viva Alegre park.<\/p>\n<p>La casa es de 2 pisos construida en 2024.<\/p>\n<p>Terreno: 137.87m2<\/p>\n<p>Construcci\u00f3n: 86.75m2<\/p>\n<p>PLANTA BAJA<\/p>\n<p>Estacionamiento para 1 vehiculo<\/p>\n<p>Sala comedor<\/p>\n<p>Cocina con barra desayunadora<\/p>\n<p>Medio ba\u00f1o de visitas<\/p>\n<p>Terraza<\/p>\n<p>Patio<\/p>\n<p>PLANTA ALTA<\/p>\n<p>2 habitaciones con closet c\/u<\/p>\n<p>1 ba\u00f1o completo<\/p>\n<p>1 estudio<\/p>\n<p>Incluye: Aire acondicionado, closet, campana de la cocina y l\u00e1mparas de la cocina<\/p>\n","protected":false},"featured_media":6151,"comment_status":"closed","ping_status":"closed","template":"","meta":[],"product_brand":[],"product_cat":[21,19,17],"product_tag":[179,40,166],"class_list":{"0":"post-6150","1":"product","2":"type-product","3":"status-publish","4":"has-post-thumbnail","6":"product_cat-casas","7":"product_cat-yucatan","8":"product_cat-yuc-venta","9":"product_tag-bienes-raices-en-merida","10":"product_tag-casa-en-venta","11":"product_tag-venta-de-casa","12":"pa_operacion-vta","13":"pa_recamaras-2rec","14":"pa_tipo-casas","15":"pa_zona-pte","17":"first","18":"instock","19":"shipping-taxable","20":"purchasable","21":"product-type-simple"},"_links":{"self":[{"href":"https:\/\/grupojaguel.com\/index.php\/wp-json\/wp\/v2\/product\/6150","targetHints":{"allow":["GET"]}}],"collection":[{"href":"https:\/\/grupojaguel.com\/index.php\/wp-json\/wp\/v2\/product"}],"about":[{"href":"https:\/\/grupojaguel.com\/index.php\/wp-json\/wp\/v2\/types\/product"}],"replies":[{"embeddable":true,"href":"https:\/\/grupojaguel.com\/index.php\/wp-json\/wp\/v2\/comments?post=6150"}],"wp:featuredmedia":[{"embeddable":true,"href":"https:\/\/grupojaguel.com\/index.php\/wp-json\/wp\/v2\/media\/6151"}],"wp:attachment":[{"href":"https:\/\/grupojaguel.com\/index.php\/wp-json\/wp\/v2\/media?parent=6150"}],"wp:term":[{"taxonomy":"product_brand","embeddable":true,"href":"https:\/\/grupojaguel.com\/index.php\/wp-json\/wp\/v2\/product_brand?post=6150"},{"taxonomy":"product_cat","embeddable":true,"href":"https:\/\/grupojaguel.com\/index.php\/wp-json\/wp\/v2\/product_cat?post=6150"},{"taxonomy":"product_tag","embeddable":true,"href":"https:\/\/grupojaguel.com\/index.php\/wp-json\/wp\/v2\/product_tag?post=6150"}],"curies":[{"name":"wp","href":"https:\/\/api.w.org\/{rel}","templated":true}]}}