{"id":6104,"date":"2026-01-19T21:48:51","date_gmt":"2026-01-19T21:48:51","guid":{"rendered":"https:\/\/grupojaguel.com\/?post_type=product&#038;p=6104"},"modified":"2026-01-19T21:48:52","modified_gmt":"2026-01-19T21:48:52","slug":"casa-en-esquina-en-venta-en-centro-de-merida-yucatan","status":"publish","type":"product","link":"https:\/\/grupojaguel.com\/index.php\/producto\/casa-en-esquina-en-venta-en-centro-de-merida-yucatan\/","title":{"rendered":"Casa en esquina en venta en Centro de M\u00e9rida Yucat\u00e1n"},"content":{"rendered":"","protected":false},"excerpt":{"rendered":"<p>Casa en esquina venta en una de las zonas m\u00e1s emblem\u00e1ticas del centro de M\u00e9rida, con acceso inmediato a diversos puntos de inter\u00e9s, ideales para vivir, invertir o desarrollar un proyecto comercial, cerca del parque San Sebasti\u00e1n y a 15 cuadras de la plaza grande, el transporte p\u00fablico pasa a 1 cuadra (vaiven e Ietram). Excelente para 4 unidades de renta tipo Airbnb.<\/p>\n<p>La casa conta de:<\/p>\n<p>Superficie del Terreno: 125.55 m\u00b2<\/p>\n<p>Superficie de Construcci\u00f3n: 181.69 m\u00b2<\/p>\n<p>Niveles: 2<\/p>\n<p>Rec\u00e1maras: 4<\/p>\n<p>Ba\u00f1os Completos: 4<\/p>\n<p>Medio ba\u00f1o: 1<\/p>\n<p>Estacionamiento: Afuera de la propiedad, calle amplia y con bajo tr\u00e1nsito.<\/p>\n<p>Estado de Conservaci\u00f3n: A remodelar<\/p>\n<p>Uso de Suelo: Residencial<\/p>\n<p>SERVICIOS E INSTALACIONES<\/p>\n<p>Electricidad: Funcional<\/p>\n<p>Agua potable: Conexi\u00f3n a JAPAY<\/p>\n<p>Drenaje: Sumidero<\/p>\n<p>Internet y telefon\u00eda: Fibra \u00f3ptica disponible \/ Servicio en la zona<\/p>\n<p>Sistema de gas: Tanque port\u00e1til<\/p>\n<p>CARACTER\u00cdSTICAS ARQUITECT\u00d3NICAS DESTACADAS.<\/p>\n<p>Techos de doble altura \u00fanicamente en parte de la casa, favoreciendo la ventilaci\u00f3n e iluminaci\u00f3n natural.<\/p>\n<p>Muros de mamposter\u00eda.<\/p>\n<p>Ventanas y puertas con Herrer\u00edas.<\/p>\n<p>3 espacios con acceso de la calle con ba\u00f1o para rentar de uso comercial.<\/p>\n<p>Se acepta recursos propios, bancarios.<\/p>\n<p>Se pide de promesa 10% con un apartado de 20,000<\/p>\n<p>La propiedad esta libre de gravamen, propiedad privada y toda la documentaci\u00f3n en regla para escriturar.<\/p>\n","protected":false},"featured_media":6122,"comment_status":"open","ping_status":"closed","template":"","meta":[],"product_brand":[],"product_cat":[21,19,17],"product_tag":[179,128,195,166,209],"class_list":{"0":"post-6104","1":"product","2":"type-product","3":"status-publish","4":"has-post-thumbnail","6":"product_cat-casas","7":"product_cat-yucatan","8":"product_cat-yuc-venta","9":"product_tag-bienes-raices-en-merida","10":"product_tag-casa-en-el-centro","11":"product_tag-casa-en-venta-en-el-centro","12":"product_tag-venta-de-casa","13":"product_tag-venta-de-casa-en-merida","14":"pa_operacion-vta","15":"pa_recamaras-4rec","16":"pa_tipo-casas","17":"pa_zona-ctro","19":"first","20":"instock","21":"shipping-taxable","22":"purchasable","23":"product-type-simple"},"_links":{"self":[{"href":"https:\/\/grupojaguel.com\/index.php\/wp-json\/wp\/v2\/product\/6104","targetHints":{"allow":["GET"]}}],"collection":[{"href":"https:\/\/grupojaguel.com\/index.php\/wp-json\/wp\/v2\/product"}],"about":[{"href":"https:\/\/grupojaguel.com\/index.php\/wp-json\/wp\/v2\/types\/product"}],"replies":[{"embeddable":true,"href":"https:\/\/grupojaguel.com\/index.php\/wp-json\/wp\/v2\/comments?post=6104"}],"wp:featuredmedia":[{"embeddable":true,"href":"https:\/\/grupojaguel.com\/index.php\/wp-json\/wp\/v2\/media\/6122"}],"wp:attachment":[{"href":"https:\/\/grupojaguel.com\/index.php\/wp-json\/wp\/v2\/media?parent=6104"}],"wp:term":[{"taxonomy":"product_brand","embeddable":true,"href":"https:\/\/grupojaguel.com\/index.php\/wp-json\/wp\/v2\/product_brand?post=6104"},{"taxonomy":"product_cat","embeddable":true,"href":"https:\/\/grupojaguel.com\/index.php\/wp-json\/wp\/v2\/product_cat?post=6104"},{"taxonomy":"product_tag","embeddable":true,"href":"https:\/\/grupojaguel.com\/index.php\/wp-json\/wp\/v2\/product_tag?post=6104"}],"curies":[{"name":"wp","href":"https:\/\/api.w.org\/{rel}","templated":true}]}}