{"id":6095,"date":"2026-01-19T19:12:29","date_gmt":"2026-01-19T19:12:29","guid":{"rendered":"https:\/\/grupojaguel.com\/?post_type=product&#038;p=6095"},"modified":"2026-01-19T19:12:29","modified_gmt":"2026-01-19T19:12:29","slug":"terreno-en-venta-en-plan-de-ayala-sur-en-merida-yucatan","status":"publish","type":"product","link":"https:\/\/grupojaguel.com\/index.php\/producto\/terreno-en-venta-en-plan-de-ayala-sur-en-merida-yucatan\/","title":{"rendered":"Terreno en venta en Plan de Ayala Sur en M\u00e9rida Yucat\u00e1n"},"content":{"rendered":"","protected":false},"excerpt":{"rendered":"<p>Terreno en venta en Plan de Ayala Sur en la ciudad de M\u00e9rida Yucat\u00e1n en excelente ubicaci\u00f3n a unas cuadras de la calle 50 que lleva a Ixmatkuil<\/p>\n<p>&nbsp;<\/p>\n<p>Caracter\u00edsticas<\/p>\n<p>Superficie: 3,085.60m2<\/p>\n<p>Construcci\u00f3n: 0m2<\/p>\n<p>Figura irregular<\/p>\n<p>Lote medianero<\/p>\n<p>Calle pavimentada<\/p>\n<p>Cuenta con luz 220v y agua potable<\/p>\n","protected":false},"featured_media":6103,"comment_status":"open","ping_status":"closed","template":"","meta":[],"product_brand":[],"product_cat":[26,27,19,17],"product_tag":[179,38,183,205],"class_list":{"0":"post-6095","1":"product","2":"type-product","3":"status-publish","4":"has-post-thumbnail","6":"product_cat-comventa","7":"product_cat-terrventa","8":"product_cat-yucatan","9":"product_cat-yuc-venta","10":"product_tag-bienes-raices-en-merida","11":"product_tag-terreno-en-venta","12":"product_tag-venta-de-terreno","13":"product_tag-venta-de-terreno-en-merida","14":"pa_com-terrenos","15":"pa_operacion-vta","16":"pa_tipo-propiedades-comerciales","17":"pa_tipo-terreno","18":"pa_zona-sur","20":"first","21":"instock","22":"shipping-taxable","23":"purchasable","24":"product-type-simple"},"_links":{"self":[{"href":"https:\/\/grupojaguel.com\/index.php\/wp-json\/wp\/v2\/product\/6095","targetHints":{"allow":["GET"]}}],"collection":[{"href":"https:\/\/grupojaguel.com\/index.php\/wp-json\/wp\/v2\/product"}],"about":[{"href":"https:\/\/grupojaguel.com\/index.php\/wp-json\/wp\/v2\/types\/product"}],"replies":[{"embeddable":true,"href":"https:\/\/grupojaguel.com\/index.php\/wp-json\/wp\/v2\/comments?post=6095"}],"wp:featuredmedia":[{"embeddable":true,"href":"https:\/\/grupojaguel.com\/index.php\/wp-json\/wp\/v2\/media\/6103"}],"wp:attachment":[{"href":"https:\/\/grupojaguel.com\/index.php\/wp-json\/wp\/v2\/media?parent=6095"}],"wp:term":[{"taxonomy":"product_brand","embeddable":true,"href":"https:\/\/grupojaguel.com\/index.php\/wp-json\/wp\/v2\/product_brand?post=6095"},{"taxonomy":"product_cat","embeddable":true,"href":"https:\/\/grupojaguel.com\/index.php\/wp-json\/wp\/v2\/product_cat?post=6095"},{"taxonomy":"product_tag","embeddable":true,"href":"https:\/\/grupojaguel.com\/index.php\/wp-json\/wp\/v2\/product_tag?post=6095"}],"curies":[{"name":"wp","href":"https:\/\/api.w.org\/{rel}","templated":true}]}}