{"id":6070,"date":"2026-01-19T17:16:03","date_gmt":"2026-01-19T17:16:03","guid":{"rendered":"https:\/\/grupojaguel.com\/?post_type=product&#038;p=6070"},"modified":"2026-01-19T17:16:04","modified_gmt":"2026-01-19T17:16:04","slug":"casa-amueblada-en-renta-en-san-jose-vergel-en-merida-yucatan-en-zona-oriente","status":"publish","type":"product","link":"https:\/\/grupojaguel.com\/index.php\/producto\/casa-amueblada-en-renta-en-san-jose-vergel-en-merida-yucatan-en-zona-oriente\/","title":{"rendered":"Casa amueblada en renta en San Jos\u00e9 Vergel en M\u00e9rida Yucat\u00e1n en zona Oriente."},"content":{"rendered":"<p><iframe loading=\"lazy\" title=\"Casa amueblada en renta en San Jos\u00e9 Vergel en M\u00e9rida Yucat\u00e1n en zona Oriente.\" width=\"500\" height=\"281\" src=\"https:\/\/www.youtube.com\/embed\/yxxsJE7QtFc?feature=oembed\" frameborder=\"0\" allow=\"accelerometer; autoplay; clipboard-write; encrypted-media; gyroscope; picture-in-picture; web-share\" referrerpolicy=\"strict-origin-when-cross-origin\" allowfullscreen><\/iframe><\/p>\n","protected":false},"excerpt":{"rendered":"<p>Casa amueblada de una planta en renta en colonia San Jos\u00e9 Vergel en M\u00e9rida Yucat\u00e1n en zona oriente en excelente ubicaci\u00f3n a 1 esquina de la avenida principal Quetzalc\u00f3atl y a 1 del parque San Jos\u00e9 Vergel II<\/p>\n<p>Superficie: 247.50m2<\/p>\n<p>Construcci\u00f3n: 186.90m2<\/p>\n<p>Medidas: 8.25m de frente por 30m de fondo.<\/p>\n<p>Estacionamiento para 2 veh\u00edculos (1 techado y uno sin techar)<\/p>\n<p>Sala con chimenea decorativa<\/p>\n<p>Comedor de 6 piezas y ventilador<\/p>\n<p>Cocina con parrilla y refrigerador<\/p>\n<p>1 recamara con ventilador, cama y closet de cemento abierto<\/p>\n<p>1 recamara con cama, clima \u00a0y closet de cemento abierto<\/p>\n<p>2 ba\u00f1os completo<\/p>\n<p>Lavadero techado<\/p>\n<p>Patio<\/p>\n<p>NOTA.- No se aceptan mascotas<\/p>\n","protected":false},"featured_media":6071,"comment_status":"open","ping_status":"closed","template":"","meta":[],"product_brand":[],"product_cat":[22,19,18],"product_tag":[218,179,147,117,30],"class_list":{"0":"post-6070","1":"product","2":"type-product","3":"status-publish","4":"has-post-thumbnail","6":"product_cat-casarenta","7":"product_cat-yucatan","8":"product_cat-yuc-renta","9":"product_tag-alquiler-de-casa","10":"product_tag-bienes-raices-en-merida","11":"product_tag-casa-amueblada-en-renta","12":"product_tag-casa-en-renta","13":"product_tag-inmobiliaria","14":"pa_operacion-rta","15":"pa_recamaras-2rec","16":"pa_tipo-casas","17":"pa_zona-ote","19":"first","20":"instock","21":"shipping-taxable","22":"purchasable","23":"product-type-simple"},"_links":{"self":[{"href":"https:\/\/grupojaguel.com\/index.php\/wp-json\/wp\/v2\/product\/6070","targetHints":{"allow":["GET"]}}],"collection":[{"href":"https:\/\/grupojaguel.com\/index.php\/wp-json\/wp\/v2\/product"}],"about":[{"href":"https:\/\/grupojaguel.com\/index.php\/wp-json\/wp\/v2\/types\/product"}],"replies":[{"embeddable":true,"href":"https:\/\/grupojaguel.com\/index.php\/wp-json\/wp\/v2\/comments?post=6070"}],"wp:featuredmedia":[{"embeddable":true,"href":"https:\/\/grupojaguel.com\/index.php\/wp-json\/wp\/v2\/media\/6071"}],"wp:attachment":[{"href":"https:\/\/grupojaguel.com\/index.php\/wp-json\/wp\/v2\/media?parent=6070"}],"wp:term":[{"taxonomy":"product_brand","embeddable":true,"href":"https:\/\/grupojaguel.com\/index.php\/wp-json\/wp\/v2\/product_brand?post=6070"},{"taxonomy":"product_cat","embeddable":true,"href":"https:\/\/grupojaguel.com\/index.php\/wp-json\/wp\/v2\/product_cat?post=6070"},{"taxonomy":"product_tag","embeddable":true,"href":"https:\/\/grupojaguel.com\/index.php\/wp-json\/wp\/v2\/product_tag?post=6070"}],"curies":[{"name":"wp","href":"https:\/\/api.w.org\/{rel}","templated":true}]}}