{"id":5949,"date":"2025-11-12T22:25:16","date_gmt":"2025-11-12T22:25:16","guid":{"rendered":"https:\/\/grupojaguel.com\/?post_type=product&#038;p=5949"},"modified":"2025-11-12T22:25:16","modified_gmt":"2025-11-12T22:25:16","slug":"casa-en-venta-en-privada-en-conkal-yucatan-con-recamara-en-planta-baja","status":"publish","type":"product","link":"https:\/\/grupojaguel.com\/index.php\/producto\/casa-en-venta-en-privada-en-conkal-yucatan-con-recamara-en-planta-baja\/","title":{"rendered":"Casa en venta en Privada en Conkal Yucat\u00e1n con recamara en planta baja"},"content":{"rendered":"","protected":false},"excerpt":{"rendered":"<p>Casa en venta en privada residencial con seguridad 24 hrs., muy bien ubicada a una manzana de la avenida principal de la ciudad de Conkal, con acceso inmediato a comercios y servicios variados. La zona est\u00e1 completamente urbanizada y habitada, por lo que la plusval\u00eda, seguridad, y conveniencia ser\u00e1n una constante. La privada brinda a sus habitantes un oasis de paz y convivencia, con su amplia avenida arbolada, y su casa club, se convierte en un espacio ideal para salir a disfrutar momentos de esparcimiento fuera de casa.<\/p>\n<p>La casa es de 2 pisos y consta de:<\/p>\n<p>Terreno: 426.15m2<\/p>\n<p>Construcci\u00f3n: 233.28m2<\/p>\n<p>Medidas: 11.22m de frente por 43m de fondo<\/p>\n<p>Libre de gravamen<\/p>\n<p>Terreno: 426.15 m\u00b2 (11.22 x 43)<\/p>\n<p>Construcci\u00f3n: 233.28 m\u00b2<\/p>\n<p>Rec\u00e1maras: 3<\/p>\n<p>Ba\u00f1os: 4.5<\/p>\n<p>PLANTA BAJA<\/p>\n<p>Cochera para dos autos<\/p>\n<p>Sala y comedor corridos, con doble altura<\/p>\n<p>Cocina semiabierta con isla y barra desayunadora<\/p>\n<p>Medio ba\u00f1o de visitas<\/p>\n<p>Rec\u00e1mara principal 2, con vestidor y ba\u00f1o completo<\/p>\n<p>TV room con vista a la alberca<\/p>\n<p>Terraza con mallasombra<\/p>\n<p>Alberca<\/p>\n<p>Amplio jard\u00edn trasero<\/p>\n<p>Cuarto de lavado techado<\/p>\n<p>Cuarto de servicio con ba\u00f1o completo<\/p>\n<p>Pasillo de servicio<\/p>\n<p>PLANTA ALTA<\/p>\n<p>Rec\u00e1mara principal 1, con vestidor y ba\u00f1o completo<\/p>\n<p>Espacio multifuncional en rec\u00e1mara principal (puede ser oficina, gimnasio, sala de TV, taller de trabajo, cuarto de beb\u00e9)<\/p>\n<p>Rec\u00e1mara secundaria con ba\u00f1o completo<\/p>\n<p>Mezanine<\/p>\n<p>CARACTER\u00cdSTICAS Y EQUIPAMIENTO<\/p>\n<p>12 p\u00e1neles solares (el recibo de luz no supera los $100 bimestrales)<\/p>\n<p>Inversor preparado para hasta 15 p\u00e1neles solares<\/p>\n<p>Cuatro aires acondicionados<\/p>\n<p>Tres ventiladores decorativos<\/p>\n<p>Cocina vestida con alacena<\/p>\n<p>Horno de gas<\/p>\n<p>Parrilla de gas<\/p>\n<p>Calentador de agua<\/p>\n<p>Tanque de gas estacionario<\/p>\n<p>FORMAS DE PAGO<\/p>\n<p>Recursos propios y\/o Bancarios<\/p>\n<p>Apartado de $20,000 con vigencia de 14 d\u00edas naturales, deber\u00e1 firmarse contrato de promesa de compraventa con pago de enganche del 20% del valor de la propiedad durante la vigencia del apartado, el apartado se abona al enganche.<\/p>\n<p>La informaci\u00f3n y el precio de esta propiedad est\u00e1n sujetos a cambios sin previo aviso. Las im\u00e1genes y caracter\u00edsticas son representaciones generales del bien son para fines ilustrativos y no necesariamente reflejan la condici\u00f3n actual del mismo, no incluye mobiliario, equipo, decoraci\u00f3n, vegetaci\u00f3n ni veh\u00edculos. Se recomienda verificar la informaci\u00f3n de forma directa antes de realizar cualquier transacci\u00f3n. En conformidad a lo establecido en la NOM-247-2021 el precio total reflejado se ve determinado en funci\u00f3n de los montos variables de conceptos notariales, de cr\u00e9dito, dichos deber\u00e1n ser consultados con la inmobiliaria o por medio de sus consultores de conformidad a la NOM-247-2021<\/p>\n","protected":false},"featured_media":5950,"comment_status":"open","ping_status":"closed","template":"","meta":[],"product_brand":[],"product_cat":[21,57,19,17],"product_tag":[179,40,153,222],"class_list":{"0":"post-5949","1":"product","2":"type-product","3":"status-publish","4":"has-post-thumbnail","6":"product_cat-casas","7":"product_cat-yuc-vta-priv","8":"product_cat-yucatan","9":"product_cat-yuc-venta","10":"product_tag-bienes-raices-en-merida","11":"product_tag-casa-en-venta","12":"product_tag-casa-en-venta-al-norte","13":"product_tag-casa-en-venta-en-privada","14":"pa_operacion-vta","15":"pa_recamaras-3rec","16":"pa_tipo-casas","17":"pa_tipo-priv","18":"pa_zona-nte","20":"first","21":"instock","22":"shipping-taxable","23":"purchasable","24":"product-type-simple"},"_links":{"self":[{"href":"https:\/\/grupojaguel.com\/index.php\/wp-json\/wp\/v2\/product\/5949","targetHints":{"allow":["GET"]}}],"collection":[{"href":"https:\/\/grupojaguel.com\/index.php\/wp-json\/wp\/v2\/product"}],"about":[{"href":"https:\/\/grupojaguel.com\/index.php\/wp-json\/wp\/v2\/types\/product"}],"replies":[{"embeddable":true,"href":"https:\/\/grupojaguel.com\/index.php\/wp-json\/wp\/v2\/comments?post=5949"}],"wp:featuredmedia":[{"embeddable":true,"href":"https:\/\/grupojaguel.com\/index.php\/wp-json\/wp\/v2\/media\/5950"}],"wp:attachment":[{"href":"https:\/\/grupojaguel.com\/index.php\/wp-json\/wp\/v2\/media?parent=5949"}],"wp:term":[{"taxonomy":"product_brand","embeddable":true,"href":"https:\/\/grupojaguel.com\/index.php\/wp-json\/wp\/v2\/product_brand?post=5949"},{"taxonomy":"product_cat","embeddable":true,"href":"https:\/\/grupojaguel.com\/index.php\/wp-json\/wp\/v2\/product_cat?post=5949"},{"taxonomy":"product_tag","embeddable":true,"href":"https:\/\/grupojaguel.com\/index.php\/wp-json\/wp\/v2\/product_tag?post=5949"}],"curies":[{"name":"wp","href":"https:\/\/api.w.org\/{rel}","templated":true}]}}