{"id":5873,"date":"2025-10-23T23:48:42","date_gmt":"2025-10-23T23:48:42","guid":{"rendered":"https:\/\/grupojaguel.com\/?post_type=product&#038;p=5873"},"modified":"2025-10-23T23:48:42","modified_gmt":"2025-10-23T23:48:42","slug":"casa-en-preventa-en-privada-residencial-praderas-del-mayab-en-conkal-en-merida-yucatan","status":"publish","type":"product","link":"https:\/\/grupojaguel.com\/index.php\/producto\/casa-en-preventa-en-privada-residencial-praderas-del-mayab-en-conkal-en-merida-yucatan\/","title":{"rendered":"Casa en preventa en privada residencial Praderas del Mayab en Conkal en M\u00e9rida Yucat\u00e1n"},"content":{"rendered":"","protected":false},"excerpt":{"rendered":"<p>Casa en Pre-venta ubicada sobre la carretera M\u00e9rida-Chicxulub en PRADERAS DEL MAYAB, una privada residencial de un BUEN nivel de crecimiento demogr\u00e1fico y plusval\u00eda. Ubicada estrat\u00e9gicamente para tener accesos c\u00f3modos hacia la ciudad de M\u00e9rida, el pueblo de Conkal y Chablekal, donde tambi\u00e9n podr\u00e1s gozar de llegar en 20 minutos a la playa de Chicxulub y a 15 minutos de la avenida Garc\u00eda Lavin, de los principales servicios b\u00e1sicos (Hospital Faro del Mayab, Walmart, Super AKI, OXXO), restaurantes (Trompos, Mochamos, la parrilla, cava SALAMANCA, Cienfuegos etc.), plazas comerciales (Altabrisa, la isla, City Center, City 32 etc.) y colegios de prestigio (Ateneo, Teresiano, Patria, Loyola, Piaget).<\/p>\n<p>La casa es de 2 pisos y consta de:<\/p>\n<p>Terreno:308m2<\/p>\n<p>Construcci\u00f3n: 252m2<\/p>\n<p>Medidas: 11m de frente por 28m de fondo<\/p>\n<p>Edad: En construcci\u00f3n.\u00a0 Orientaci\u00f3n: Norte-Sur.<\/p>\n<p>M\u00e9todo de Pago: Recursos propios y cr\u00e9ditos bancarios.<\/p>\n<p>Cuota de Mantenimiento: $1,500 mensuales<\/p>\n<p><strong>PLANTA BAJA<\/strong><\/p>\n<p>Estacionamiento para 2 coches.<\/p>\n<p>Recibidor.<\/p>\n<p>Medio ba\u00f1o.<\/p>\n<p>Cocina (con meseta de granito y doble tarja).<\/p>\n<p>Piscina.<\/p>\n<p>Terraza.<\/p>\n<p>Pasillo de servicio.<\/p>\n<p><strong>PLANTA ALTA<\/strong><\/p>\n<p>Sala de TV.<\/p>\n<p>Closet de Blancos.<\/p>\n<p>Recamara principal con closet vestidor y ba\u00f1o completo.<\/p>\n<p>Recamara secundaria con ba\u00f1o completo<\/p>\n<p>Recamara secundaria con ba\u00f1o completo<\/p>\n<p>\u00c1rea de lavado.<\/p>\n<p><strong>EQUIPAMIENTO:<\/strong><\/p>\n<p>Aires acondicionados tipo mini Split de 12,000 btus marca mirage, en las 3 Recamaras .<\/p>\n<p>Iluminaci\u00f3n interior y en piscina<\/p>\n<p><strong>AMENIDADES<\/strong><\/p>\n<p>Caseta de vigilancia 24 \/ 7.<\/p>\n<p>Casa club con canchas de p\u00e1del, \u00e1rea de juegos infantiles, sal\u00f3n de usos m\u00faltiples, gimnasio y oficinas.<\/p>\n<p>Pet park.<\/p>\n<p>Pista de caminata.<\/p>\n<p>\u00c1reas verdes.<\/p>\n<p>Canchas de basquetbol.<\/p>\n<p>Canchas de futbol.<\/p>\n<p>\u00c1rea de asadores<\/p>\n<p>&nbsp;<\/p>\n<p>La informaci\u00f3n y el precio de esta propiedad est\u00e1n sujetos a cambios sin previo aviso. Las im\u00e1genes y caracter\u00edsticas son representaciones generales del bien son para fines ilustrativos y no necesariamente reflejan la condici\u00f3n actual del mismo, no incluye mobiliario, equipo, decoraci\u00f3n, vegetaci\u00f3n ni veh\u00edculos. Se recomienda verificar la informaci\u00f3n de forma directa antes de realizar cualquier transacci\u00f3n. En conformidad a lo establecido en la NOM-247-2021 el precio total reflejado se ve determinado en funci\u00f3n de los montos variables de conceptos notariales, de cr\u00e9dito, dichos deber\u00e1n ser consultados con la inmobiliaria o por medio de sus consultores de conformidad a la NOM-247-2021<\/p>\n<p>&nbsp;<\/p>\n","protected":false},"featured_media":5874,"comment_status":"open","ping_status":"closed","template":"","meta":[],"product_brand":[],"product_cat":[21,57,19,17],"product_tag":[179,40,153,222,224],"class_list":{"0":"post-5873","1":"product","2":"type-product","3":"status-publish","4":"has-post-thumbnail","6":"product_cat-casas","7":"product_cat-yuc-vta-priv","8":"product_cat-yucatan","9":"product_cat-yuc-venta","10":"product_tag-bienes-raices-en-merida","11":"product_tag-casa-en-venta","12":"product_tag-casa-en-venta-al-norte","13":"product_tag-casa-en-venta-en-privada","14":"product_tag-venta-de-casa-en-conkal","15":"pa_operacion-vta","16":"pa_recamaras-3rec","17":"pa_tipo-casas","18":"pa_tipo-priv","19":"pa_zona-nte","21":"first","22":"instock","23":"shipping-taxable","24":"purchasable","25":"product-type-simple"},"_links":{"self":[{"href":"https:\/\/grupojaguel.com\/index.php\/wp-json\/wp\/v2\/product\/5873","targetHints":{"allow":["GET"]}}],"collection":[{"href":"https:\/\/grupojaguel.com\/index.php\/wp-json\/wp\/v2\/product"}],"about":[{"href":"https:\/\/grupojaguel.com\/index.php\/wp-json\/wp\/v2\/types\/product"}],"replies":[{"embeddable":true,"href":"https:\/\/grupojaguel.com\/index.php\/wp-json\/wp\/v2\/comments?post=5873"}],"wp:featuredmedia":[{"embeddable":true,"href":"https:\/\/grupojaguel.com\/index.php\/wp-json\/wp\/v2\/media\/5874"}],"wp:attachment":[{"href":"https:\/\/grupojaguel.com\/index.php\/wp-json\/wp\/v2\/media?parent=5873"}],"wp:term":[{"taxonomy":"product_brand","embeddable":true,"href":"https:\/\/grupojaguel.com\/index.php\/wp-json\/wp\/v2\/product_brand?post=5873"},{"taxonomy":"product_cat","embeddable":true,"href":"https:\/\/grupojaguel.com\/index.php\/wp-json\/wp\/v2\/product_cat?post=5873"},{"taxonomy":"product_tag","embeddable":true,"href":"https:\/\/grupojaguel.com\/index.php\/wp-json\/wp\/v2\/product_tag?post=5873"}],"curies":[{"name":"wp","href":"https:\/\/api.w.org\/{rel}","templated":true}]}}