{"id":5848,"date":"2025-10-21T21:48:15","date_gmt":"2025-10-21T21:48:15","guid":{"rendered":"https:\/\/grupojaguel.com\/?post_type=product&#038;p=5848"},"modified":"2026-03-11T19:35:37","modified_gmt":"2026-03-11T19:35:37","slug":"casa-en-venta-en-la-playa-de-san-benito-en-yucatan","status":"publish","type":"product","link":"https:\/\/grupojaguel.com\/index.php\/producto\/casa-en-venta-en-la-playa-de-san-benito-en-yucatan\/","title":{"rendered":"Casa en venta en la playa de San Benito en Yucat\u00e1n"},"content":{"rendered":"<p><iframe loading=\"lazy\" title=\"Casa en venta en la playa de San Benito en Yucat\u00e1n\" width=\"500\" height=\"281\" src=\"https:\/\/www.youtube.com\/embed\/o-95ofFxDok?feature=oembed\" frameborder=\"0\" allow=\"accelerometer; autoplay; clipboard-write; encrypted-media; gyroscope; picture-in-picture; web-share\" referrerpolicy=\"strict-origin-when-cross-origin\" allowfullscreen><\/iframe><\/p>\n","protected":false},"excerpt":{"rendered":"<p>Townhouse nuevo en venta en San Benito en una de las hermosas playas del estado de Yucat\u00e1n, se encuentra en 2da fila lateral a la playa, es un desarrollo de 8 townhouses residenciales que pueden ser utilizados tanto para vivienda como para negocio de rentas vacacionales v\u00eda renta prolongada o corta por plataformas. Todas las propiedades tienen orientaci\u00f3n Norte Sur y se encuentran a menos de 100 metros del mar. Los townhouses est\u00e1n divididos en dos clusters: el cluster oriente que cuenta de 5 townhouses y el cluster poniente de 3 townhouses.<\/p>\n<p>Terreno: 108 m2 (7.2m x 15m)<\/p>\n<p>Construcci\u00f3n: 191 m2<\/p>\n<p>Fecha de entrega: Preventa (10 meses despu\u00e9s de la firma promesa compra venta)<\/p>\n<p>TH 7 estar\u00e1 listo para entregar en Diciembre 2025. Pregunte por fechas de entregas.<\/p>\n<p><strong>PLANTA BAJA <\/strong><\/p>\n<p>Cochera techada para 2 autos<\/p>\n<p>Sala<\/p>\n<p>Comedor<\/p>\n<p>Cocina integral con meseta de granito tipo blanco Dallas<\/p>\n<p>\u00c1rea de lavander\u00eda<\/p>\n<p>Rec\u00e1mara con ba\u00f1o completo<\/p>\n<p>Alberca de 4m x 1.85m en acabado CHUKUM, profundidad de la alberca 1.3m<\/p>\n<p><strong>SEGUNDO NIVEL <\/strong><\/p>\n<p>Amplia terraza con barandal de madera con vista al \u00e1rea de la alberca<\/p>\n<p>Medio ba\u00f1o<\/p>\n<p>Rec\u00e1mara secundaria con ba\u00f1o completo y cl\u00f3set<\/p>\n<p>Rec\u00e1mara secundaria con ba\u00f1o completo y cl\u00f3set<\/p>\n<p><strong>ROOFTOP (TERCER NIVEL) <\/strong><\/p>\n<p>Recamara principal con ba\u00f1o completo y closet vestidor<\/p>\n<p>Barra en acabado Chukum y su tarja<\/p>\n<p>Asientos en acabado Chukum<\/p>\n<p>Jardineras<\/p>\n<p>Palapa opcional (Costo adicional aproximadamente $200,000.00)<\/p>\n<p><strong>METODO DE PAGO<\/strong><\/p>\n<p>Apartado: $20,000.00 (Devolutivo 7 d\u00edas naturales) Enganche: 30% Formas de pago: Recurso propio y Cr\u00e9ditos bancarios Caseta de vigilancia: no tiene Cuota de mantenimiento: N\/A<\/p>\n<p><strong>EQUIPAMIENTO <\/strong><\/p>\n<p>Carpinter\u00eda en cocina integral debajo de meseta a base de 4 puertas de list\u00f3n parota y 1 columna de cajones de list\u00f3n de parota, en la parte superior 2 repisas con laminado de Parota<\/p>\n<p>Parrilla el\u00e9ctrica<\/p>\n<p>Canceles en ba\u00f1os<\/p>\n<p>Hidroneum\u00e1tico<\/p>\n<p>Bomba<\/p>\n<p>Pozo de agua<\/p>\n<p>Planta de tratamiento DLD14 Sitar<\/p>\n<p>Ducter\u00eda lista para la instalaci\u00f3n de Paneles Solares<\/p>\n<p><strong>ACABADOS <\/strong><\/p>\n<p>Piso m\u00e1rmol travertino Puebla en planta baja y primer nivel y en recamara principal ultimo<\/p>\n<p>nivel.<\/p>\n<p>Piso en rooftop de cer\u00e1mica estilo madera.<\/p>\n<p>Acabado final con pasta Chukum para exteriores<\/p>\n<p><strong>EQUIPAMIENTO NO INCLUIDO <\/strong><\/p>\n<p>Ventiladores<\/p>\n<p>Aires acondicionados<\/p>\n<p>Calentador el\u00e9ctrico<\/p>\n<p>Carpinter\u00eda en closets<\/p>\n<p>La informaci\u00f3n y el precio de esta propiedad est\u00e1n sujetos a cambios sin previo aviso. Las im\u00e1genes y caracter\u00edsticas son representaciones generales del bien son para fines ilustrativos y no necesariamente reflejan la condici\u00f3n actual del mismo, no incluye mobiliario, equipo, decoraci\u00f3n, vegetaci\u00f3n ni veh\u00edculos. Se recomienda verificar la informaci\u00f3n de forma directa antes de realizar cualquier transacci\u00f3n. En conformidad a lo establecido en la NOM-247-2021 el precio total reflejado se ve determinado en funci\u00f3n de los montos variables de conceptos notariales, de cr\u00e9dito, dichos deber\u00e1n ser consultados con la inmobiliaria o por medio de sus consultores de conformidad a la NOM-247-2021<\/p>\n","protected":false},"featured_media":5849,"comment_status":"open","ping_status":"closed","template":"","meta":[],"product_brand":[],"product_cat":[21,73,19,17],"product_tag":[179,173,141,225],"class_list":{"0":"post-5848","1":"product","2":"type-product","3":"status-publish","4":"has-post-thumbnail","6":"product_cat-casas","7":"product_cat-yuc-pya-vta","8":"product_cat-yucatan","9":"product_cat-yuc-venta","10":"product_tag-bienes-raices-en-merida","11":"product_tag-casa-en-venta-en-la-playa","12":"product_tag-townhouse-en-venta","13":"product_tag-townhouse-en-venta-en-la-playa","14":"pa_operacion-vta","15":"pa_recamaras-4rec","16":"pa_tipo-departamentos-y-townhouse","17":"pa_zona-nte","18":"pa_zona-ote","20":"first","21":"instock","22":"shipping-taxable","23":"product-type-simple"},"_links":{"self":[{"href":"https:\/\/grupojaguel.com\/index.php\/wp-json\/wp\/v2\/product\/5848","targetHints":{"allow":["GET"]}}],"collection":[{"href":"https:\/\/grupojaguel.com\/index.php\/wp-json\/wp\/v2\/product"}],"about":[{"href":"https:\/\/grupojaguel.com\/index.php\/wp-json\/wp\/v2\/types\/product"}],"replies":[{"embeddable":true,"href":"https:\/\/grupojaguel.com\/index.php\/wp-json\/wp\/v2\/comments?post=5848"}],"wp:featuredmedia":[{"embeddable":true,"href":"https:\/\/grupojaguel.com\/index.php\/wp-json\/wp\/v2\/media\/5849"}],"wp:attachment":[{"href":"https:\/\/grupojaguel.com\/index.php\/wp-json\/wp\/v2\/media?parent=5848"}],"wp:term":[{"taxonomy":"product_brand","embeddable":true,"href":"https:\/\/grupojaguel.com\/index.php\/wp-json\/wp\/v2\/product_brand?post=5848"},{"taxonomy":"product_cat","embeddable":true,"href":"https:\/\/grupojaguel.com\/index.php\/wp-json\/wp\/v2\/product_cat?post=5848"},{"taxonomy":"product_tag","embeddable":true,"href":"https:\/\/grupojaguel.com\/index.php\/wp-json\/wp\/v2\/product_tag?post=5848"}],"curies":[{"name":"wp","href":"https:\/\/api.w.org\/{rel}","templated":true}]}}