{"id":5830,"date":"2025-10-16T21:22:50","date_gmt":"2025-10-16T21:22:50","guid":{"rendered":"https:\/\/grupojaguel.com\/?post_type=product&#038;p=5830"},"modified":"2025-10-16T21:22:50","modified_gmt":"2025-10-16T21:22:50","slug":"departamento-en-venta-en-temozon-norte-en-merida-yucatan","status":"publish","type":"product","link":"https:\/\/grupojaguel.com\/index.php\/producto\/departamento-en-venta-en-temozon-norte-en-merida-yucatan\/","title":{"rendered":"Departamento en venta en Temoz\u00f3n Norte en M\u00e9rida Yucat\u00e1n"},"content":{"rendered":"","protected":false},"excerpt":{"rendered":"<p>Departamento en venta en Temoz\u00f3n norte en excelente ubicaci\u00f3n en la zona de m\u00e1s alta plusval\u00eda, segura, tranquila y familiar, completamente redise\u00f1ado, equipado y totalmente amueblado listo para habitar o para tener ingresos en rentas o Airb&amp;b.<\/p>\n<p>Superficie: 108.85m2 en planta baja<\/p>\n<p>2 caj\u00f3n de estacionamiento<\/p>\n<p>Sala comedor con aire acondicionado<\/p>\n<p>Cocina integral vestida<\/p>\n<p>2 recamaras con su ba\u00f1o completo y aire acondicionado c\/u<\/p>\n<p>1 Medio ba\u00f1o de visitas<\/p>\n<p>Closet con vestidor<\/p>\n<p>Calentador el\u00e9ctrico<\/p>\n<p>Parrilla el\u00e9ctrica<\/p>\n<p>Terraza doble<\/p>\n<p>Servicios del Edificio:<\/p>\n<p>&#8211; Fitness room.<\/p>\n<p>&#8211; Center room.<\/p>\n<p>&#8211; Internet \u00e1reas comunes.<\/p>\n<p>&#8211; Acceso restringido (Video vigilancia).<\/p>\n<p>&#8211; Mtto. Edificio: $2,100 M.N. mensual.<\/p>\n<p>Solo se aceptan recursos propios y cr\u00e9ditos bancarios<\/p>\n<p>La informaci\u00f3n y el precio de esta propiedad est\u00e1n sujetos a cambios sin previo aviso. Las im\u00e1genes y caracter\u00edsticas son representaciones generales del bien son para fines ilustrativos y no necesariamente reflejan la condici\u00f3n actual del mismo, no incluye mobiliario, equipo, decoraci\u00f3n, vegetaci\u00f3n ni veh\u00edculos. Se recomienda verificar la informaci\u00f3n de forma directa antes de realizar cualquier transacci\u00f3n. En conformidad a lo establecido en la NOM-247-2021 el precio total reflejado se ve determinado en funci\u00f3n de los montos variables de conceptos notariales, de cr\u00e9dito, dichos deber\u00e1n ser consultados con la inmobiliaria o por medio de sus consultores de conformidad a la NOM-247-2021<\/p>\n","protected":false},"featured_media":5831,"comment_status":"open","ping_status":"closed","template":"","meta":[],"product_brand":[],"product_cat":[23,19,17],"product_tag":[145,34,197,206,207],"class_list":{"0":"post-5830","1":"product","2":"type-product","3":"status-publish","4":"has-post-thumbnail","6":"product_cat-dtoventa","7":"product_cat-yucatan","8":"product_cat-yuc-venta","9":"product_tag-bienes-raices-merida","10":"product_tag-departamento-en-venta","11":"product_tag-departamento-en-venta-en-merida","12":"product_tag-depto-en-venta","13":"product_tag-venta-de-depto","14":"pa_operacion-vta","15":"pa_recamaras-2rec","16":"pa_tipo-departamentos-y-townhouse","17":"pa_zona-nte","19":"first","20":"instock","21":"shipping-taxable","22":"purchasable","23":"product-type-simple"},"_links":{"self":[{"href":"https:\/\/grupojaguel.com\/index.php\/wp-json\/wp\/v2\/product\/5830","targetHints":{"allow":["GET"]}}],"collection":[{"href":"https:\/\/grupojaguel.com\/index.php\/wp-json\/wp\/v2\/product"}],"about":[{"href":"https:\/\/grupojaguel.com\/index.php\/wp-json\/wp\/v2\/types\/product"}],"replies":[{"embeddable":true,"href":"https:\/\/grupojaguel.com\/index.php\/wp-json\/wp\/v2\/comments?post=5830"}],"wp:featuredmedia":[{"embeddable":true,"href":"https:\/\/grupojaguel.com\/index.php\/wp-json\/wp\/v2\/media\/5831"}],"wp:attachment":[{"href":"https:\/\/grupojaguel.com\/index.php\/wp-json\/wp\/v2\/media?parent=5830"}],"wp:term":[{"taxonomy":"product_brand","embeddable":true,"href":"https:\/\/grupojaguel.com\/index.php\/wp-json\/wp\/v2\/product_brand?post=5830"},{"taxonomy":"product_cat","embeddable":true,"href":"https:\/\/grupojaguel.com\/index.php\/wp-json\/wp\/v2\/product_cat?post=5830"},{"taxonomy":"product_tag","embeddable":true,"href":"https:\/\/grupojaguel.com\/index.php\/wp-json\/wp\/v2\/product_tag?post=5830"}],"curies":[{"name":"wp","href":"https:\/\/api.w.org\/{rel}","templated":true}]}}