{"id":5791,"date":"2025-10-14T21:54:19","date_gmt":"2025-10-14T21:54:19","guid":{"rendered":"https:\/\/grupojaguel.com\/?post_type=product&#038;p=5791"},"modified":"2025-10-14T21:54:19","modified_gmt":"2025-10-14T21:54:19","slug":"casa-nueva-en-venta-en-el-centro-de-merida-yucatan","status":"publish","type":"product","link":"https:\/\/grupojaguel.com\/index.php\/producto\/casa-nueva-en-venta-en-el-centro-de-merida-yucatan\/","title":{"rendered":"Casa nueva en venta en el centro de M\u00e9rida Yucat\u00e1n"},"content":{"rendered":"","protected":false},"excerpt":{"rendered":"<p>Casa de 2 pisos renovada en venta en el centro de M\u00e9rida Yucat\u00e1n en excelente ubicaci\u00f3n en el coraz\u00f3n de la ciudad a 6 cuadras del centro de la ciudad, y cerca de la Ermita.<\/p>\n<p>La casa consta de:<\/p>\n<p>Construcci\u00f3n: 195m2<\/p>\n<p>Superficie: 174m2<\/p>\n<p>Medidas: 5.80m de frente por 30m de fondoSala<\/p>\n<p>Comedor<\/p>\n<p>Cocina<\/p>\n<p>2 habitaciones<\/p>\n<p>3 ba\u00f1os<\/p>\n<p>Terraza<\/p>\n<p>Piscina de 4 x 2.5<\/p>\n<p>Jard\u00edn de m\u00e1s de 40m con plantas y palmeras<\/p>\n<p>INCLUYE: 4 aires inverter, 5ventiladores, Refrigerador grande inverter, Calentador, Asador, microondas, presurizador, almacenamiento de agua, cisterna con bomba, estufa tanque de gas<\/p>\n<p>ESPECIFICACIONES GENERALES: &#8211; Vidrio templado en ba\u00f1os- Vigas de cedro y techos- Piso de pasta y marmol- Puertas originales de cedro- Cocina integral- Isla con mesa de comedor- Sala con sillones, mesa, espejo etc- Cuartos con closet amplio<\/p>\n<p>En la zona hay fibra \u00f3ptica<\/p>\n<p>METODO DE PAGO:<\/p>\n<p>Apartado de 20,000 (En caso de solicitud de devoluci\u00f3n el proceso de reembolso tiene una espera estimada no mayor a 45 d\u00edas naturales)<\/p>\n<p>Enganche del 20%<\/p>\n<p>Se acepta cr\u00e9dito bancario y recursos propios.<\/p>\n<p>La informaci\u00f3n y el precio de esta propiedad est\u00e1n sujetos a cambios sin previo aviso. Las im\u00e1genes y caracter\u00edsticas son representaciones generales del bien son para fines ilustrativos y no necesariamente reflejan la condici\u00f3n actual del mismo, no incluye mobiliario, equipo, decoraci\u00f3n, vegetaci\u00f3n ni veh\u00edculos. Se recomienda verificar la informaci\u00f3n de forma directa antes de realizar cualquier transacci\u00f3n. En conformidad a lo establecido en la NOM-247-2021 el precio total reflejado se ve determinado en funci\u00f3n de los montos variables de conceptos notariales, de cr\u00e9dito, dichos deber\u00e1n ser consultados con la inmobiliaria o por medio de sus consultores de conformidad a la NOM-247-2021<\/p>\n","protected":false},"featured_media":5792,"comment_status":"open","ping_status":"closed","template":"","meta":[],"product_brand":[],"product_cat":[21,19,17],"product_tag":[179,40,195,209],"class_list":{"0":"post-5791","1":"product","2":"type-product","3":"status-publish","4":"has-post-thumbnail","6":"product_cat-casas","7":"product_cat-yucatan","8":"product_cat-yuc-venta","9":"product_tag-bienes-raices-en-merida","10":"product_tag-casa-en-venta","11":"product_tag-casa-en-venta-en-el-centro","12":"product_tag-venta-de-casa-en-merida","13":"pa_operacion-vta","14":"pa_recamaras-2rec","15":"pa_tipo-casas","16":"pa_zona-ctro","18":"first","19":"instock","20":"shipping-taxable","21":"purchasable","22":"product-type-simple"},"_links":{"self":[{"href":"https:\/\/grupojaguel.com\/index.php\/wp-json\/wp\/v2\/product\/5791","targetHints":{"allow":["GET"]}}],"collection":[{"href":"https:\/\/grupojaguel.com\/index.php\/wp-json\/wp\/v2\/product"}],"about":[{"href":"https:\/\/grupojaguel.com\/index.php\/wp-json\/wp\/v2\/types\/product"}],"replies":[{"embeddable":true,"href":"https:\/\/grupojaguel.com\/index.php\/wp-json\/wp\/v2\/comments?post=5791"}],"wp:featuredmedia":[{"embeddable":true,"href":"https:\/\/grupojaguel.com\/index.php\/wp-json\/wp\/v2\/media\/5792"}],"wp:attachment":[{"href":"https:\/\/grupojaguel.com\/index.php\/wp-json\/wp\/v2\/media?parent=5791"}],"wp:term":[{"taxonomy":"product_brand","embeddable":true,"href":"https:\/\/grupojaguel.com\/index.php\/wp-json\/wp\/v2\/product_brand?post=5791"},{"taxonomy":"product_cat","embeddable":true,"href":"https:\/\/grupojaguel.com\/index.php\/wp-json\/wp\/v2\/product_cat?post=5791"},{"taxonomy":"product_tag","embeddable":true,"href":"https:\/\/grupojaguel.com\/index.php\/wp-json\/wp\/v2\/product_tag?post=5791"}],"curies":[{"name":"wp","href":"https:\/\/api.w.org\/{rel}","templated":true}]}}