{"id":5777,"date":"2025-10-14T20:30:11","date_gmt":"2025-10-14T20:30:11","guid":{"rendered":"https:\/\/grupojaguel.com\/?post_type=product&#038;p=5777"},"modified":"2025-10-14T20:30:11","modified_gmt":"2025-10-14T20:30:11","slug":"casa-en-venta-en-privada-vivanta-en-conkal-en-merida-yucatan","status":"publish","type":"product","link":"https:\/\/grupojaguel.com\/index.php\/producto\/casa-en-venta-en-privada-vivanta-en-conkal-en-merida-yucatan\/","title":{"rendered":"Casa en venta en privada Vivanta en Conkal en M\u00e9rida Yucat\u00e1n"},"content":{"rendered":"","protected":false},"excerpt":{"rendered":"<p>Casa en venta en privada residencial Vivanta en Conkal en Yucat\u00e1n zona norte en excelente ubicaci\u00f3n, segura ya que cuenta con caseta de seguridad 24\/7, familiar, con amenidades casa club con jard\u00edn, piscina, sal\u00f3n climatizado, cocina y ba\u00f1os y \u00e1reas verdes cuenta con 57 lotes la privada.<\/p>\n<p>La casa es de una planta y consta de:<\/p>\n<p>Superficie: 314m2<\/p>\n<p>Construcci\u00f3n: 142m2<\/p>\n<p>Estacionamiento para 2 autos<\/p>\n<p>Sala Comedor<\/p>\n<p>Cocina: (Barra de granito San Gabriel)<\/p>\n<p>Habitaci\u00f3n Principal con ba\u00f1o, closet vestidor y terraza<\/p>\n<p>Habitaci\u00f3n secundaria con ba\u00f1o y closet<\/p>\n<p>Piscina<\/p>\n<p>Terraza<\/p>\n<p>\u00c1rea de Lavander\u00eda y servicios.<\/p>\n<p>Incluye &#8211; Gavetas de madera en ba\u00f1o y closets &#8211; Pasto en Terraza &#8211; Estufa &#8211; Sistema de riego &#8211; Cocina amueblado<\/p>\n<p>Instalaci\u00f3n y servicios: \u00a0Sistema de riego &#8211; Preparaci\u00f3n para aires acondicionados &#8211; Preparaci\u00f3n para Lavadora y pileta.<\/p>\n<p>M\u00c9TODO DE PAGO:<\/p>\n<p>Apartado: $15,000<\/p>\n<p>Enganche: 10%<\/p>\n<p>Se aceptan cr\u00e9ditos bancarios y recurso propio.<\/p>\n<p>Entrega inmediata<\/p>\n<p>La informaci\u00f3n y el precio de esta propiedad est\u00e1n sujetos a cambios sin previo aviso. Las im\u00e1genes y caracter\u00edsticas son representaciones generales del bien son para fines ilustrativos y no necesariamente reflejan la condici\u00f3n actual del mismo, no incluye mobiliario, equipo, decoraci\u00f3n, vegetaci\u00f3n ni veh\u00edculos. Se recomienda verificar la informaci\u00f3n de forma directa antes de realizar cualquier transacci\u00f3n. En conformidad a lo establecido en la NOM-247-2021 el precio total reflejado se ve determinado en funci\u00f3n de los montos variables de conceptos notariales, de cr\u00e9dito, dichos deber\u00e1n ser consultados con la inmobiliaria o por medio de sus consultores de conformidad a la NOM-247-2021<\/p>\n","protected":false},"featured_media":5778,"comment_status":"open","ping_status":"closed","template":"","meta":[],"product_brand":[],"product_cat":[21,57,19,17],"product_tag":[179,40,153,166,224,210],"class_list":{"0":"post-5777","1":"product","2":"type-product","3":"status-publish","4":"has-post-thumbnail","6":"product_cat-casas","7":"product_cat-yuc-vta-priv","8":"product_cat-yucatan","9":"product_cat-yuc-venta","10":"product_tag-bienes-raices-en-merida","11":"product_tag-casa-en-venta","12":"product_tag-casa-en-venta-al-norte","13":"product_tag-venta-de-casa","14":"product_tag-venta-de-casa-en-conkal","15":"product_tag-venta-de-casa-en-privada","16":"pa_operacion-vta","17":"pa_recamaras-2rec","18":"pa_tipo-casas","19":"pa_tipo-priv","20":"pa_zona-nte","22":"first","23":"instock","24":"shipping-taxable","25":"purchasable","26":"product-type-simple"},"_links":{"self":[{"href":"https:\/\/grupojaguel.com\/index.php\/wp-json\/wp\/v2\/product\/5777","targetHints":{"allow":["GET"]}}],"collection":[{"href":"https:\/\/grupojaguel.com\/index.php\/wp-json\/wp\/v2\/product"}],"about":[{"href":"https:\/\/grupojaguel.com\/index.php\/wp-json\/wp\/v2\/types\/product"}],"replies":[{"embeddable":true,"href":"https:\/\/grupojaguel.com\/index.php\/wp-json\/wp\/v2\/comments?post=5777"}],"wp:featuredmedia":[{"embeddable":true,"href":"https:\/\/grupojaguel.com\/index.php\/wp-json\/wp\/v2\/media\/5778"}],"wp:attachment":[{"href":"https:\/\/grupojaguel.com\/index.php\/wp-json\/wp\/v2\/media?parent=5777"}],"wp:term":[{"taxonomy":"product_brand","embeddable":true,"href":"https:\/\/grupojaguel.com\/index.php\/wp-json\/wp\/v2\/product_brand?post=5777"},{"taxonomy":"product_cat","embeddable":true,"href":"https:\/\/grupojaguel.com\/index.php\/wp-json\/wp\/v2\/product_cat?post=5777"},{"taxonomy":"product_tag","embeddable":true,"href":"https:\/\/grupojaguel.com\/index.php\/wp-json\/wp\/v2\/product_tag?post=5777"}],"curies":[{"name":"wp","href":"https:\/\/api.w.org\/{rel}","templated":true}]}}