{"id":5762,"date":"2025-10-13T21:58:28","date_gmt":"2025-10-13T21:58:28","guid":{"rendered":"https:\/\/grupojaguel.com\/?post_type=product&#038;p=5762"},"modified":"2025-10-13T21:58:28","modified_gmt":"2025-10-13T21:58:28","slug":"local-comercial-en-renta-en-kanasin-yucatan-en-avenida-principal","status":"publish","type":"product","link":"https:\/\/grupojaguel.com\/index.php\/producto\/local-comercial-en-renta-en-kanasin-yucatan-en-avenida-principal\/","title":{"rendered":"Local comercial en renta en Kanasin Yucat\u00e1n en avenida principal"},"content":{"rendered":"<p><iframe loading=\"lazy\" title=\"Local comercial en renta en Kanasin Yucat\u00e1n en avenida principal\" width=\"500\" height=\"281\" src=\"https:\/\/www.youtube.com\/embed\/qVEDVR_8jIY?feature=oembed\" frameborder=\"0\" allow=\"accelerometer; autoplay; clipboard-write; encrypted-media; gyroscope; picture-in-picture; web-share\" referrerpolicy=\"strict-origin-when-cross-origin\" allowfullscreen><\/iframe><\/p>\n","protected":false},"excerpt":{"rendered":"<p>Local comercial en renta en Xelpac Kanasin en Yucat\u00e1n sobre avenida principal de gran tr\u00e1fico vehicular, con excelente visualizaci\u00f3n ideal para tu negocio ya que se encuentra en punto estrat\u00e9gico.<\/p>\n<p>El local consta de:<\/p>\n<p>Superficie: 639m2<\/p>\n<p>Construcci\u00f3n: 162.49m2 (90.57m2 edificio y en el patio de maniobras la estructura 71.92m2)<\/p>\n<p>Medidas: 15.20m de frente por 43.45m de fondo<\/p>\n<p>Edificio de 2 plantas que consta de:<\/p>\n<p>Planta Baja: 2 espacios, el primero con cortina y m\u00f3dulo de atenci\u00f3n al cliente<\/p>\n<p>Planta Alta: 1 oficina amplia<\/p>\n<p>En el patio de maniobras consta de: 476m2 con port\u00f3n de acceso de 6mts de largo x 2m de alto de 2 hojas, una estructura alta de 71.92m2 (12.40m de frente por 5.80m de fondo) \u00a0y ba\u00f1o completo<\/p>\n<p>El local contiene pozo, 2 medidores de luz (1 PA y 1 PB), 2 tinacos<\/p>\n<p>Requisitos:<\/p>\n<p>1 mes de renta<\/p>\n<p>1 mes en dep\u00f3sito en garant\u00eda<\/p>\n<p>Aval con propiedad en Yucat\u00e1n o un 2do mes de dep\u00f3sito en garant\u00eda<\/p>\n<p>Pago del Convenio transaccional notariado<\/p>\n","protected":false},"featured_media":5763,"comment_status":"open","ping_status":"closed","template":"","meta":[],"product_brand":[],"product_cat":[25,19,18],"product_tag":[179,196,44,194],"class_list":{"0":"post-5762","1":"product","2":"type-product","3":"status-publish","4":"has-post-thumbnail","6":"product_cat-comenta","7":"product_cat-yucatan","8":"product_cat-yuc-renta","9":"product_tag-bienes-raices-en-merida","10":"product_tag-local-en-alquiler","11":"product_tag-local-en-renta","12":"product_tag-propiedad-en-renta","13":"pa_com-locales","14":"pa_operacion-rta","15":"pa_tipo-propiedades-comerciales","16":"pa_zona-ote","18":"first","19":"instock","20":"shipping-taxable","21":"purchasable","22":"product-type-simple"},"_links":{"self":[{"href":"https:\/\/grupojaguel.com\/index.php\/wp-json\/wp\/v2\/product\/5762","targetHints":{"allow":["GET"]}}],"collection":[{"href":"https:\/\/grupojaguel.com\/index.php\/wp-json\/wp\/v2\/product"}],"about":[{"href":"https:\/\/grupojaguel.com\/index.php\/wp-json\/wp\/v2\/types\/product"}],"replies":[{"embeddable":true,"href":"https:\/\/grupojaguel.com\/index.php\/wp-json\/wp\/v2\/comments?post=5762"}],"wp:featuredmedia":[{"embeddable":true,"href":"https:\/\/grupojaguel.com\/index.php\/wp-json\/wp\/v2\/media\/5763"}],"wp:attachment":[{"href":"https:\/\/grupojaguel.com\/index.php\/wp-json\/wp\/v2\/media?parent=5762"}],"wp:term":[{"taxonomy":"product_brand","embeddable":true,"href":"https:\/\/grupojaguel.com\/index.php\/wp-json\/wp\/v2\/product_brand?post=5762"},{"taxonomy":"product_cat","embeddable":true,"href":"https:\/\/grupojaguel.com\/index.php\/wp-json\/wp\/v2\/product_cat?post=5762"},{"taxonomy":"product_tag","embeddable":true,"href":"https:\/\/grupojaguel.com\/index.php\/wp-json\/wp\/v2\/product_tag?post=5762"}],"curies":[{"name":"wp","href":"https:\/\/api.w.org\/{rel}","templated":true}]}}