{"id":5748,"date":"2025-10-11T15:20:03","date_gmt":"2025-10-11T15:20:03","guid":{"rendered":"https:\/\/grupojaguel.com\/?post_type=product&#038;p=5748"},"modified":"2025-10-11T15:20:03","modified_gmt":"2025-10-11T15:20:03","slug":"casa-en-venta-en-el-centro-de-merida-yucatan","status":"publish","type":"product","link":"https:\/\/grupojaguel.com\/index.php\/producto\/casa-en-venta-en-el-centro-de-merida-yucatan\/","title":{"rendered":"Casa en venta en el centro de M\u00e9rida Yucat\u00e1n"},"content":{"rendered":"","protected":false},"excerpt":{"rendered":"<p>Casa en venta en el centro de la ciudad de M\u00e9rida Yucat\u00e1n, en buena ubicaci\u00f3n entre La Ermita y San Crist\u00f3bal.<\/p>\n<p>La casa es de una planta y consta de:<\/p>\n<p>Superficie: 516.61m2<\/p>\n<p>Construcci\u00f3n: 326.27m2<\/p>\n<p>Medidas: 12m de frente por 45.10m de fondo<\/p>\n<p>Figura irregular<\/p>\n<p>Estacionamiento para 1 veh\u00edculo<\/p>\n<p>Sala comedor<\/p>\n<p>Cocina<\/p>\n<p>2 recamaras<\/p>\n<p>1 ba\u00f1o completo<\/p>\n<p>2 departamentos independientes recamara y ba\u00f1o completo c\/u<\/p>\n<p>Amplio patio<\/p>\n","protected":false},"featured_media":5749,"comment_status":"open","ping_status":"closed","template":"","meta":[],"product_brand":[],"product_cat":[21,19,17],"product_tag":[179,195,168,166,209],"class_list":{"0":"post-5748","1":"product","2":"type-product","3":"status-publish","4":"has-post-thumbnail","6":"product_cat-casas","7":"product_cat-yucatan","8":"product_cat-yuc-venta","9":"product_tag-bienes-raices-en-merida","10":"product_tag-casa-en-venta-en-el-centro","11":"product_tag-casa-en-venta-en-merida","12":"product_tag-venta-de-casa","13":"product_tag-venta-de-casa-en-merida","14":"pa_operacion-vta","15":"pa_recamaras-4rec","16":"pa_tipo-casas","17":"pa_zona-ctro","19":"first","20":"instock","21":"shipping-taxable","22":"purchasable","23":"product-type-simple"},"_links":{"self":[{"href":"https:\/\/grupojaguel.com\/index.php\/wp-json\/wp\/v2\/product\/5748","targetHints":{"allow":["GET"]}}],"collection":[{"href":"https:\/\/grupojaguel.com\/index.php\/wp-json\/wp\/v2\/product"}],"about":[{"href":"https:\/\/grupojaguel.com\/index.php\/wp-json\/wp\/v2\/types\/product"}],"replies":[{"embeddable":true,"href":"https:\/\/grupojaguel.com\/index.php\/wp-json\/wp\/v2\/comments?post=5748"}],"wp:featuredmedia":[{"embeddable":true,"href":"https:\/\/grupojaguel.com\/index.php\/wp-json\/wp\/v2\/media\/5749"}],"wp:attachment":[{"href":"https:\/\/grupojaguel.com\/index.php\/wp-json\/wp\/v2\/media?parent=5748"}],"wp:term":[{"taxonomy":"product_brand","embeddable":true,"href":"https:\/\/grupojaguel.com\/index.php\/wp-json\/wp\/v2\/product_brand?post=5748"},{"taxonomy":"product_cat","embeddable":true,"href":"https:\/\/grupojaguel.com\/index.php\/wp-json\/wp\/v2\/product_cat?post=5748"},{"taxonomy":"product_tag","embeddable":true,"href":"https:\/\/grupojaguel.com\/index.php\/wp-json\/wp\/v2\/product_tag?post=5748"}],"curies":[{"name":"wp","href":"https:\/\/api.w.org\/{rel}","templated":true}]}}