{"id":5647,"date":"2025-09-23T20:31:16","date_gmt":"2025-09-23T20:31:16","guid":{"rendered":"https:\/\/grupojaguel.com\/?post_type=product&#038;p=5647"},"modified":"2025-09-23T20:31:17","modified_gmt":"2025-09-23T20:31:17","slug":"casa-en-venta-en-privada-soluna-en-temozon-norte-en-merida-yucatan","status":"publish","type":"product","link":"https:\/\/grupojaguel.com\/index.php\/producto\/casa-en-venta-en-privada-soluna-en-temozon-norte-en-merida-yucatan\/","title":{"rendered":"Casa en venta en Privada Soluna en Temozon Norte en M\u00e9rida Yucat\u00e1n"},"content":{"rendered":"","protected":false},"excerpt":{"rendered":"<p>Hermosa casa residencial nueva de estilo arquitect\u00f3nico modernista con diferenciadores de<\/p>\n<p>funcionalidad que te dar\u00e1n una gran calidad de vida para que solo te ocupes de disfrutar<\/p>\n<p>tus espacios y amenidades. En una de las mejores privadas en Soluna en Temoz\u00f3n Norte a menos de 1km de la Plaza comercial La Isla.<\/p>\n<p>La casa consta de:<\/p>\n<p>Superficie: 300m2<\/p>\n<p>Medidas: 12m de frente por 25m de fondo<\/p>\n<p>Construcci\u00f3n: 340m2<\/p>\n<p><strong>PLANTA BAJA: <\/strong><\/p>\n<p>*Cochera techada para 2 autos y 1 adicional no techado.<\/p>\n<p>*Cocina abierta equipada con alacenas de carpinter\u00eda en madera (Con acceso del<\/p>\n<p>pasillo de servicio) con isla desayunador.<\/p>\n<p>*Sala-comedor con altura y media con vistas a terraza, jard\u00edn y piscina, regadera para<\/p>\n<p>piscina..<\/p>\n<p>*Terraza exterior techada, jard\u00edn y piscina iluminada.<\/p>\n<p>*\u00c1rea de usos m\u00faltiples configurable interior\/exterior con ba\u00f1o completo con acceso<\/p>\n<p>desde \u00e1rea de piscina (incluye mingitorio) (Opciones: 4ta recamara, bar de alberca,<\/p>\n<p>sala de juegos\/TV, Estudio\/oficina).<\/p>\n<p>*\u00bd ba\u00f1o.<\/p>\n<p>*Cuarto de servicio con acceso por pasillo de servicio y con ba\u00f1o completo.<\/p>\n<p>*\u00c1rea de lavado y tendido techada, ventilada y oculta con acceso por pasillo de<\/p>\n<p>servicio.<\/p>\n<p>*Vest\u00edbulo de privacidad.<\/p>\n<p>*Bodega de enseres en garage.<\/p>\n<p><strong>PLANTA ALTA: <\/strong><\/p>\n<p>*Amplia recamara principal con terraza, walk in closet, ba\u00f1o con triple<\/p>\n<p>regadera, doble lavabo, wc independiente.<\/p>\n<p>*2 recamaras secundarias con closet, ba\u00f1o completo, ambas con balc\u00f3n.<\/p>\n<p>*family room<\/p>\n<p>*Closet de blancos y llave de agua de servicio.<\/p>\n<p><strong>EQUIPAMIENTO:<\/strong><\/p>\n<p>Closets, cocina y muebles de ba\u00f1o con carpinter\u00eda de madera de caobilla; escalera, puerta principal y alacena de cocina de cedro.<\/p>\n<p>Mesetas de granito verde Ubatuba en cocina y m\u00e1rmol en mesetas de ba\u00f1os.<\/p>\n<p>Estufa, campana y horno.<\/p>\n<p>4 aires acondicionado inverter de 12,000 Btus en recamaras de planta alta y cocina, 2 aires acondicionado de 24,000 btus en estancia y family room.<\/p>\n<p>2 calentadores de agua.<\/p>\n<p>Sistema de riego automatizado.<\/p>\n<p>Instalaciones para\u00a0 CCTV,\u00a0 y video portero con enlace a celular, puerta principal con huella dactilar.<\/p>\n<p>Cisterna de 5,000 lts, suavizador de agua, biodigestor, equipo de filtraci\u00f3n y autolimpiado de alberca, l\u00ednea de agua presurizada con tinaco de respaldo, instalaci\u00f3n de gas.<\/p>\n<p>Preparaci\u00f3n para: paneles solares, cargador de auto el\u00e9ctrico, calentador solar<\/p>\n<p>Espejos y l\u00e1mparas en ba\u00f1os, ventiladores en recamaras, family room, estancia, cocina, terraza y cuarto de servicio y preparaci\u00f3n para ventiladores en vestidor y ba\u00f1o principal.<\/p>\n<p>AMENIDADES<\/p>\n<p>Piscina y asoleadero<\/p>\n<p>Snack\/sport bar climatizado<\/p>\n<p>Gimnasio climatizado y \u00e1rea de yoga<\/p>\n<p>Casa Club con sal\u00f3n de fiestas climatizado para 100 personas con terraza y jard\u00edn<\/p>\n<p>Ludoteca<\/p>\n<p>Vestidores con sauna<\/p>\n<p>Amplias \u00e1reas verdes<\/p>\n<p>2 canchas de p\u00e1del<\/p>\n<p>Kids club<\/p>\n<p>Acceso con seguridad 24\/7 y CCTv.<\/p>\n<p>Se acepta: recurso propio y cr\u00e9dito bancario.<\/p>\n","protected":false},"featured_media":5648,"comment_status":"open","ping_status":"closed","template":"","meta":[],"product_brand":[],"product_cat":[21,57,19,17],"product_tag":[179,40,153,222,210],"class_list":{"0":"post-5647","1":"product","2":"type-product","3":"status-publish","4":"has-post-thumbnail","6":"product_cat-casas","7":"product_cat-yuc-vta-priv","8":"product_cat-yucatan","9":"product_cat-yuc-venta","10":"product_tag-bienes-raices-en-merida","11":"product_tag-casa-en-venta","12":"product_tag-casa-en-venta-al-norte","13":"product_tag-casa-en-venta-en-privada","14":"product_tag-venta-de-casa-en-privada","15":"pa_operacion-vta","16":"pa_recamaras-4rec","17":"pa_tipo-casas","18":"pa_tipo-priv","19":"pa_zona-nte","21":"first","22":"instock","23":"shipping-taxable","24":"purchasable","25":"product-type-simple"},"_links":{"self":[{"href":"https:\/\/grupojaguel.com\/index.php\/wp-json\/wp\/v2\/product\/5647","targetHints":{"allow":["GET"]}}],"collection":[{"href":"https:\/\/grupojaguel.com\/index.php\/wp-json\/wp\/v2\/product"}],"about":[{"href":"https:\/\/grupojaguel.com\/index.php\/wp-json\/wp\/v2\/types\/product"}],"replies":[{"embeddable":true,"href":"https:\/\/grupojaguel.com\/index.php\/wp-json\/wp\/v2\/comments?post=5647"}],"wp:featuredmedia":[{"embeddable":true,"href":"https:\/\/grupojaguel.com\/index.php\/wp-json\/wp\/v2\/media\/5648"}],"wp:attachment":[{"href":"https:\/\/grupojaguel.com\/index.php\/wp-json\/wp\/v2\/media?parent=5647"}],"wp:term":[{"taxonomy":"product_brand","embeddable":true,"href":"https:\/\/grupojaguel.com\/index.php\/wp-json\/wp\/v2\/product_brand?post=5647"},{"taxonomy":"product_cat","embeddable":true,"href":"https:\/\/grupojaguel.com\/index.php\/wp-json\/wp\/v2\/product_cat?post=5647"},{"taxonomy":"product_tag","embeddable":true,"href":"https:\/\/grupojaguel.com\/index.php\/wp-json\/wp\/v2\/product_tag?post=5647"}],"curies":[{"name":"wp","href":"https:\/\/api.w.org\/{rel}","templated":true}]}}