{"id":5628,"date":"2025-09-22T22:47:58","date_gmt":"2025-09-22T22:47:58","guid":{"rendered":"https:\/\/grupojaguel.com\/?post_type=product&#038;p=5628"},"modified":"2025-09-22T22:47:58","modified_gmt":"2025-09-22T22:47:58","slug":"terreno-residencial-en-venta-en-margaritas-cholul-en-merida-yucatan-zona-norte","status":"publish","type":"product","link":"https:\/\/grupojaguel.com\/index.php\/producto\/terreno-residencial-en-venta-en-margaritas-cholul-en-merida-yucatan-zona-norte\/","title":{"rendered":"Terreno residencial en venta en Margaritas Cholul en M\u00e9rida Yucat\u00e1n zona norte."},"content":{"rendered":"","protected":false},"excerpt":{"rendered":"<p>Terreno residencial en venta en Margaritas Cholul en M\u00e9rida Yucat\u00e1n en excelente ubicaci\u00f3n en el norte, zona residencial, a 2 minutos de la ciudad de M\u00e9rida Yucat\u00e1n, en sus cercan\u00edas se encuentra la Universidad Modelo, plaza Altabrisa, hospital el faro y star medica, restaurantes de renombre y comercios<\/p>\n<p>El terreno consta de:<\/p>\n<p>Superficie: 658.34m2<\/p>\n<p>De figura irregular<\/p>\n<p>Libre de gravamen<\/p>\n<p>Cuenta con conexi\u00f3n de datos y de luz subterr\u00e1nea (solo es contratar).<\/p>\n<p>Calle de terracer\u00eda y a 100 mts calle petrolizada.<\/p>\n<p>*** Solo se acepta recursos propios.<\/p>\n","protected":false},"featured_media":5629,"comment_status":"open","ping_status":"closed","template":"","meta":[],"product_brand":[],"product_cat":[27,19,17],"product_tag":[145,38,183,204],"class_list":{"0":"post-5628","1":"product","2":"type-product","3":"status-publish","4":"has-post-thumbnail","6":"product_cat-terrventa","7":"product_cat-yucatan","8":"product_cat-yuc-venta","9":"product_tag-bienes-raices-merida","10":"product_tag-terreno-en-venta","11":"product_tag-venta-de-terreno","12":"product_tag-venta-de-terreno-al-norte","13":"pa_operacion-vta","14":"pa_tipo-terreno","15":"pa_zona-nte","17":"first","18":"instock","19":"shipping-taxable","20":"purchasable","21":"product-type-simple"},"_links":{"self":[{"href":"https:\/\/grupojaguel.com\/index.php\/wp-json\/wp\/v2\/product\/5628","targetHints":{"allow":["GET"]}}],"collection":[{"href":"https:\/\/grupojaguel.com\/index.php\/wp-json\/wp\/v2\/product"}],"about":[{"href":"https:\/\/grupojaguel.com\/index.php\/wp-json\/wp\/v2\/types\/product"}],"replies":[{"embeddable":true,"href":"https:\/\/grupojaguel.com\/index.php\/wp-json\/wp\/v2\/comments?post=5628"}],"wp:featuredmedia":[{"embeddable":true,"href":"https:\/\/grupojaguel.com\/index.php\/wp-json\/wp\/v2\/media\/5629"}],"wp:attachment":[{"href":"https:\/\/grupojaguel.com\/index.php\/wp-json\/wp\/v2\/media?parent=5628"}],"wp:term":[{"taxonomy":"product_brand","embeddable":true,"href":"https:\/\/grupojaguel.com\/index.php\/wp-json\/wp\/v2\/product_brand?post=5628"},{"taxonomy":"product_cat","embeddable":true,"href":"https:\/\/grupojaguel.com\/index.php\/wp-json\/wp\/v2\/product_cat?post=5628"},{"taxonomy":"product_tag","embeddable":true,"href":"https:\/\/grupojaguel.com\/index.php\/wp-json\/wp\/v2\/product_tag?post=5628"}],"curies":[{"name":"wp","href":"https:\/\/api.w.org\/{rel}","templated":true}]}}