{"id":5460,"date":"2025-05-12T23:50:48","date_gmt":"2025-05-12T23:50:48","guid":{"rendered":"https:\/\/grupojaguel.com\/?post_type=product&#038;p=5460"},"modified":"2025-05-12T23:50:48","modified_gmt":"2025-05-12T23:50:48","slug":"casa-en-venta-en-privada-en-conkal-en-merida-yucatan","status":"publish","type":"product","link":"https:\/\/grupojaguel.com\/index.php\/producto\/casa-en-venta-en-privada-en-conkal-en-merida-yucatan\/","title":{"rendered":"Casa en venta en Privada en Conkal en M\u00e9rida Yucat\u00e1n"},"content":{"rendered":"","protected":false},"excerpt":{"rendered":"<p>Casa en venta en una privada de 82 lotes ubicada al norte de M\u00e9rida en Conkal Yucat\u00e1n, rodeada de desarrollos residenciales de primer nivel. Se encuentra a 3 minutos de la carretera M\u00e9rida-Motul, a 16 minutos del Perif\u00e9rico de M\u00e9rida, a 18 minutos de la Universidad Modelo, a 20 minutos de Plaza Altabrisa y el hospital Star medica, y a solo 36 minutos de la costa yucateca con el Puerto de Chicxulub. Toda la sustentabilidad que te otorga la cercan\u00eda con la ciudad, acompa\u00f1ado de la tranquilidad y seguridad que tienes al estar en el oasis de la privada.<\/p>\n<p>La casa consta de:<\/p>\n<p>Terreno: 320 m2 (10 mts. x 32 mts.)<\/p>\n<p>Construcci\u00f3n: 250 m2<\/p>\n<p>Orientaci\u00f3n: Norte\u2013 Sur<\/p>\n<p>Cuota de Mantenimiento: $1,350<\/p>\n<p>Entrega Inmediata<\/p>\n<p>PROGRAMAARQUITECTONICO:<\/p>\n<p>3 rec\u00e1maras con ba\u00f1o una de ella en planta baja (2 con cl\u00f3set vestidor y 1 con cl\u00f3set integrado)<\/p>\n<p>4 Ba\u00f1os completos y1\u00bd ba\u00f1o para visitas.<\/p>\n<p>Cochera techada para 2 autos.<\/p>\n<p>Amplia sala\/ comedor y cocina.<\/p>\n<p>Jard\u00edn interior en \u00e1rea social.<\/p>\n<p>Terraza en rec\u00e1mara principal.<\/p>\n<p>Estancia familiar o \u00e1rea de trabajo en planta alta.<\/p>\n<p>Cuarto de servicio con ba\u00f1o completo.<\/p>\n<p>Patio de tendido.<\/p>\n<p>Terraza<\/p>\n<p>Piscina con acabado Chukum<\/p>\n<p>EQUIPAMIENTO:<\/p>\n<ul>\n<li>Cisterna con bomba sumergible.<\/li>\n<li>Bomba para piscina.<\/li>\n<\/ul>\n<p>AMENIDADES:<\/p>\n<p>Pista de jogging de aproximadamente 900mts de distancia<\/p>\n<p>30 cajones de estacionamiento distribuidos en las \u00e1reas verdes de la privada<\/p>\n<p>\u00c1reas de lectura al aire libre<\/p>\n<p>Parque con juegos infantiles<\/p>\n<p>Terraza techada con ba\u00f1o para reuniones sociales de 40 personas aproximadamente<\/p>\n<p>Cancha de futbol5<\/p>\n<p>Media cancha de b\u00e1squetbol<\/p>\n<p>\u00c1reas verdes y parques para que vivas momentos inolvidables en familia<\/p>\n<p>Caseta de vigilancia con acceso controlado.<\/p>\n<p>Apartado: $10,000 (El contrato se deber\u00e1 firmar a los 15 d\u00edas naturales posteriores al apartado, pasando los 15 d\u00edas se penaliza con el 50% del pago y se da por cancelado el apartado en caso de solicitud de devoluci\u00f3n el proceso de reembolso tiene una espera estimada no mayor a 45 d\u00edas naturales.)<\/p>\n<p>Enganche: 20% (promesa)<\/p>\n<p>Se aceptan recursos propios y bancarios.<\/p>\n<p>La informaci\u00f3n y el precio de esta propiedad est\u00e1n sujetos a cambios sin previo aviso. Las im\u00e1genes y caracter\u00edsticas son representaciones generales del bien son para fines ilustrativos y no necesariamente reflejan la condici\u00f3n actual del mismo, no incluye mobiliario, equipo, decoraci\u00f3n, vegetaci\u00f3n ni veh\u00edculos. Se recomienda verificar la informaci\u00f3n de forma directa antes de realizar cualquier transacci\u00f3n. En conformidad a lo establecido en la NOM-247-2021 el precio total reflejado se ve determinado en funci\u00f3n de los montos variables de conceptos notariales, de cr\u00e9dito, dichos deber\u00e1n ser consultados con la inmobiliaria o por medio de sus consultores de conformidad a la NOM-247-2021<\/p>\n","protected":false},"featured_media":5461,"comment_status":"open","ping_status":"closed","template":"","meta":[],"product_brand":[],"product_cat":[21,57,19,17],"product_tag":[43,222,221,178,166,210],"class_list":{"0":"post-5460","1":"product","2":"type-product","3":"status-publish","4":"has-post-thumbnail","6":"product_cat-casas","7":"product_cat-yuc-vta-priv","8":"product_cat-yucatan","9":"product_cat-yuc-venta","10":"product_tag-casa-en-privada","11":"product_tag-casa-en-venta-en-privada","12":"product_tag-inversiones-inmobiliarias","13":"product_tag-invertir-en-bienes-raices","14":"product_tag-venta-de-casa","15":"product_tag-venta-de-casa-en-privada","16":"pa_operacion-vta","17":"pa_recamaras-3rec","18":"pa_tipo-casas","19":"pa_tipo-priv","20":"pa_zona-nte","22":"first","23":"instock","24":"shipping-taxable","25":"purchasable","26":"product-type-simple"},"_links":{"self":[{"href":"https:\/\/grupojaguel.com\/index.php\/wp-json\/wp\/v2\/product\/5460","targetHints":{"allow":["GET"]}}],"collection":[{"href":"https:\/\/grupojaguel.com\/index.php\/wp-json\/wp\/v2\/product"}],"about":[{"href":"https:\/\/grupojaguel.com\/index.php\/wp-json\/wp\/v2\/types\/product"}],"replies":[{"embeddable":true,"href":"https:\/\/grupojaguel.com\/index.php\/wp-json\/wp\/v2\/comments?post=5460"}],"wp:featuredmedia":[{"embeddable":true,"href":"https:\/\/grupojaguel.com\/index.php\/wp-json\/wp\/v2\/media\/5461"}],"wp:attachment":[{"href":"https:\/\/grupojaguel.com\/index.php\/wp-json\/wp\/v2\/media?parent=5460"}],"wp:term":[{"taxonomy":"product_brand","embeddable":true,"href":"https:\/\/grupojaguel.com\/index.php\/wp-json\/wp\/v2\/product_brand?post=5460"},{"taxonomy":"product_cat","embeddable":true,"href":"https:\/\/grupojaguel.com\/index.php\/wp-json\/wp\/v2\/product_cat?post=5460"},{"taxonomy":"product_tag","embeddable":true,"href":"https:\/\/grupojaguel.com\/index.php\/wp-json\/wp\/v2\/product_tag?post=5460"}],"curies":[{"name":"wp","href":"https:\/\/api.w.org\/{rel}","templated":true}]}}