{"id":5423,"date":"2025-05-12T21:07:40","date_gmt":"2025-05-12T21:07:40","guid":{"rendered":"https:\/\/grupojaguel.com\/?post_type=product&#038;p=5423"},"modified":"2025-10-13T22:23:21","modified_gmt":"2025-10-13T22:23:21","slug":"casa-en-venta-en-altabrisa-en-merida-yucatan","status":"publish","type":"product","link":"https:\/\/grupojaguel.com\/index.php\/producto\/casa-en-venta-en-altabrisa-en-merida-yucatan\/","title":{"rendered":"Casa en venta en Altabrisa en M\u00e9rida Yucat\u00e1n"},"content":{"rendered":"<p><iframe loading=\"lazy\" title=\"Casa en venta en Altabrisa en M\u00e9rida Yucat\u00e1n\" width=\"500\" height=\"281\" src=\"https:\/\/www.youtube.com\/embed\/ehE59fqXWKY?feature=oembed\" frameborder=\"0\" allow=\"accelerometer; autoplay; clipboard-write; encrypted-media; gyroscope; picture-in-picture; web-share\" referrerpolicy=\"strict-origin-when-cross-origin\" allowfullscreen><\/iframe><\/p>\n","protected":false},"excerpt":{"rendered":"<p>Casa nueva en venta en Residencial Altabrisa dentro de la ciudad de M\u00e9rida Yucat\u00e1n en excelente ubicaci\u00f3n al norte, zona segura, familiar, tranquila, cerca de Plaza Altabrisa, Hospitales, Restaurante de renombre, tiendas de conveniencia, farmacia, escuelas, todo lo necesario para vivir plenamente.<\/p>\n<p>La casa consta de:<\/p>\n<p>Terreno: 440.18m2<\/p>\n<p>Construcci\u00f3n: 315.11m2<\/p>\n<p>PLANTA BAJA<\/p>\n<p>Garaje para 4 veh\u00edculos (2 techados) con piso estampado con acabado de laja gruesa<\/p>\n<p>Entrada principal de doble altura con puerta de madera salam de 1.6 x 5.8<\/p>\n<p>Sala comedor<\/p>\n<p>Cocina con mesetas de granito y con cocina integral hecha con madera de salam<\/p>\n<p>Medio ba\u00f1o de visitas<\/p>\n<p>1 habitaci\u00f3n de 4 x 4.70 con closet vestidor, ba\u00f1o completo y terraza.<\/p>\n<p>Terraza de 4 x 6 frente a piscina<\/p>\n<p>Jard\u00edn con iluminaci\u00f3n<\/p>\n<p>Piscina de 4.30 x 6.30 con fondo de 1.5 con acabado de chukum e iluminaci\u00f3n<\/p>\n<p>Cuarto de lavado<\/p>\n<p>PLANTA ALTA<\/p>\n<p>1 habitaci\u00f3n de 4 x 4.70, closet vestidor, ba\u00f1o completo y terraza.<\/p>\n<p>1 habitaci\u00f3n principal de 4.6 x 5.6, closet vestidor muy amplio, ba\u00f1o con tina de 2.1 x 3.5 y terraza de 4.6 x 2.8<\/p>\n<p>Nota: todas las mesetas de los ba\u00f1os son de m\u00e1rmol, las puertas son de cedro, piso tipo duela marca daltile para todas las terrazas, Cuenta con presurizador de agua, cisterna de 1100Lts, tierra f\u00edsica con pozo de profundidad de 10 metros para protecci\u00f3n de seguridad del usuario, cuarto de bombas para piscina, tanque estacionario de 300Lts, los muros perimetrales son de 3m de altura con l\u00e1mparas decorativas, sistema de drenaje subterr\u00e1neo. Lo entregar\u00eda con reja autom\u00e1tica, AA de 18btus para recamaras y 1 de 36btus para sala<\/p>\n<p>La informaci\u00f3n y el precio de esta propiedad est\u00e1n sujetos a cambios sin previo aviso. Las im\u00e1genes y caracter\u00edsticas son representaciones generales del bien son para fines ilustrativos y no necesariamente reflejan la condici\u00f3n actual del mismo, no incluye mobiliario, equipo, decoraci\u00f3n, vegetaci\u00f3n ni veh\u00edculos. Se recomienda verificar la informaci\u00f3n de forma directa antes de realizar cualquier transacci\u00f3n. En conformidad a lo establecido en la NOM-247-2021 el precio total reflejado se ve determinado en funci\u00f3n de los montos variables de conceptos notariales, de cr\u00e9dito, dichos deber\u00e1n ser consultados con la inmobiliaria o por medio de sus consultores de conformidad a la NOM-247-2021<\/p>\n","protected":false},"featured_media":5424,"comment_status":"open","ping_status":"closed","template":"","meta":[],"product_brand":[],"product_cat":[21,19,17],"product_tag":[179,40,153,168,166,209],"class_list":{"0":"post-5423","1":"product","2":"type-product","3":"status-publish","4":"has-post-thumbnail","6":"product_cat-casas","7":"product_cat-yucatan","8":"product_cat-yuc-venta","9":"product_tag-bienes-raices-en-merida","10":"product_tag-casa-en-venta","11":"product_tag-casa-en-venta-al-norte","12":"product_tag-casa-en-venta-en-merida","13":"product_tag-venta-de-casa","14":"product_tag-venta-de-casa-en-merida","15":"pa_operacion-vta","16":"pa_recamaras-3rec","17":"pa_tipo-casas","18":"pa_zona-nte","20":"first","21":"instock","22":"shipping-taxable","23":"purchasable","24":"product-type-simple"},"_links":{"self":[{"href":"https:\/\/grupojaguel.com\/index.php\/wp-json\/wp\/v2\/product\/5423","targetHints":{"allow":["GET"]}}],"collection":[{"href":"https:\/\/grupojaguel.com\/index.php\/wp-json\/wp\/v2\/product"}],"about":[{"href":"https:\/\/grupojaguel.com\/index.php\/wp-json\/wp\/v2\/types\/product"}],"replies":[{"embeddable":true,"href":"https:\/\/grupojaguel.com\/index.php\/wp-json\/wp\/v2\/comments?post=5423"}],"wp:featuredmedia":[{"embeddable":true,"href":"https:\/\/grupojaguel.com\/index.php\/wp-json\/wp\/v2\/media\/5424"}],"wp:attachment":[{"href":"https:\/\/grupojaguel.com\/index.php\/wp-json\/wp\/v2\/media?parent=5423"}],"wp:term":[{"taxonomy":"product_brand","embeddable":true,"href":"https:\/\/grupojaguel.com\/index.php\/wp-json\/wp\/v2\/product_brand?post=5423"},{"taxonomy":"product_cat","embeddable":true,"href":"https:\/\/grupojaguel.com\/index.php\/wp-json\/wp\/v2\/product_cat?post=5423"},{"taxonomy":"product_tag","embeddable":true,"href":"https:\/\/grupojaguel.com\/index.php\/wp-json\/wp\/v2\/product_tag?post=5423"}],"curies":[{"name":"wp","href":"https:\/\/api.w.org\/{rel}","templated":true}]}}