{"id":5291,"date":"2025-04-21T22:26:19","date_gmt":"2025-04-21T22:26:19","guid":{"rendered":"https:\/\/grupojaguel.com\/?post_type=product&#038;p=5291"},"modified":"2025-04-21T22:26:19","modified_gmt":"2025-04-21T22:26:19","slug":"casa-en-renta-en-sisal-en-valladolid-yucatan-frente-al-exconvento-san-bernardino","status":"publish","type":"product","link":"https:\/\/grupojaguel.com\/index.php\/producto\/casa-en-renta-en-sisal-en-valladolid-yucatan-frente-al-exconvento-san-bernardino\/","title":{"rendered":"Casa en renta en Sisal en Valladolid Yucat\u00e1n frente al exconvento san Bernardino"},"content":{"rendered":"<p><iframe loading=\"lazy\" title=\"Casa en renta en Sisal en Valladolid Yucat\u00e1n frente al exconvento san Bernardino\" width=\"500\" height=\"281\" src=\"https:\/\/www.youtube.com\/embed\/z2xT71FCRP8?feature=oembed\" frameborder=\"0\" allow=\"accelerometer; autoplay; clipboard-write; encrypted-media; gyroscope; picture-in-picture; web-share\" referrerpolicy=\"strict-origin-when-cross-origin\" allowfullscreen><\/iframe><\/p>\n","protected":false},"excerpt":{"rendered":"<p>Casa reci\u00e9n remodelada en su totalidad lista para estrenar en Sisal Valladolid en Yucat\u00e1n, en excelente ubicaci\u00f3n enfrente del exconvento de San Bernardino de Siena y la calzada de los frailes, cerca de los mejores restaurantes ya que es tur\u00edstico esta zona. Puede ser para casa habitaci\u00f3n o negocio<\/p>\n<p>Superficie: 670m2<\/p>\n<p>Construcci\u00f3n: 284.36m2<\/p>\n<p>Recepci\u00f3n con 2 paredes de piedra 2 ventiladores tipo candelabros<\/p>\n<p>Sala<\/p>\n<p>Comedor con 1 pared de piedra<\/p>\n<p>Cocina amplia con parrilla de 6 quemadores<\/p>\n<p>2 recamaras con closet y ba\u00f1o completo c\/u<\/p>\n<p>1 ba\u00f1o completo para visitas<\/p>\n<p>Terraza<\/p>\n<p>Jard\u00edn amplio<\/p>\n<p>Patio amplio<\/p>\n<p>Renta Casa Habitaci\u00f3n $35,000<\/p>\n<p>Renta para negocio $40,000<\/p>\n<p>Cuenta con Cisterna, tinaco de 1,000Lts, fosa s\u00e9ptica, tanque de gas de 30kg, parrilla de gas, 2 aires acondicionado en cuartos, ventiladores y 2 ventiladores tipo candelabros.<\/p>\n<p>Mascotas permitidas previa autorizaci\u00f3n<\/p>\n","protected":false},"featured_media":5292,"comment_status":"open","ping_status":"closed","template":"","meta":[],"product_brand":[],"product_cat":[22,19,18],"product_tag":[213,214,117,211,212],"class_list":{"0":"post-5291","1":"product","2":"type-product","3":"status-publish","4":"has-post-thumbnail","6":"product_cat-casarenta","7":"product_cat-yucatan","8":"product_cat-yuc-renta","9":"product_tag-alquiler-de-casa-en-valladolid","10":"product_tag-casa-en-alquiler-en-valladolid","11":"product_tag-casa-en-renta","12":"product_tag-casa-en-renta-en-valladolid","13":"product_tag-renta-de-casa-en-valladolid","14":"pa_com-locales","15":"pa_operacion-rta","16":"pa_recamaras-2rec","17":"pa_tipo-casas","18":"pa_zona-ote","20":"first","21":"instock","22":"shipping-taxable","23":"purchasable","24":"product-type-simple"},"_links":{"self":[{"href":"https:\/\/grupojaguel.com\/index.php\/wp-json\/wp\/v2\/product\/5291","targetHints":{"allow":["GET"]}}],"collection":[{"href":"https:\/\/grupojaguel.com\/index.php\/wp-json\/wp\/v2\/product"}],"about":[{"href":"https:\/\/grupojaguel.com\/index.php\/wp-json\/wp\/v2\/types\/product"}],"replies":[{"embeddable":true,"href":"https:\/\/grupojaguel.com\/index.php\/wp-json\/wp\/v2\/comments?post=5291"}],"wp:featuredmedia":[{"embeddable":true,"href":"https:\/\/grupojaguel.com\/index.php\/wp-json\/wp\/v2\/media\/5292"}],"wp:attachment":[{"href":"https:\/\/grupojaguel.com\/index.php\/wp-json\/wp\/v2\/media?parent=5291"}],"wp:term":[{"taxonomy":"product_brand","embeddable":true,"href":"https:\/\/grupojaguel.com\/index.php\/wp-json\/wp\/v2\/product_brand?post=5291"},{"taxonomy":"product_cat","embeddable":true,"href":"https:\/\/grupojaguel.com\/index.php\/wp-json\/wp\/v2\/product_cat?post=5291"},{"taxonomy":"product_tag","embeddable":true,"href":"https:\/\/grupojaguel.com\/index.php\/wp-json\/wp\/v2\/product_tag?post=5291"}],"curies":[{"name":"wp","href":"https:\/\/api.w.org\/{rel}","templated":true}]}}