{"id":5242,"date":"2025-04-10T19:15:18","date_gmt":"2025-04-10T19:15:18","guid":{"rendered":"https:\/\/grupojaguel.com\/?post_type=product&#038;p=5242"},"modified":"2025-06-04T22:02:19","modified_gmt":"2025-06-04T22:02:19","slug":"casa-en-venta-en-esquina-en-la-miguel-aleman-en-merida-yucatan","status":"publish","type":"product","link":"https:\/\/grupojaguel.com\/index.php\/producto\/casa-en-venta-en-esquina-en-la-miguel-aleman-en-merida-yucatan\/","title":{"rendered":"Casa en venta en esquina en la Miguel Alem\u00e1n en M\u00e9rida Yucat\u00e1n"},"content":{"rendered":"<p><iframe loading=\"lazy\" title=\"Casa en venta en esquina en la Miguel Alem\u00e1n en M\u00e9rida Yucat\u00e1n\" width=\"500\" height=\"281\" src=\"https:\/\/www.youtube.com\/embed\/L3XJnLrx3HY?feature=oembed\" frameborder=\"0\" allow=\"accelerometer; autoplay; clipboard-write; encrypted-media; gyroscope; picture-in-picture; web-share\" referrerpolicy=\"strict-origin-when-cross-origin\" allowfullscreen><\/iframe><\/p>\n","protected":false},"excerpt":{"rendered":"<p>Casa en excelente ubicaci\u00f3n para la casa de sus sue\u00f1os, ideal desarrollar, para comercio, oficinas, etc, en la ic\u00f3nica Miguel Alem\u00e1n dentro de la ciudad en M\u00e9rida Yucat\u00e1n en esquina da a 2 calles muy transitadas.<\/p>\n<p>Son 2 terrenos la suma de los 2 da:<\/p>\n<p>Superficie: 534.11m2<\/p>\n<p>Construcci\u00f3n: 467.52m2<\/p>\n<p>Medidas irregulares: frente de 26m y 20m de fondo aprox.<\/p>\n<p>PLANTA BAJA<\/p>\n<p>Estacionamiento para 2 veh\u00edculos y se puede ampliar para m\u00e1s.<\/p>\n<p>Recibidor<\/p>\n<p>Sala comedor<\/p>\n<p>Cocina amplia<\/p>\n<p>Terraza con bar<\/p>\n<p>Piscina de 7.5m por 4m<\/p>\n<p>Ba\u00f1o para \u00e1rea de piscina<\/p>\n<p>Patio amplio y jard\u00edn<\/p>\n<p>Cuarto de servicio con ba\u00f1o<\/p>\n<p>\u00c1rea de lavado con bodega<\/p>\n<p>PLANTA INTERMEDIA<\/p>\n<p>Recibidor principal con medio ba\u00f1o de visitas<\/p>\n<p>PLANTA ALTA<\/p>\n<p>3 habitaciones con closet y ba\u00f1o completo c\/u<\/p>\n<p>La informaci\u00f3n y el precio de esta propiedad est\u00e1n sujetos a cambios sin previo aviso. Las im\u00e1genes y caracter\u00edsticas son representaciones generales del bien son para fines ilustrativos y no necesariamente reflejan la condici\u00f3n actual del mismo, no incluye mobiliario, equipo, decoraci\u00f3n, vegetaci\u00f3n ni veh\u00edculos. Se recomienda verificar la informaci\u00f3n de forma directa antes de realizar cualquier transacci\u00f3n. En conformidad a lo establecido en la NOM-247-2021 el precio total reflejado se ve determinado en funci\u00f3n de los montos variables de conceptos notariales, de cr\u00e9dito, dichos deber\u00e1n ser consultados con la inmobiliaria o por medio de sus consultores de conformidad a la NOM-247-2021<\/p>\n","protected":false},"featured_media":5243,"comment_status":"open","ping_status":"closed","template":"","meta":[],"product_brand":[],"product_cat":[21,26,19,17],"product_tag":[179,40,189,209],"class_list":{"0":"post-5242","1":"product","2":"type-product","3":"status-publish","4":"has-post-thumbnail","6":"product_cat-casas","7":"product_cat-comventa","8":"product_cat-yucatan","9":"product_cat-yuc-venta","10":"product_tag-bienes-raices-en-merida","11":"product_tag-casa-en-venta","12":"product_tag-propiedad-comercial-en-venta","13":"product_tag-venta-de-casa-en-merida","14":"pa_com-oficinas","15":"pa_operacion-vta","16":"pa_recamaras-3rec","17":"pa_tipo-casas","18":"pa_tipo-propiedades-comerciales","19":"pa_zona-nte","21":"first","22":"instock","23":"shipping-taxable","24":"purchasable","25":"product-type-simple"},"_links":{"self":[{"href":"https:\/\/grupojaguel.com\/index.php\/wp-json\/wp\/v2\/product\/5242","targetHints":{"allow":["GET"]}}],"collection":[{"href":"https:\/\/grupojaguel.com\/index.php\/wp-json\/wp\/v2\/product"}],"about":[{"href":"https:\/\/grupojaguel.com\/index.php\/wp-json\/wp\/v2\/types\/product"}],"replies":[{"embeddable":true,"href":"https:\/\/grupojaguel.com\/index.php\/wp-json\/wp\/v2\/comments?post=5242"}],"wp:featuredmedia":[{"embeddable":true,"href":"https:\/\/grupojaguel.com\/index.php\/wp-json\/wp\/v2\/media\/5243"}],"wp:attachment":[{"href":"https:\/\/grupojaguel.com\/index.php\/wp-json\/wp\/v2\/media?parent=5242"}],"wp:term":[{"taxonomy":"product_brand","embeddable":true,"href":"https:\/\/grupojaguel.com\/index.php\/wp-json\/wp\/v2\/product_brand?post=5242"},{"taxonomy":"product_cat","embeddable":true,"href":"https:\/\/grupojaguel.com\/index.php\/wp-json\/wp\/v2\/product_cat?post=5242"},{"taxonomy":"product_tag","embeddable":true,"href":"https:\/\/grupojaguel.com\/index.php\/wp-json\/wp\/v2\/product_tag?post=5242"}],"curies":[{"name":"wp","href":"https:\/\/api.w.org\/{rel}","templated":true}]}}