{"id":5196,"date":"2025-03-26T21:44:37","date_gmt":"2025-03-26T21:44:37","guid":{"rendered":"https:\/\/grupojaguel.com\/?post_type=product&#038;p=5196"},"modified":"2025-06-04T22:01:40","modified_gmt":"2025-06-04T22:01:40","slug":"casa-en-venta-en-leandro-valle-en-merida-yucatan","status":"publish","type":"product","link":"https:\/\/grupojaguel.com\/index.php\/producto\/casa-en-venta-en-leandro-valle-en-merida-yucatan\/","title":{"rendered":"Casa en venta en Leandro Valle en M\u00e9rida Yucat\u00e1n"},"content":{"rendered":"<p><iframe loading=\"lazy\" title=\"Casa en venta en Leandro Valle en M\u00e9rida Yucat\u00e1n\" width=\"500\" height=\"281\" src=\"https:\/\/www.youtube.com\/embed\/NSS483pU5Ew?feature=oembed\" frameborder=\"0\" allow=\"accelerometer; autoplay; clipboard-write; encrypted-media; gyroscope; picture-in-picture; web-share\" referrerpolicy=\"strict-origin-when-cross-origin\" allowfullscreen><\/iframe><\/p>\n","protected":false},"excerpt":{"rendered":"<p>Casa en venta en Leandro Valle en la ciudad de M\u00e9rida Yucat\u00e1n, es de 2 pisos la casa, en buena ubicaci\u00f3n al encontrarse cerca de perif\u00e9rico.<\/p>\n<p>La casa consta de:<\/p>\n<p>Superficie: 230.05m2<\/p>\n<p>Construcci\u00f3n: 251.86m2<\/p>\n<p>Medidas: 10m de frente por 23.01m de fondo de figura regular<\/p>\n<p>PLANTA BAJA<\/p>\n<p>Estacionamiento para 2 veh\u00edculos<\/p>\n<p>Sala comedor a doble altura<\/p>\n<p>Cocina con meseta desayunador, alacena y parrilla de 5 quemadores con campana<\/p>\n<p>Medio ba\u00f1o de visitas<\/p>\n<p>1 recamara principal con closet vestidor, ba\u00f1o completo y aire acondicionado<\/p>\n<p>Piscina de 2.4 x 4 de 1.4m de profundidad con pozo de llenado y desag\u00fce por gravedad<\/p>\n<p>Bodega bajo las escaleras<\/p>\n<p>Cuarto de lavado<\/p>\n<p>PLANTA ALTA<\/p>\n<p>Family room<\/p>\n<p>1 recamara con vista a la doble altura, con espacio de closet (falta puertas y el ventanal a la doble altura)<\/p>\n<p>1 recamara con vista a la piscina, con aire acondicionado, espacio de closet (falta la puerta de entrada)<\/p>\n<p>1 ba\u00f1o completo (falta maneral de lavado de manos)<\/p>\n<p>Cuenta con: cisterna, hidroneum\u00e1tico, 2 A\/A de 18 y 24btus, calentador el\u00e9ctrico, parrilla de 5 quemadores con campana<\/p>\n<p>Ya est\u00e1 preparada para que si gustan instalar paneles solares, tanque estacionario y sistema de filtrado de piscina<\/p>\n<p>Tiene un adeudo bancario se acepta recurso propio y bancario<\/p>\n<p>*En conformidad a lo establecido en la NOM-247-2021 el precio total reflejado se ve determinado en funci\u00f3n de los montos variables de conceptos notariales, de cr\u00e9dito, dichos deber\u00e1n ser consultados con la inmobiliaria o por medio de sus consultores de conformidad a la NOM-247-2021*<\/p>\n<p>*Las fotograf\u00edas son ilustrativas, el producto final podr\u00eda variar y est\u00e1 sujeto a cambio de precio sin previo aviso<\/p>\n","protected":false},"featured_media":5197,"comment_status":"open","ping_status":"closed","template":"","meta":[],"product_brand":[],"product_cat":[21,19,17],"product_tag":[179,145,40,168,166,209],"class_list":{"0":"post-5196","1":"product","2":"type-product","3":"status-publish","4":"has-post-thumbnail","6":"product_cat-casas","7":"product_cat-yucatan","8":"product_cat-yuc-venta","9":"product_tag-bienes-raices-en-merida","10":"product_tag-bienes-raices-merida","11":"product_tag-casa-en-venta","12":"product_tag-casa-en-venta-en-merida","13":"product_tag-venta-de-casa","14":"product_tag-venta-de-casa-en-merida","15":"pa_operacion-vta","16":"pa_recamaras-3rec","17":"pa_tipo-casas","18":"pa_zona-nte","19":"pa_zona-ote","21":"first","22":"instock","23":"shipping-taxable","24":"purchasable","25":"product-type-simple"},"_links":{"self":[{"href":"https:\/\/grupojaguel.com\/index.php\/wp-json\/wp\/v2\/product\/5196","targetHints":{"allow":["GET"]}}],"collection":[{"href":"https:\/\/grupojaguel.com\/index.php\/wp-json\/wp\/v2\/product"}],"about":[{"href":"https:\/\/grupojaguel.com\/index.php\/wp-json\/wp\/v2\/types\/product"}],"replies":[{"embeddable":true,"href":"https:\/\/grupojaguel.com\/index.php\/wp-json\/wp\/v2\/comments?post=5196"}],"wp:featuredmedia":[{"embeddable":true,"href":"https:\/\/grupojaguel.com\/index.php\/wp-json\/wp\/v2\/media\/5197"}],"wp:attachment":[{"href":"https:\/\/grupojaguel.com\/index.php\/wp-json\/wp\/v2\/media?parent=5196"}],"wp:term":[{"taxonomy":"product_brand","embeddable":true,"href":"https:\/\/grupojaguel.com\/index.php\/wp-json\/wp\/v2\/product_brand?post=5196"},{"taxonomy":"product_cat","embeddable":true,"href":"https:\/\/grupojaguel.com\/index.php\/wp-json\/wp\/v2\/product_cat?post=5196"},{"taxonomy":"product_tag","embeddable":true,"href":"https:\/\/grupojaguel.com\/index.php\/wp-json\/wp\/v2\/product_tag?post=5196"}],"curies":[{"name":"wp","href":"https:\/\/api.w.org\/{rel}","templated":true}]}}