{"id":5043,"date":"2025-02-12T22:18:41","date_gmt":"2025-02-12T22:18:41","guid":{"rendered":"https:\/\/grupojaguel.com\/?post_type=product&#038;p=5043"},"modified":"2025-02-12T22:18:41","modified_gmt":"2025-02-12T22:18:41","slug":"terreno-en-esquina-en-venta-en-dzitya-en-merida-yucatan-zona-norte","status":"publish","type":"product","link":"https:\/\/grupojaguel.com\/index.php\/producto\/terreno-en-esquina-en-venta-en-dzitya-en-merida-yucatan-zona-norte\/","title":{"rendered":"Terreno en esquina en Venta en Dzitya en M\u00e9rida Yucat\u00e1n zona norte"},"content":{"rendered":"","protected":false},"excerpt":{"rendered":"<p>Terreno en venta en esquina en un entorno de casas residenciales en Dzitya. Ideal para construir la casa de tus sue\u00f1os, a 2 esquinas del Fraccionamiento las Am\u00e9ricas, ubicado en la zona norte de M\u00e9rida, a 5 minutos de la carretera principal de Dzity\u00e1, excelente ubicaci\u00f3n y gran plusval\u00eda.<\/p>\n<p>Dzity\u00e1 es una zona en crecimiento, predominan las residencias de lujo, en terrenos de medidas en promedio de 500 a 600 m\u00b2, con amplios espacios, finos acabados, lujosas piscinas y espaciosos jardines. La zona est\u00e1 adquiriendo plusval\u00eda a pasos acelerados por su continuo desarrollo, debido a su ubicaci\u00f3n tiene excelentes conexiones hacia perif\u00e9rico, carretera M\u00e9rida-Progreso, y hacia las mejores plazas y centros comerciales de la ciudad: The Harbor, Galer\u00edas, Liverpool, Costco, as\u00ed como, a las mejores universidades y escuelas.<\/p>\n<p>&nbsp;<\/p>\n<p>Superficie: 608.66m2<\/p>\n<p>Medidas de Frente: 14.40m<\/p>\n<p>Medidas de Fondo: 42.50m<\/p>\n<p>Ubicaci\u00f3n en Esquina.<\/p>\n<p>Calle blanca<\/p>\n<p>Pavimento a 42.50m<\/p>\n<p>Propiedad privada sin gravamen listo para escriturar.<\/p>\n<p>Luz a pie de terreno<\/p>\n","protected":false},"featured_media":5045,"comment_status":"open","ping_status":"closed","template":"","meta":[],"product_brand":[],"product_cat":[27,19,17],"product_tag":[202,38,183],"class_list":{"0":"post-5043","1":"product","2":"type-product","3":"status-publish","4":"has-post-thumbnail","6":"product_cat-terrventa","7":"product_cat-yucatan","8":"product_cat-yuc-venta","9":"product_tag-terreno-en-esquina-en-venta","10":"product_tag-terreno-en-venta","11":"product_tag-venta-de-terreno","12":"pa_operacion-vta","13":"pa_tipo-terreno","14":"pa_zona-nte","16":"first","17":"instock","18":"shipping-taxable","19":"purchasable","20":"product-type-simple"},"_links":{"self":[{"href":"https:\/\/grupojaguel.com\/index.php\/wp-json\/wp\/v2\/product\/5043","targetHints":{"allow":["GET"]}}],"collection":[{"href":"https:\/\/grupojaguel.com\/index.php\/wp-json\/wp\/v2\/product"}],"about":[{"href":"https:\/\/grupojaguel.com\/index.php\/wp-json\/wp\/v2\/types\/product"}],"replies":[{"embeddable":true,"href":"https:\/\/grupojaguel.com\/index.php\/wp-json\/wp\/v2\/comments?post=5043"}],"wp:featuredmedia":[{"embeddable":true,"href":"https:\/\/grupojaguel.com\/index.php\/wp-json\/wp\/v2\/media\/5045"}],"wp:attachment":[{"href":"https:\/\/grupojaguel.com\/index.php\/wp-json\/wp\/v2\/media?parent=5043"}],"wp:term":[{"taxonomy":"product_brand","embeddable":true,"href":"https:\/\/grupojaguel.com\/index.php\/wp-json\/wp\/v2\/product_brand?post=5043"},{"taxonomy":"product_cat","embeddable":true,"href":"https:\/\/grupojaguel.com\/index.php\/wp-json\/wp\/v2\/product_cat?post=5043"},{"taxonomy":"product_tag","embeddable":true,"href":"https:\/\/grupojaguel.com\/index.php\/wp-json\/wp\/v2\/product_tag?post=5043"}],"curies":[{"name":"wp","href":"https:\/\/api.w.org\/{rel}","templated":true}]}}