{"id":5011,"date":"2025-02-10T23:30:45","date_gmt":"2025-02-10T23:30:45","guid":{"rendered":"https:\/\/grupojaguel.com\/?post_type=product&#038;p=5011"},"modified":"2025-02-10T23:30:45","modified_gmt":"2025-02-10T23:30:45","slug":"terreno-en-venta-en-misnebalam-en-merida-yucatan-zona-norte","status":"publish","type":"product","link":"https:\/\/grupojaguel.com\/index.php\/producto\/terreno-en-venta-en-misnebalam-en-merida-yucatan-zona-norte\/","title":{"rendered":"Terreno en venta en Misnebalam en M\u00e9rida Yucat\u00e1n zona norte"},"content":{"rendered":"","protected":false},"excerpt":{"rendered":"<p>Oportunidad de Terreno en venta en Misnebalam, al norte de M\u00e9rida Yucat\u00e1n de muy alta plusval\u00eda, excelente inversi\u00f3n a corto plazo, zona donde actualmente est\u00e1n avanzando r\u00e1pidamente los desarrollos habitacionales, ideal para construir tu casa de ensue\u00f1o, townhouses, departamentos, etc.<\/p>\n<p>El terreno consta de:<\/p>\n<p>Superficie: 2,100m2<\/p>\n<p>Medidas: 30m de frente por 70m de fondo<\/p>\n<p>Luz a unas cuadras del terreno<\/p>\n<p>Propiedad privada libre de gravamen<\/p>\n<p>Ubicado en Misnebalan II<\/p>\n<p>Perteneciente al municipio de progreso<\/p>\n<p>A 15min del mar y de M\u00e9rida<\/p>\n<p>*Las fotograf\u00edas son ilustrativas, el producto final podr\u00eda variar y est\u00e1 sujeto a cambio de precio sin previo aviso<\/p>\n<p>*En conformidad a lo establecido en la NOM-247-2021 el precio total reflejado se ve determinado en funci\u00f3n de los montos variables de conceptos notariales, de cr\u00e9dito, dichos deber\u00e1n ser consultados con la inmobiliaria o por medio de sus consultores de conformidad a la NOM-247-2021*<\/p>\n","protected":false},"featured_media":5012,"comment_status":"open","ping_status":"closed","template":"","meta":[],"product_brand":[],"product_cat":[27,19,17],"product_tag":[39,38,183],"class_list":{"0":"post-5011","1":"product","2":"type-product","3":"status-publish","4":"has-post-thumbnail","6":"product_cat-terrventa","7":"product_cat-yucatan","8":"product_cat-yuc-venta","9":"product_tag-comprar-terreno","10":"product_tag-terreno-en-venta","11":"product_tag-venta-de-terreno","12":"pa_operacion-vta","13":"pa_tipo-terreno","14":"pa_zona-nte","16":"first","17":"instock","18":"shipping-taxable","19":"purchasable","20":"product-type-simple"},"_links":{"self":[{"href":"https:\/\/grupojaguel.com\/index.php\/wp-json\/wp\/v2\/product\/5011","targetHints":{"allow":["GET"]}}],"collection":[{"href":"https:\/\/grupojaguel.com\/index.php\/wp-json\/wp\/v2\/product"}],"about":[{"href":"https:\/\/grupojaguel.com\/index.php\/wp-json\/wp\/v2\/types\/product"}],"replies":[{"embeddable":true,"href":"https:\/\/grupojaguel.com\/index.php\/wp-json\/wp\/v2\/comments?post=5011"}],"wp:featuredmedia":[{"embeddable":true,"href":"https:\/\/grupojaguel.com\/index.php\/wp-json\/wp\/v2\/media\/5012"}],"wp:attachment":[{"href":"https:\/\/grupojaguel.com\/index.php\/wp-json\/wp\/v2\/media?parent=5011"}],"wp:term":[{"taxonomy":"product_brand","embeddable":true,"href":"https:\/\/grupojaguel.com\/index.php\/wp-json\/wp\/v2\/product_brand?post=5011"},{"taxonomy":"product_cat","embeddable":true,"href":"https:\/\/grupojaguel.com\/index.php\/wp-json\/wp\/v2\/product_cat?post=5011"},{"taxonomy":"product_tag","embeddable":true,"href":"https:\/\/grupojaguel.com\/index.php\/wp-json\/wp\/v2\/product_tag?post=5011"}],"curies":[{"name":"wp","href":"https:\/\/api.w.org\/{rel}","templated":true}]}}