{"id":4908,"date":"2024-10-11T17:22:30","date_gmt":"2024-10-11T17:22:30","guid":{"rendered":"https:\/\/grupojaguel.com\/?post_type=product&#038;p=4908"},"modified":"2025-10-15T21:10:40","modified_gmt":"2025-10-15T21:10:40","slug":"casa-en-venta-en-privada-parque-central-en-cholul-en-merida-yucatan","status":"publish","type":"product","link":"https:\/\/grupojaguel.com\/index.php\/producto\/casa-en-venta-en-privada-parque-central-en-cholul-en-merida-yucatan\/","title":{"rendered":"Casa en venta en privada Parque Central en Cholul en M\u00e9rida Yucat\u00e1n"},"content":{"rendered":"<p><iframe loading=\"lazy\" title=\"Casa en venta en privada Parque Central en Cholul en M\u00e9rida Yucat\u00e1n\" width=\"500\" height=\"281\" src=\"https:\/\/www.youtube.com\/embed\/HtSrLsM3ljM?feature=oembed\" frameborder=\"0\" allow=\"accelerometer; autoplay; clipboard-write; encrypted-media; gyroscope; picture-in-picture; web-share\" referrerpolicy=\"strict-origin-when-cross-origin\" allowfullscreen><\/iframe><\/p>\n","protected":false},"excerpt":{"rendered":"<p>Casa en venta en Privada Parque Central Cholul en exclusiva privada residencial con rodeado de vegetaci\u00f3n, amenidades y seguridad 24\/7, ubicado al norte de M\u00e9rida Yucat\u00e1n en donde la cercan\u00eda a perif\u00e9rico, escuelas, bancos y plazas comerciales no rebasa los 5 min de trayecto, lote privilegiado a lado de los jardines y alberca de la casa club, tiene vista directa al hermoso parque con m\u00e1s de 33,000m2 de \u00e1reas verdes, pista de Jogging, kids play ground, casa club con piscina, cocina, salas de descanso, camastros, mesa de pingpon, futbolito etc.<\/p>\n<p>Terreno: 329.31m2<\/p>\n<p>Construcci\u00f3n: 275.75m2<\/p>\n<p>El proyecto ejecutivo de esta propiedad se distribuye de la siguiente manera:<\/p>\n<p><strong>PLATA BAJA<\/strong>: cuenta con 4 lugares de estacionamiento, dos de ellos techados, cisterna de 5000ltrs. Estudio, ba\u00f1o completo, cuarto de lavado, \u00e1rea de despensa, sala, comedor y cocina en un espacio completamente abierto con un \u00e1rea de 64m2, escalera de papelillo o doble cara en doble altura, jard\u00edn frontal y posterior con alberca de 3.5&#215;5 m con acabado en Chucum.<\/p>\n<p><strong>PLANTA ALTA:<\/strong> rec\u00e1mara principal muy amplia con cl\u00f3set, ba\u00f1o con doble lavamanos y balc\u00f3n, rec\u00e1mara secundaria 1 con closet vestidor ba\u00f1o completo y balc\u00f3n, rec\u00e1mara secundaria 2 con ba\u00f1o completo, cl\u00f3set y balc\u00f3n.<\/p>\n<p>*En conformidad a lo establecido en la NOM-247-2021 el precio total reflejado se ve determinado en funci\u00f3n de los montos variables de conceptos notariales, de cr\u00e9dito, dichos deber\u00e1n ser consultados con la inmobiliaria o por medio de sus consultores de conformidad a la NOM-247-2021*<\/p>\n","protected":false},"featured_media":4909,"comment_status":"open","ping_status":"closed","template":"","meta":[],"product_brand":[],"product_cat":[21,57,19,17],"product_tag":[40,106,166],"class_list":{"0":"post-4908","1":"product","2":"type-product","3":"status-publish","4":"has-post-thumbnail","6":"product_cat-casas","7":"product_cat-yuc-vta-priv","8":"product_cat-yucatan","9":"product_cat-yuc-venta","10":"product_tag-casa-en-venta","11":"product_tag-comprar-casa-en-privada","12":"product_tag-venta-de-casa","13":"pa_operacion-vta","14":"pa_recamaras-3rec","15":"pa_tipo-casas","16":"pa_tipo-priv","17":"pa_zona-nte","19":"first","20":"instock","21":"shipping-taxable","22":"purchasable","23":"product-type-simple"},"_links":{"self":[{"href":"https:\/\/grupojaguel.com\/index.php\/wp-json\/wp\/v2\/product\/4908","targetHints":{"allow":["GET"]}}],"collection":[{"href":"https:\/\/grupojaguel.com\/index.php\/wp-json\/wp\/v2\/product"}],"about":[{"href":"https:\/\/grupojaguel.com\/index.php\/wp-json\/wp\/v2\/types\/product"}],"replies":[{"embeddable":true,"href":"https:\/\/grupojaguel.com\/index.php\/wp-json\/wp\/v2\/comments?post=4908"}],"wp:featuredmedia":[{"embeddable":true,"href":"https:\/\/grupojaguel.com\/index.php\/wp-json\/wp\/v2\/media\/4909"}],"wp:attachment":[{"href":"https:\/\/grupojaguel.com\/index.php\/wp-json\/wp\/v2\/media?parent=4908"}],"wp:term":[{"taxonomy":"product_brand","embeddable":true,"href":"https:\/\/grupojaguel.com\/index.php\/wp-json\/wp\/v2\/product_brand?post=4908"},{"taxonomy":"product_cat","embeddable":true,"href":"https:\/\/grupojaguel.com\/index.php\/wp-json\/wp\/v2\/product_cat?post=4908"},{"taxonomy":"product_tag","embeddable":true,"href":"https:\/\/grupojaguel.com\/index.php\/wp-json\/wp\/v2\/product_tag?post=4908"}],"curies":[{"name":"wp","href":"https:\/\/api.w.org\/{rel}","templated":true}]}}