{"id":4881,"date":"2024-10-10T20:10:21","date_gmt":"2024-10-10T20:10:21","guid":{"rendered":"https:\/\/grupojaguel.com\/?post_type=product&#038;p=4881"},"modified":"2025-10-27T20:08:14","modified_gmt":"2025-10-27T20:08:14","slug":"casa-en-venta-en-itzimna-en-merida-yucatan-remodelada-zona-norte","status":"publish","type":"product","link":"https:\/\/grupojaguel.com\/index.php\/producto\/casa-en-venta-en-itzimna-en-merida-yucatan-remodelada-zona-norte\/","title":{"rendered":"Casa en venta en Itzimna en M\u00e9rida Yucat\u00e1n remodelada zona norte"},"content":{"rendered":"<p><iframe loading=\"lazy\" title=\"Casa en venta en Itzimna en M\u00e9rida Yucat\u00e1n remodelada zona norte\" width=\"500\" height=\"281\" src=\"https:\/\/www.youtube.com\/embed\/64BqkxvQVaM?feature=oembed\" frameborder=\"0\" allow=\"accelerometer; autoplay; clipboard-write; encrypted-media; gyroscope; picture-in-picture; web-share\" referrerpolicy=\"strict-origin-when-cross-origin\" allowfullscreen><\/iframe><\/p>\n","protected":false},"excerpt":{"rendered":"<p>&nbsp;<\/p>\n<p>Casa totalmente remodelada en la colonia Itzimna en M\u00e9rida Yucat\u00e1n en excelente ubicaci\u00f3n entre colonia M\u00e9xico y Miguel Alem\u00e1n, zona segura, tranquila, familiar cerca del ic\u00f3nico parque de la alem\u00e1n, dentro de la ciudad y zona norte.<\/p>\n<p>La casa es de 2 plantas y consta de:<\/p>\n<p>Superficie: 258.4.m2<\/p>\n<p>Construcci\u00f3n: 303.12m2<\/p>\n<p>Medidas: 6.80m de frente por 38m de fondo<\/p>\n<p>PLANTA BAJA<\/p>\n<p>Estacionamiento techado para 1 vehiculo<\/p>\n<p>Sala con ventilador \u2013 comedor con ventilador<\/p>\n<p>Cocina integral (vestida y equipada)<\/p>\n<p>1 recamara principal con aire acondicionado, ventilador, closet y ba\u00f1o completo<\/p>\n<p>Terraza techada con 2 ventiladores, con tarja, con medio ba\u00f1o<\/p>\n<p>Piscina de 8.5m por 2m con sistema de filtraci\u00f3n y muro llor\u00f3n<\/p>\n<p>Cuarto de lavado amplio<\/p>\n<p>1 peque\u00f1a casa de hu\u00e9spedes al fondo del predio<\/p>\n<p>PLANTA ALTA<\/p>\n<p>2 recamaras con closet, aire acondicionado, ventiladores y balc\u00f3n c\/u (un balc\u00f3n cuenta con p\u00e9rgola con vista a la alberca)<\/p>\n<p>1 ba\u00f1o completo<\/p>\n<p>Se entrega con: Calentador, hidroneum\u00e1tico, todas las recamaras con climas invertir de 1 tonelada, tanque estacionario para suministro de gas en parrilla y horno de cocina, pisos de m\u00e1rmol travertino en ba\u00f1os y m\u00e1rmol terrazo en las recamaras. El ba\u00f1o de la recamara principal y el ba\u00f1o en planta alta, se entregan con un fijo de vidrio templado para la ducha. Las ventanas se entregan con protectores y mosquiteros. (excepto las puertas corredizas)<\/p>\n<p>*En conformidad a lo establecido en la NOM-247-2021 el precio total reflejado se ve determinado en funci\u00f3n de los montos variables de conceptos notariales, de cr\u00e9dito, dichos deber\u00e1n ser consultados con la inmobiliaria o por medio de sus consultores de conformidad a la NOM-247-2021*<\/p>\n<p>*Las fotograf\u00edas son ilustrativas, el producto final podr\u00eda variar y est\u00e1 sujeto a cambio de precio sin previo aviso<\/p>\n","protected":false},"featured_media":4882,"comment_status":"open","ping_status":"closed","template":"","meta":[],"product_brand":[],"product_cat":[21,19,17],"product_tag":[179,40,153],"class_list":{"0":"post-4881","1":"product","2":"type-product","3":"status-publish","4":"has-post-thumbnail","6":"product_cat-casas","7":"product_cat-yucatan","8":"product_cat-yuc-venta","9":"product_tag-bienes-raices-en-merida","10":"product_tag-casa-en-venta","11":"product_tag-casa-en-venta-al-norte","12":"pa_operacion-vta","13":"pa_recamaras-4rec","14":"pa_tipo-casas","15":"pa_zona-ctro","16":"pa_zona-nte","18":"first","19":"instock","20":"shipping-taxable","21":"purchasable","22":"product-type-simple"},"_links":{"self":[{"href":"https:\/\/grupojaguel.com\/index.php\/wp-json\/wp\/v2\/product\/4881","targetHints":{"allow":["GET"]}}],"collection":[{"href":"https:\/\/grupojaguel.com\/index.php\/wp-json\/wp\/v2\/product"}],"about":[{"href":"https:\/\/grupojaguel.com\/index.php\/wp-json\/wp\/v2\/types\/product"}],"replies":[{"embeddable":true,"href":"https:\/\/grupojaguel.com\/index.php\/wp-json\/wp\/v2\/comments?post=4881"}],"wp:featuredmedia":[{"embeddable":true,"href":"https:\/\/grupojaguel.com\/index.php\/wp-json\/wp\/v2\/media\/4882"}],"wp:attachment":[{"href":"https:\/\/grupojaguel.com\/index.php\/wp-json\/wp\/v2\/media?parent=4881"}],"wp:term":[{"taxonomy":"product_brand","embeddable":true,"href":"https:\/\/grupojaguel.com\/index.php\/wp-json\/wp\/v2\/product_brand?post=4881"},{"taxonomy":"product_cat","embeddable":true,"href":"https:\/\/grupojaguel.com\/index.php\/wp-json\/wp\/v2\/product_cat?post=4881"},{"taxonomy":"product_tag","embeddable":true,"href":"https:\/\/grupojaguel.com\/index.php\/wp-json\/wp\/v2\/product_tag?post=4881"}],"curies":[{"name":"wp","href":"https:\/\/api.w.org\/{rel}","templated":true}]}}