{"id":4640,"date":"2024-08-07T18:11:50","date_gmt":"2024-08-07T18:11:50","guid":{"rendered":"https:\/\/grupojaguel.com\/?post_type=product&#038;p=4640"},"modified":"2025-06-04T22:01:40","modified_gmt":"2025-06-04T22:01:40","slug":"departamento-en-venta-en-montebello-en-merida-yucatan-incluye-amenidades-zona-norte","status":"publish","type":"product","link":"https:\/\/grupojaguel.com\/index.php\/producto\/departamento-en-venta-en-montebello-en-merida-yucatan-incluye-amenidades-zona-norte\/","title":{"rendered":"Departamento en venta en Montebello en M\u00e9rida Yucat\u00e1n incluye amenidades zona norte"},"content":{"rendered":"","protected":false},"excerpt":{"rendered":"<p>Departamento en venta en Montebello en excelente ubicaci\u00f3n en zona norte, dentro de la ciudad de M\u00e9rida Yucat\u00e1n, en una de las mejores zonas para vivir, cerca de los mejores centros comerciales, hospitales, universidades, restaurantes y los mejores servicios de la ciudad. El departamento se encuentra en un complejo de 26 unidades que cuenta con amenidades.<\/p>\n<p>El departamento es en planta baja cuenta con:<\/p>\n<p>Superficie: 77 m2<\/p>\n<p>1 habitaci\u00f3n<\/p>\n<p>1 ba\u00f1o incluye: Encimera de m\u00e1rmol travertino, espejo en \u00e1rea de lavabo y cancel fijo de cristal templado en regadera.<\/p>\n<p>1 estacionamiento privado (acceso con tag), garage con port\u00f3n el\u00e9ctrico<\/p>\n<p>Cocina incluye: Encimera de granito negro San Gabriel, tarja y parrilla el\u00e9ctrica de 4 quemadores<\/p>\n<p>Sala<\/p>\n<p>Comedor<\/p>\n<p>Jard\u00edn<\/p>\n<p>Incluye calentador el\u00e9ctrico de paso.<\/p>\n<p>AMENIDADES:<\/p>\n<p>&#8211; Plaza de acceso<\/p>\n<p>&#8211; Laundry Room<\/p>\n<p>&#8211; Sal\u00f3n De Usos M\u00faltiples Acondicionado<\/p>\n<p>&#8211; Rooftop<\/p>\n<p>&#8211; \u00c1rea de Terraza<\/p>\n<p>&#8211; Grill Station<\/p>\n<p>&#8211; Alberca<\/p>\n<p>&#8211; WC Hombres y Mujeres<\/p>\n<p>&#8211; Pet Friendly<\/p>\n<p>Se aparta con $10,000<\/p>\n<p>Enganche 10 % Proyecto de escrituraci\u00f3n<\/p>\n<p>Entrega inmediata<\/p>\n<p>Aceptamos:<\/p>\n<p>&#8211; Cr\u00e9dito Infonavit<\/p>\n<p>&#8211; Cr\u00e9ditos bancarios<\/p>\n<p>&#8211; Recursos Propios<\/p>\n<p>&#8211; Cr\u00e9dito Pemex *Aprobado<\/p>\n","protected":false},"featured_media":4651,"comment_status":"open","ping_status":"closed","template":"","meta":[],"product_brand":[],"product_cat":[23,19,17],"product_tag":[179,34,197],"class_list":{"0":"post-4640","1":"product","2":"type-product","3":"status-publish","4":"has-post-thumbnail","6":"product_cat-dtoventa","7":"product_cat-yucatan","8":"product_cat-yuc-venta","9":"product_tag-bienes-raices-en-merida","10":"product_tag-departamento-en-venta","11":"product_tag-departamento-en-venta-en-merida","12":"pa_operacion-vta","13":"pa_recamaras-1rec","14":"pa_tipo-departamentos-y-townhouse","15":"pa_zona-nte","17":"first","18":"instock","19":"shipping-taxable","20":"purchasable","21":"product-type-simple"},"_links":{"self":[{"href":"https:\/\/grupojaguel.com\/index.php\/wp-json\/wp\/v2\/product\/4640","targetHints":{"allow":["GET"]}}],"collection":[{"href":"https:\/\/grupojaguel.com\/index.php\/wp-json\/wp\/v2\/product"}],"about":[{"href":"https:\/\/grupojaguel.com\/index.php\/wp-json\/wp\/v2\/types\/product"}],"replies":[{"embeddable":true,"href":"https:\/\/grupojaguel.com\/index.php\/wp-json\/wp\/v2\/comments?post=4640"}],"wp:featuredmedia":[{"embeddable":true,"href":"https:\/\/grupojaguel.com\/index.php\/wp-json\/wp\/v2\/media\/4651"}],"wp:attachment":[{"href":"https:\/\/grupojaguel.com\/index.php\/wp-json\/wp\/v2\/media?parent=4640"}],"wp:term":[{"taxonomy":"product_brand","embeddable":true,"href":"https:\/\/grupojaguel.com\/index.php\/wp-json\/wp\/v2\/product_brand?post=4640"},{"taxonomy":"product_cat","embeddable":true,"href":"https:\/\/grupojaguel.com\/index.php\/wp-json\/wp\/v2\/product_cat?post=4640"},{"taxonomy":"product_tag","embeddable":true,"href":"https:\/\/grupojaguel.com\/index.php\/wp-json\/wp\/v2\/product_tag?post=4640"}],"curies":[{"name":"wp","href":"https:\/\/api.w.org\/{rel}","templated":true}]}}