{"id":4603,"date":"2024-05-13T21:15:23","date_gmt":"2024-05-13T21:15:23","guid":{"rendered":"https:\/\/grupojaguel.com\/?post_type=product&#038;p=4603"},"modified":"2024-05-13T21:15:23","modified_gmt":"2024-05-13T21:15:23","slug":"local-comercial-en-venta-en-santa-maria-en-merida-yucatan","status":"publish","type":"product","link":"https:\/\/grupojaguel.com\/index.php\/producto\/local-comercial-en-venta-en-santa-maria-en-merida-yucatan\/","title":{"rendered":"Local comercial en venta en Santa Mar\u00eda en M\u00e9rida Yucat\u00e1n"},"content":{"rendered":"<p><iframe loading=\"lazy\" title=\"Local comercial en venta en Santa Mar\u00eda en M\u00e9rida Yucat\u00e1n\" width=\"500\" height=\"281\" src=\"https:\/\/www.youtube.com\/embed\/bYvDXMjcO3A?feature=oembed\" frameborder=\"0\" allow=\"accelerometer; autoplay; clipboard-write; encrypted-media; gyroscope; picture-in-picture; web-share\" referrerpolicy=\"strict-origin-when-cross-origin\" allowfullscreen><\/iframe><\/p>\n","protected":false},"excerpt":{"rendered":"<p>&nbsp;<\/p>\n<p>Propiedad comercial en venta en la colonia Santa Mar\u00eda en M\u00e9rida Yucat\u00e1n en excelente ubicaci\u00f3n en avenida principal de gran tr\u00e1fico vehicular, gran visualizaci\u00f3n y dentro de la ciudad de M\u00e9rida en comercial, cerca de la Macroplaza y de perif\u00e9rico norte.<\/p>\n<p>La propiedad es de 2 pisos y consta de:<\/p>\n<p>Superficie: 533m2<\/p>\n<p>Construcci\u00f3n: 350.34m2<\/p>\n<p>Medidas: 10m de frente por 50m de fondo<\/p>\n<p>Planta Baja<\/p>\n<p>2 cocinas<\/p>\n<p>3 espacios (1 muy amplio)<\/p>\n<p>1 bodega<\/p>\n<p>1 ba\u00f1o completo y 1 medio ba\u00f1o<\/p>\n<p>Piscina de buen tama\u00f1o<\/p>\n<p>Amplio patio<\/p>\n<p>PLANTA ALTA<\/p>\n<p>3 piezas y 1 ba\u00f1o completo<\/p>\n","protected":false},"featured_media":4604,"comment_status":"open","ping_status":"closed","template":"","meta":[],"product_brand":[],"product_cat":[26,19,17],"product_tag":[179,101,156],"class_list":{"0":"post-4603","1":"product","2":"type-product","3":"status-publish","4":"has-post-thumbnail","6":"product_cat-comventa","7":"product_cat-yucatan","8":"product_cat-yuc-venta","9":"product_tag-bienes-raices-en-merida","10":"product_tag-local-en-venta","11":"product_tag-terreno-comercial","12":"pa_com-edificios","13":"pa_com-locales","14":"pa_tipo-propiedades-comerciales","15":"pa_zona-nte","16":"pa_zona-ote","18":"first","19":"instock","20":"shipping-taxable","21":"purchasable","22":"product-type-simple"},"_links":{"self":[{"href":"https:\/\/grupojaguel.com\/index.php\/wp-json\/wp\/v2\/product\/4603","targetHints":{"allow":["GET"]}}],"collection":[{"href":"https:\/\/grupojaguel.com\/index.php\/wp-json\/wp\/v2\/product"}],"about":[{"href":"https:\/\/grupojaguel.com\/index.php\/wp-json\/wp\/v2\/types\/product"}],"replies":[{"embeddable":true,"href":"https:\/\/grupojaguel.com\/index.php\/wp-json\/wp\/v2\/comments?post=4603"}],"wp:featuredmedia":[{"embeddable":true,"href":"https:\/\/grupojaguel.com\/index.php\/wp-json\/wp\/v2\/media\/4604"}],"wp:attachment":[{"href":"https:\/\/grupojaguel.com\/index.php\/wp-json\/wp\/v2\/media?parent=4603"}],"wp:term":[{"taxonomy":"product_brand","embeddable":true,"href":"https:\/\/grupojaguel.com\/index.php\/wp-json\/wp\/v2\/product_brand?post=4603"},{"taxonomy":"product_cat","embeddable":true,"href":"https:\/\/grupojaguel.com\/index.php\/wp-json\/wp\/v2\/product_cat?post=4603"},{"taxonomy":"product_tag","embeddable":true,"href":"https:\/\/grupojaguel.com\/index.php\/wp-json\/wp\/v2\/product_tag?post=4603"}],"curies":[{"name":"wp","href":"https:\/\/api.w.org\/{rel}","templated":true}]}}