{"id":4271,"date":"2024-01-17T17:11:20","date_gmt":"2024-01-17T17:11:20","guid":{"rendered":"https:\/\/grupojaguel.com\/?post_type=product&#038;p=4271"},"modified":"2026-03-19T16:29:49","modified_gmt":"2026-03-19T16:29:49","slug":"terreno-en-venta-en-comisaria-teya-en-merida-yucatan-en-carretera-merida-cancun","status":"publish","type":"product","link":"https:\/\/grupojaguel.com\/index.php\/producto\/terreno-en-venta-en-comisaria-teya-en-merida-yucatan-en-carretera-merida-cancun\/","title":{"rendered":"Terreno en venta en comisaria teya en M\u00e9rida Yucat\u00e1n en carretera M\u00e9rida-Canc\u00fan"},"content":{"rendered":"","protected":false},"excerpt":{"rendered":"<p>Terreno de 7,600m2 a unos escasos minutos de la ciudad de M\u00e9rida, Yucat\u00e1n, en la comisaria de teya con alta plusval\u00eda ya que se encuentra a unos metros de la carretera m\u00e9rida-canc\u00fan donde se encuentra ubicado cedi waltmart, bodegas Yucat\u00e1n, indara industria park, tienda de conveniencias, gasolineras entre muchas m\u00e1s.<\/p>\n<p>El terreno se encuentra a unos pasos de la hacienda teya fundada en 1683 y que ahora funge como restaurant t\u00edpico de comida yucateca.<\/p>\n<p>El terreno consta de:<\/p>\n<p>Superficie: 7,600.25m2<\/p>\n<p>Forma irregular<\/p>\n<p>Propiedad privada libre de gravamen<\/p>\n<p>Medidas: 126.49m2 de frente y termina en 126.75m2<\/p>\n<p>48.16 de fondo de un lado y del otra 73.10m2<\/p>\n<p>Cuenta con calle blanca compactada, con electricidad al pie del terreno y pasa el transporte p\u00fablico a unos metros de distancia del terreno, por lo que este terreno es una excelente opci\u00f3n ya sea para poner casas de inter\u00e9s social o alg\u00fan negocio como bodegas, manufactura, etc.<\/p>\n","protected":false},"featured_media":4280,"comment_status":"open","ping_status":"closed","template":"","meta":[],"product_brand":[],"product_cat":[26,27,19,17],"product_tag":[145,156,38],"class_list":{"0":"post-4271","1":"product","2":"type-product","3":"status-publish","4":"has-post-thumbnail","6":"product_cat-comventa","7":"product_cat-terrventa","8":"product_cat-yucatan","9":"product_cat-yuc-venta","10":"product_tag-bienes-raices-merida","11":"product_tag-terreno-comercial","12":"product_tag-terreno-en-venta","13":"pa_com-terrenos","14":"pa_operacion-vta","15":"pa_tipo-propiedades-comerciales","16":"pa_tipo-terreno","17":"pa_zona-nte","18":"pa_zona-ote","20":"first","21":"instock","22":"shipping-taxable","23":"purchasable","24":"product-type-simple"},"_links":{"self":[{"href":"https:\/\/grupojaguel.com\/index.php\/wp-json\/wp\/v2\/product\/4271","targetHints":{"allow":["GET"]}}],"collection":[{"href":"https:\/\/grupojaguel.com\/index.php\/wp-json\/wp\/v2\/product"}],"about":[{"href":"https:\/\/grupojaguel.com\/index.php\/wp-json\/wp\/v2\/types\/product"}],"replies":[{"embeddable":true,"href":"https:\/\/grupojaguel.com\/index.php\/wp-json\/wp\/v2\/comments?post=4271"}],"wp:featuredmedia":[{"embeddable":true,"href":"https:\/\/grupojaguel.com\/index.php\/wp-json\/wp\/v2\/media\/4280"}],"wp:attachment":[{"href":"https:\/\/grupojaguel.com\/index.php\/wp-json\/wp\/v2\/media?parent=4271"}],"wp:term":[{"taxonomy":"product_brand","embeddable":true,"href":"https:\/\/grupojaguel.com\/index.php\/wp-json\/wp\/v2\/product_brand?post=4271"},{"taxonomy":"product_cat","embeddable":true,"href":"https:\/\/grupojaguel.com\/index.php\/wp-json\/wp\/v2\/product_cat?post=4271"},{"taxonomy":"product_tag","embeddable":true,"href":"https:\/\/grupojaguel.com\/index.php\/wp-json\/wp\/v2\/product_tag?post=4271"}],"curies":[{"name":"wp","href":"https:\/\/api.w.org\/{rel}","templated":true}]}}