{"id":4226,"date":"2023-11-27T19:09:00","date_gmt":"2023-11-27T19:09:00","guid":{"rendered":"https:\/\/grupojaguel.com\/?post_type=product&#038;p=4226"},"modified":"2024-01-09T18:54:05","modified_gmt":"2024-01-09T18:54:05","slug":"terreno-en-venta-en-colonia-maya-en-merida-yucatan-zona-norte","status":"publish","type":"product","link":"https:\/\/grupojaguel.com\/index.php\/producto\/terreno-en-venta-en-colonia-maya-en-merida-yucatan-zona-norte\/","title":{"rendered":"Terreno en venta en colonia Maya en M\u00e9rida Yucat\u00e1n zona norte"},"content":{"rendered":"<p><iframe loading=\"lazy\" title=\"Terreno en venta en colonia Maya en M\u00e9rida Yucat\u00e1n\" width=\"500\" height=\"281\" src=\"https:\/\/www.youtube.com\/embed\/-MyYrAkvLiY?feature=oembed\" frameborder=\"0\" allow=\"accelerometer; autoplay; clipboard-write; encrypted-media; gyroscope; picture-in-picture; web-share\" referrerpolicy=\"strict-origin-when-cross-origin\" allowfullscreen><\/iframe><\/p>\n","protected":false},"excerpt":{"rendered":"<p>Terreno en venta en la Colonia Maya en excelente ubicaci\u00f3n dentro y al norte de M\u00e9rida Yucat\u00e1n. A 2 esquinas de la Av. Rep\u00fablica de Corea (Altabrisa) cerca de plaza comercial Altabrisa y Up Town, as\u00ed como el Hospital Star m\u00e9dica M\u00e9rida, excelente para construir la casa de sus sue\u00f1os o para desarrollar.<\/p>\n<p>El terreno consta de:<\/p>\n<p>Superficie: 1052.40 m\u00b2<\/p>\n<p>Construcci\u00f3n: 52.78 m\u00b2<\/p>\n<p>Medidas: frente 19.35 m por 69 m de fondo<\/p>\n<p>Terreno irregular.<\/p>\n<p>Propiedad privada y libre de gravamen.<\/p>\n<p>Luz y agua a pie de lote.<\/p>\n","protected":false},"featured_media":4238,"comment_status":"open","ping_status":"closed","template":"","meta":[],"product_brand":[],"product_cat":[27,19,17],"product_tag":[145,39,125,38],"class_list":{"0":"post-4226","1":"product","2":"type-product","3":"status-publish","4":"has-post-thumbnail","6":"product_cat-terrventa","7":"product_cat-yucatan","8":"product_cat-yuc-venta","9":"product_tag-bienes-raices-merida","10":"product_tag-comprar-terreno","11":"product_tag-terreno-al-norte","12":"product_tag-terreno-en-venta","13":"pa_operacion-vta","14":"pa_tipo-terreno","15":"pa_zona-nte","17":"first","18":"instock","19":"shipping-taxable","20":"purchasable","21":"product-type-simple"},"_links":{"self":[{"href":"https:\/\/grupojaguel.com\/index.php\/wp-json\/wp\/v2\/product\/4226","targetHints":{"allow":["GET"]}}],"collection":[{"href":"https:\/\/grupojaguel.com\/index.php\/wp-json\/wp\/v2\/product"}],"about":[{"href":"https:\/\/grupojaguel.com\/index.php\/wp-json\/wp\/v2\/types\/product"}],"replies":[{"embeddable":true,"href":"https:\/\/grupojaguel.com\/index.php\/wp-json\/wp\/v2\/comments?post=4226"}],"wp:featuredmedia":[{"embeddable":true,"href":"https:\/\/grupojaguel.com\/index.php\/wp-json\/wp\/v2\/media\/4238"}],"wp:attachment":[{"href":"https:\/\/grupojaguel.com\/index.php\/wp-json\/wp\/v2\/media?parent=4226"}],"wp:term":[{"taxonomy":"product_brand","embeddable":true,"href":"https:\/\/grupojaguel.com\/index.php\/wp-json\/wp\/v2\/product_brand?post=4226"},{"taxonomy":"product_cat","embeddable":true,"href":"https:\/\/grupojaguel.com\/index.php\/wp-json\/wp\/v2\/product_cat?post=4226"},{"taxonomy":"product_tag","embeddable":true,"href":"https:\/\/grupojaguel.com\/index.php\/wp-json\/wp\/v2\/product_tag?post=4226"}],"curies":[{"name":"wp","href":"https:\/\/api.w.org\/{rel}","templated":true}]}}