{"id":4217,"date":"2023-11-24T20:15:42","date_gmt":"2023-11-24T20:15:42","guid":{"rendered":"https:\/\/grupojaguel.com\/?post_type=product&#038;p=4217"},"modified":"2024-08-07T17:25:51","modified_gmt":"2024-08-07T17:25:51","slug":"terreno-en-venta-en-tixkokob-yucatan-a-una-esquina-del-pueblo","status":"publish","type":"product","link":"https:\/\/grupojaguel.com\/index.php\/producto\/terreno-en-venta-en-tixkokob-yucatan-a-una-esquina-del-pueblo\/","title":{"rendered":"Terreno en venta en Tixkokob Yucat\u00e1n a una esquina del pueblo"},"content":{"rendered":"","protected":false},"excerpt":{"rendered":"<p>Terreno en venta a una esquina de la salida del Pueblo de Tixkokob rumbo a Nolo muy bien ubicada propiedad privada.<\/p>\n<p>Consta de:<\/p>\n<p>Superficie: 160m2<\/p>\n<p>Construcci\u00f3n: 0m2 (tiene una peque\u00f1a construcci\u00f3n en obra negra, no tiene techo)<\/p>\n<p>Figura regular<\/p>\n<p>Medidas: 8m de frente por 20m de fondo<\/p>\n<p>Propiedad Privada, libre de gravamen<\/p>\n<p>Tiene Luz a pie de lote<\/p>\n<p>Calle blanca a una esquina esta la calle pavimentada que es la carretera a Nolo o entrada a Tixkokob<\/p>\n","protected":false},"featured_media":4225,"comment_status":"open","ping_status":"closed","template":"","meta":[],"product_brand":[],"product_cat":[27,19,17],"product_tag":[39,127,38,109],"class_list":{"0":"post-4217","1":"product","2":"type-product","3":"status-publish","4":"has-post-thumbnail","6":"product_cat-terrventa","7":"product_cat-yucatan","8":"product_cat-yuc-venta","9":"product_tag-comprar-terreno","10":"product_tag-terreno-al-oriente","11":"product_tag-terreno-en-venta","12":"product_tag-terreno-en-yucatan","13":"pa_operacion-vta","14":"pa_tipo-terreno","15":"pa_zona-ote","17":"first","18":"instock","19":"shipping-taxable","20":"purchasable","21":"product-type-simple"},"_links":{"self":[{"href":"https:\/\/grupojaguel.com\/index.php\/wp-json\/wp\/v2\/product\/4217","targetHints":{"allow":["GET"]}}],"collection":[{"href":"https:\/\/grupojaguel.com\/index.php\/wp-json\/wp\/v2\/product"}],"about":[{"href":"https:\/\/grupojaguel.com\/index.php\/wp-json\/wp\/v2\/types\/product"}],"replies":[{"embeddable":true,"href":"https:\/\/grupojaguel.com\/index.php\/wp-json\/wp\/v2\/comments?post=4217"}],"wp:featuredmedia":[{"embeddable":true,"href":"https:\/\/grupojaguel.com\/index.php\/wp-json\/wp\/v2\/media\/4225"}],"wp:attachment":[{"href":"https:\/\/grupojaguel.com\/index.php\/wp-json\/wp\/v2\/media?parent=4217"}],"wp:term":[{"taxonomy":"product_brand","embeddable":true,"href":"https:\/\/grupojaguel.com\/index.php\/wp-json\/wp\/v2\/product_brand?post=4217"},{"taxonomy":"product_cat","embeddable":true,"href":"https:\/\/grupojaguel.com\/index.php\/wp-json\/wp\/v2\/product_cat?post=4217"},{"taxonomy":"product_tag","embeddable":true,"href":"https:\/\/grupojaguel.com\/index.php\/wp-json\/wp\/v2\/product_tag?post=4217"}],"curies":[{"name":"wp","href":"https:\/\/api.w.org\/{rel}","templated":true}]}}