{"id":4054,"date":"2023-05-17T19:26:17","date_gmt":"2023-05-17T19:26:17","guid":{"rendered":"https:\/\/grupojaguel.com\/?post_type=product&#038;p=4054"},"modified":"2025-05-27T15:02:34","modified_gmt":"2025-05-27T15:02:34","slug":"casa-amueblada-en-renta-en-la-playa-de-chuburna-puerto-en-yucatan","status":"publish","type":"product","link":"https:\/\/grupojaguel.com\/index.php\/producto\/casa-amueblada-en-renta-en-la-playa-de-chuburna-puerto-en-yucatan\/","title":{"rendered":"Casa amueblada en renta en la playa de Chuburna Puerto en Yucat\u00e1n"},"content":{"rendered":"<p><iframe loading=\"lazy\" title=\"Casa amueblada en renta en la playa de Chuburna Puerto en Yucat\u00e1n\" width=\"500\" height=\"281\" src=\"https:\/\/www.youtube.com\/embed\/jqvNV4bYP-Y?feature=oembed\" frameborder=\"0\" allow=\"accelerometer; autoplay; clipboard-write; encrypted-media; gyroscope; picture-in-picture; web-share\" referrerpolicy=\"strict-origin-when-cross-origin\" allowfullscreen><\/iframe><\/p>\n","protected":false},"excerpt":{"rendered":"<p>Casa amueblada en renta en la hermosa playa de Chuburna puerto en Yucat\u00e1n, en primera fila de playa a pocos metros del mar, para disfrutar de la tranquilidad y belleza natural que ofrece este bello puerto, la casa tiene un ambiente de playa con lo necesario para que su estad\u00eda sea muy c\u00f3moda, con amplio terreno de arena, piscina privada, palmeras de cocos, se aceptan mascotas.<\/p>\n<p>La casa cuenta con:<\/p>\n<p>Terreno: 1,440m2<\/p>\n<p>Construcci\u00f3n: 320m2<\/p>\n<p>Medidas: 36m de frente por 40m de fondo<\/p>\n<p>Estacionamiento para varios veh\u00edculos<\/p>\n<p>Terraza techada<\/p>\n<p>Pasillo de conexi\u00f3n<\/p>\n<p>Sala comedor con Televisi\u00f3n ventiladores<\/p>\n<p>Cocina equipada<\/p>\n<p>1 recamara con cama King Size, aire acondicionado, TV de 60\u201d<\/p>\n<p>1 recamara con 2 camas matrimoniales, aire acondicionado, TV de 32\u201d<\/p>\n<p>2 ba\u00f1os completos<\/p>\n<p>Piscina<\/p>\n<p>Bar<\/p>\n<p>Bodega muy amplia<\/p>\n<p>Amplio terreno con palmeras de cocos.<\/p>\n<p>&nbsp;<\/p>\n<p>La casa cuenta con; cisterna, Sistema de llenado y desague de piscina, internet, sky, cable, sistema de c\u00e1maras (4 pzas).<\/p>\n<p>Nota.- Renta a partir de 6 meses.<\/p>\n<p>Nota.- El internet, sky y cable no se incluyen en la renta<\/p>\n<p>&nbsp;<\/p>\n<p>Yucat\u00e1n es una vibrante ciudad hist\u00f3rica mejor conocida como la capital cultural de Am\u00e9rica Latina. Antiguas ciudades mayas, impresionantes cenotes y majestuosas haciendas salpican el campo de Yucat\u00e1n. M\u00e9rida tiene su propio aeropuerto internacional, atenci\u00f3n m\u00e9dica de primera clase, comodidades modernas, tradiciones eternas y una rica historia. Adem\u00e1s, la Costa del Golfo est\u00e1 a poca distancia en autom\u00f3vil, incluida la principal ciudad portuaria de Progreso, los pueblos de Chelem, Chuburn\u00e1, Chicxulub, Telchac, Sisal, Celest\u00fan, San Crisanto, por nombrar algunos. Lo m\u00e1s importante es que M\u00e9rida y sus alrededores se consideran la ciudad m\u00e1s segura del hemisferio occidental. M\u00e9rida y las playas de la costa del golfo son ahora uno de los principales destinos para la jubilaci\u00f3n, la inversi\u00f3n y la vida.<\/p>\n","protected":false},"featured_media":4073,"comment_status":"open","ping_status":"closed","template":"","meta":[],"product_brand":[],"product_cat":[22,72,19,18],"product_tag":[179,182,180,181],"class_list":{"0":"post-4054","1":"product","2":"type-product","3":"status-publish","4":"has-post-thumbnail","6":"product_cat-casarenta","7":"product_cat-yuc-pya-rta","8":"product_cat-yucatan","9":"product_cat-yuc-renta","10":"product_tag-bienes-raices-en-merida","11":"product_tag-casa-en-renta-en-chuburna-puerto","12":"product_tag-casa-en-renta-en-la-playa","13":"product_tag-renta-de-casa-en-la-playa","14":"pa_operacion-rta","15":"pa_recamaras-2rec","16":"pa_tipo-casas","17":"pa_tipo-en-playa","18":"pa_zona-nte","19":"pa_zona-pte","21":"first","22":"instock","23":"shipping-taxable","24":"purchasable","25":"product-type-simple"},"_links":{"self":[{"href":"https:\/\/grupojaguel.com\/index.php\/wp-json\/wp\/v2\/product\/4054","targetHints":{"allow":["GET"]}}],"collection":[{"href":"https:\/\/grupojaguel.com\/index.php\/wp-json\/wp\/v2\/product"}],"about":[{"href":"https:\/\/grupojaguel.com\/index.php\/wp-json\/wp\/v2\/types\/product"}],"replies":[{"embeddable":true,"href":"https:\/\/grupojaguel.com\/index.php\/wp-json\/wp\/v2\/comments?post=4054"}],"wp:featuredmedia":[{"embeddable":true,"href":"https:\/\/grupojaguel.com\/index.php\/wp-json\/wp\/v2\/media\/4073"}],"wp:attachment":[{"href":"https:\/\/grupojaguel.com\/index.php\/wp-json\/wp\/v2\/media?parent=4054"}],"wp:term":[{"taxonomy":"product_brand","embeddable":true,"href":"https:\/\/grupojaguel.com\/index.php\/wp-json\/wp\/v2\/product_brand?post=4054"},{"taxonomy":"product_cat","embeddable":true,"href":"https:\/\/grupojaguel.com\/index.php\/wp-json\/wp\/v2\/product_cat?post=4054"},{"taxonomy":"product_tag","embeddable":true,"href":"https:\/\/grupojaguel.com\/index.php\/wp-json\/wp\/v2\/product_tag?post=4054"}],"curies":[{"name":"wp","href":"https:\/\/api.w.org\/{rel}","templated":true}]}}