{"id":3737,"date":"2023-02-23T18:40:05","date_gmt":"2023-02-23T18:40:05","guid":{"rendered":"https:\/\/grupojaguel.com\/?post_type=product&#038;p=3737"},"modified":"2025-06-04T22:01:40","modified_gmt":"2025-06-04T22:01:40","slug":"terreno-en-venta-en-gran-pakal-norte-en-sierra-papakal-de-947m2-excelente-para-inversion","status":"publish","type":"product","link":"https:\/\/grupojaguel.com\/index.php\/producto\/terreno-en-venta-en-gran-pakal-norte-en-sierra-papakal-de-947m2-excelente-para-inversion\/","title":{"rendered":"Terreno en venta en Gran Pakal norte en Sierra Papakal de 947m2 excelente para inversi\u00f3n"},"content":{"rendered":"","protected":false},"excerpt":{"rendered":"<p>Terreno r\u00fastico en venta en zona norte que se encuentra a 20 min de M\u00e9rida y a 23 min del puerto de Progreso. A 7 km del pueblo Sierra Papacal, zona que se est\u00e1 desarrollando continuamente de manera residencial.<\/p>\n<p>Se ubica en el Fracc. Gran Pakal Norte. Rodeado de otros importantes desarrollos en la zona, como Residencial Xcambo, Residencial Haciendas y Santuario Komchen.<\/p>\n<p>Cercan\u00edas: A 5 min de Polo Angels Yucat\u00e1n A 10 min parque cient\u00edfico A 10 min de carretera M\u00e9rida-Progreso A 15 min de campo de Golf Yucat\u00e1n (Country) A 23 min de la playa<\/p>\n<p>Desarrollos residenciales cercanos: Residencial La Rejoyada, Jardines de Rejoyada.<\/p>\n<p>&nbsp;<\/p>\n<p>Son dos terrenos cada uno tiene:<\/p>\n<p>Superficie: 947m2<\/p>\n<p>Medidas: 20m de Frente por 47.35m de Fondo<\/p>\n<p>Figura: Regular<\/p>\n<p>Acceso sin urbanizaci\u00f3n<\/p>\n<p>Sin servicios<\/p>\n<p>Cerca se encuentra calle urbanizada<\/p>\n<p>El precio es solo por uno de los terrenos c\/u vale lo mismo.<\/p>\n","protected":false},"featured_media":3747,"comment_status":"open","ping_status":"closed","template":"","meta":[],"product_brand":[],"product_cat":[27,19,17],"product_tag":[30,159,160,125,38],"class_list":{"0":"post-3737","1":"product","2":"type-product","3":"status-publish","4":"has-post-thumbnail","6":"product_cat-terrventa","7":"product_cat-yucatan","8":"product_cat-yuc-venta","9":"product_tag-inmobiliaria","10":"product_tag-invierte-en-terreno","11":"product_tag-invierte-en-tu-futuro","12":"product_tag-terreno-al-norte","13":"product_tag-terreno-en-venta","14":"pa_operacion-vta","15":"pa_tipo-terreno","16":"pa_zona-nte","18":"first","19":"instock","20":"shipping-taxable","21":"purchasable","22":"product-type-simple"},"_links":{"self":[{"href":"https:\/\/grupojaguel.com\/index.php\/wp-json\/wp\/v2\/product\/3737","targetHints":{"allow":["GET"]}}],"collection":[{"href":"https:\/\/grupojaguel.com\/index.php\/wp-json\/wp\/v2\/product"}],"about":[{"href":"https:\/\/grupojaguel.com\/index.php\/wp-json\/wp\/v2\/types\/product"}],"replies":[{"embeddable":true,"href":"https:\/\/grupojaguel.com\/index.php\/wp-json\/wp\/v2\/comments?post=3737"}],"wp:featuredmedia":[{"embeddable":true,"href":"https:\/\/grupojaguel.com\/index.php\/wp-json\/wp\/v2\/media\/3747"}],"wp:attachment":[{"href":"https:\/\/grupojaguel.com\/index.php\/wp-json\/wp\/v2\/media?parent=3737"}],"wp:term":[{"taxonomy":"product_brand","embeddable":true,"href":"https:\/\/grupojaguel.com\/index.php\/wp-json\/wp\/v2\/product_brand?post=3737"},{"taxonomy":"product_cat","embeddable":true,"href":"https:\/\/grupojaguel.com\/index.php\/wp-json\/wp\/v2\/product_cat?post=3737"},{"taxonomy":"product_tag","embeddable":true,"href":"https:\/\/grupojaguel.com\/index.php\/wp-json\/wp\/v2\/product_tag?post=3737"}],"curies":[{"name":"wp","href":"https:\/\/api.w.org\/{rel}","templated":true}]}}