{"id":3618,"date":"2022-11-23T18:44:05","date_gmt":"2022-11-23T18:44:05","guid":{"rendered":"https:\/\/grupojaguel.com\/?post_type=product&#038;p=3618"},"modified":"2026-03-19T16:38:49","modified_gmt":"2026-03-19T16:38:49","slug":"terreno-en-venta-en-xcanatun-en-merida-yucatan-zona-norte-y-de-alta-plusvalia-de-900m2","status":"publish","type":"product","link":"https:\/\/grupojaguel.com\/index.php\/producto\/terreno-en-venta-en-xcanatun-en-merida-yucatan-zona-norte-y-de-alta-plusvalia-de-900m2\/","title":{"rendered":"Terreno en venta en xcanat\u00fan en M\u00e9rida Yucat\u00e1n zona norte y de alta plusval\u00eda de 900m2"},"content":{"rendered":"","protected":false},"excerpt":{"rendered":"<p><span dir=\"auto\" style=\"vertical-align: inherit\"><span dir=\"auto\" style=\"vertical-align: inherit\">Terreno ubicado en xcanat\u00fan, al norte de m\u00e9rida, yucat\u00e1n, cerca del carl\u00b4s jr y del club de golf la ceiba. Carretera m\u00e9rida-progreso km 13.<\/span><\/span><\/p>\n<p><span dir=\"auto\" style=\"vertical-align: inherit\"><span dir=\"auto\" style=\"vertical-align: inherit\">Es una zona con gran plusval\u00eda en el norte de M\u00e9rida, con f\u00e1cil acceso a la carretera progreso yucat\u00e1n, cerca de centros comerciales, hospitales y universidades.<\/span><\/span><\/p>\n<p><span dir=\"auto\" style=\"vertical-align: inherit\"><span dir=\"auto\" style=\"vertical-align: inherit\">Excelente para inversi\u00f3n o para vivir ya que es una zona tranquila de gran desarrollo residencial.<\/span><\/span><\/p>\n<p>&nbsp;<\/p>\n<p><span dir=\"auto\" style=\"vertical-align: inherit\"><span dir=\"auto\" style=\"vertical-align: inherit\">Medidas:<\/span><\/span><\/p>\n<p><span dir=\"auto\" style=\"vertical-align: inherit\"><span dir=\"auto\" style=\"vertical-align: inherit\">Frente: 36,16 m<\/span><\/span><\/p>\n<p><span dir=\"auto\" style=\"vertical-align: inherit\"><span dir=\"auto\" style=\"vertical-align: inherit\">Lado derecho: 24.87 m<\/span><\/span><\/p>\n<p><span dir=\"auto\" style=\"vertical-align: inherit\"><span dir=\"auto\" style=\"vertical-align: inherit\">Lado izquierdo: 26,49 m<\/span><\/span><\/p>\n<p><span dir=\"auto\" style=\"vertical-align: inherit\"><span dir=\"auto\" style=\"vertical-align: inherit\">Fondo: 36,84 m<\/span><\/span><\/p>\n<p><span dir=\"auto\" style=\"vertical-align: inherit\"><span dir=\"auto\" style=\"vertical-align: inherit\">Superficie: 905,76 m2<\/span><\/span><\/p>\n<p><span dir=\"auto\" style=\"vertical-align: inherit\"><span dir=\"auto\" style=\"vertical-align: inherit\">Propiedad privada libre de gravamen<\/span><\/span><\/p>\n","protected":false},"featured_media":3623,"comment_status":"open","ping_status":"closed","template":"","meta":[],"product_brand":[],"product_cat":[27,19,17],"product_tag":[145,30,125,38],"class_list":{"0":"post-3618","1":"product","2":"type-product","3":"status-publish","4":"has-post-thumbnail","6":"product_cat-terrventa","7":"product_cat-yucatan","8":"product_cat-yuc-venta","9":"product_tag-bienes-raices-merida","10":"product_tag-inmobiliaria","11":"product_tag-terreno-al-norte","12":"product_tag-terreno-en-venta","13":"pa_operacion-vta","14":"pa_tipo-terreno","15":"pa_zona-nte","17":"first","18":"instock","19":"shipping-taxable","20":"purchasable","21":"product-type-simple"},"_links":{"self":[{"href":"https:\/\/grupojaguel.com\/index.php\/wp-json\/wp\/v2\/product\/3618","targetHints":{"allow":["GET"]}}],"collection":[{"href":"https:\/\/grupojaguel.com\/index.php\/wp-json\/wp\/v2\/product"}],"about":[{"href":"https:\/\/grupojaguel.com\/index.php\/wp-json\/wp\/v2\/types\/product"}],"replies":[{"embeddable":true,"href":"https:\/\/grupojaguel.com\/index.php\/wp-json\/wp\/v2\/comments?post=3618"}],"wp:featuredmedia":[{"embeddable":true,"href":"https:\/\/grupojaguel.com\/index.php\/wp-json\/wp\/v2\/media\/3623"}],"wp:attachment":[{"href":"https:\/\/grupojaguel.com\/index.php\/wp-json\/wp\/v2\/media?parent=3618"}],"wp:term":[{"taxonomy":"product_brand","embeddable":true,"href":"https:\/\/grupojaguel.com\/index.php\/wp-json\/wp\/v2\/product_brand?post=3618"},{"taxonomy":"product_cat","embeddable":true,"href":"https:\/\/grupojaguel.com\/index.php\/wp-json\/wp\/v2\/product_cat?post=3618"},{"taxonomy":"product_tag","embeddable":true,"href":"https:\/\/grupojaguel.com\/index.php\/wp-json\/wp\/v2\/product_tag?post=3618"}],"curies":[{"name":"wp","href":"https:\/\/api.w.org\/{rel}","templated":true}]}}