{"id":2522,"date":"2022-01-07T19:33:11","date_gmt":"2022-01-07T19:33:11","guid":{"rendered":"https:\/\/grupojaguel.com\/?post_type=product&#038;p=2522"},"modified":"2026-02-04T20:23:58","modified_gmt":"2026-02-04T20:23:58","slug":"terreno-de-5264-47m2-en-venta-al-poniente-en-la-ciudad-de-merida-yucatan-en-la-colonia-mulsay","status":"publish","type":"product","link":"https:\/\/grupojaguel.com\/index.php\/producto\/terreno-de-5264-47m2-en-venta-al-poniente-en-la-ciudad-de-merida-yucatan-en-la-colonia-mulsay\/","title":{"rendered":"Terreno de 5,264.47m2 en venta al poniente en la ciudad de M\u00e9rida Yucat\u00e1n en la colonia Mulsay"},"content":{"rendered":"","protected":false},"excerpt":{"rendered":"<p>[e2pdf-download id=\"1\"] [printfriendly]<\/p>\n<p>Terreno en venta al poniente y dentro de la ciudad de M\u00e9rida Yucat\u00e1n en la colonia Mulsay, con excelente potencial para Bodega, Maquiladora, Cedis, Casas de inter\u00e9s social, talleres, oficinas y entre mucho m\u00e1s.<\/p>\n<p>&nbsp;<\/p>\n<p>Terreno situado en planicie de aproximadamente 0.5 ha de superficie, cuenta con pozo para captaci\u00f3n de agua proveniente del manto acu\u00edfero, los l\u00edmites de propiedad est\u00e1n delimitados por muros de block y albarradas debido que el terreno colinda con construcciones, cuenta con una construcci\u00f3n a base de muros de block y techumbre de concreto de aproximadamente 17 m2, cuenta con calle de terracer\u00eda de 3mts de ancho sin banquetas, v\u00edas f\u00e9rreas a unos metros, sistema de agua potable a la puerta, alumbrado p\u00fablico, y transporte p\u00fablico a cada 5 minutos de frecuencia (Camiones y taxis colectivos), completamente urbanizado la zona, el precio de venta es cercano al valor catastral y por debajo del valor comercial.<\/p>\n<p>&nbsp;<\/p>\n<p>En sus alrededores se encuentra a 3 esquinas del parque Manuel Berzunza Carrillo Mulsay y del parque zool\u00f3gico de Mulsay, a 80mts de escuelas, 385mts de la unidad deportiva de Mulsay y a 450mts del mercado, a 6 esquinas de la avenida Itzaes y a 2 esquinas de avenida Circuito Colonias poniente y en sus cercan\u00edas se encuentra, Sams club aviaci\u00f3n, avenida aviaci\u00f3n, el hospital Militar, el centenario, a 7 min del Aeropuerto, a 8 min del parque industrial, a 10 min de la carretera Um\u00e1n y a 10 min del centro hist\u00f3rico.<\/p>\n<p>&nbsp;<\/p>\n<p>&nbsp;<\/p>\n<p>Forma: Irregular<\/p>\n<p>Superficie: 5,264.47m2<\/p>\n<p>Precio: $3,555,000 (el precio por debajo del valor catastral y\u00a0 del valor comercial).<\/p>\n<p>Precio por m2: $675.28<\/p>\n","protected":false},"featured_media":2537,"comment_status":"open","ping_status":"closed","template":"","meta":[],"product_brand":[],"product_cat":[26,27,19,17],"product_tag":[29,39,126,138,38],"class_list":{"0":"post-2522","1":"product","2":"type-product","3":"status-publish","4":"has-post-thumbnail","6":"product_cat-comventa","7":"product_cat-terrventa","8":"product_cat-yucatan","9":"product_cat-yuc-venta","10":"product_tag-bienes-raices","11":"product_tag-comprar-terreno","12":"product_tag-terreno-en-merida","13":"product_tag-terreno-en-poniente","14":"product_tag-terreno-en-venta","15":"pa_com-terrenos","16":"pa_operacion-vta","17":"pa_tipo-propiedades-comerciales","18":"pa_tipo-terreno","19":"pa_zona-pte","21":"first","22":"instock","23":"shipping-taxable","24":"purchasable","25":"product-type-simple"},"_links":{"self":[{"href":"https:\/\/grupojaguel.com\/index.php\/wp-json\/wp\/v2\/product\/2522","targetHints":{"allow":["GET"]}}],"collection":[{"href":"https:\/\/grupojaguel.com\/index.php\/wp-json\/wp\/v2\/product"}],"about":[{"href":"https:\/\/grupojaguel.com\/index.php\/wp-json\/wp\/v2\/types\/product"}],"replies":[{"embeddable":true,"href":"https:\/\/grupojaguel.com\/index.php\/wp-json\/wp\/v2\/comments?post=2522"}],"wp:featuredmedia":[{"embeddable":true,"href":"https:\/\/grupojaguel.com\/index.php\/wp-json\/wp\/v2\/media\/2537"}],"wp:attachment":[{"href":"https:\/\/grupojaguel.com\/index.php\/wp-json\/wp\/v2\/media?parent=2522"}],"wp:term":[{"taxonomy":"product_brand","embeddable":true,"href":"https:\/\/grupojaguel.com\/index.php\/wp-json\/wp\/v2\/product_brand?post=2522"},{"taxonomy":"product_cat","embeddable":true,"href":"https:\/\/grupojaguel.com\/index.php\/wp-json\/wp\/v2\/product_cat?post=2522"},{"taxonomy":"product_tag","embeddable":true,"href":"https:\/\/grupojaguel.com\/index.php\/wp-json\/wp\/v2\/product_tag?post=2522"}],"curies":[{"name":"wp","href":"https:\/\/api.w.org\/{rel}","templated":true}]}}