{"id":843,"date":"2021-03-23T01:09:57","date_gmt":"2021-03-23T01:09:57","guid":{"rendered":"http:\/\/grupojaguel.com\/?page_id=843"},"modified":"2021-05-09T23:14:27","modified_gmt":"2021-05-09T23:14:27","slug":"remodelacion-y-mantenimiento","status":"publish","type":"page","link":"https:\/\/grupojaguel.com\/index.php\/remodelacion-y-mantenimiento\/","title":{"rendered":"Remodelaci\u00f3n y Mantenimiento"},"content":{"rendered":"\n\n\t\t\t\t<img loading=\"lazy\" decoding=\"async\" src=\"https:\/\/grupojaguel.com\/wp-content\/uploads\/2021\/03\/Mantenimiento.png\" alt=\"Mantenimiento\" itemprop=\"image\" height=\"650\" width=\"1350\" title=\"Mantenimiento\" onerror=\"this.style.display='none'\"  \/>\n\t<p>Una propiedad en perfecto estado aumenta su valor comercial, si deseas rentar o vender dale a tu patrimonio acabados de buena imagen e instalaciones en excelente funcionamiento.<\/p>\n\t\n<p>Instalaci\u00f3n y mantenimiento de plomer\u00eda y electricidad de baja tensi\u00f3n para tu hogar y\u00a0comercio.<\/p>\n\t\n<p>Otorgamos el servicio de pintura e impermeabilizacio\u0301n en casas y comercios.<\/p>\n\t\n\nPersonal seleccionado y capacitado para brindar servicio de limpieza profunda a hogares y\u00a0comercios vaci\u0301os, tanto interior como exterior.\n\t\n<p>Reparacio\u0301n, remodelacio\u0301n y construccio\u0301n de casas, muros, ban\u0303os, cocina, porches,\u00a0instalacio\u0301n de pisos, reparacio\u0301n de grietas y mucho ma\u0301s.<\/p>\n\n","protected":false},"excerpt":{"rendered":"<p>Una propiedad en perfecto estado aumenta su valor comercial, si deseas rentar o vender dale a tu patrimonio acabados de buena imagen e instalaciones en excelente funcionamiento. Instalaci\u00f3n y mantenimiento de plomer\u00eda y electricidad de baja tensi\u00f3n para tu hogar y\u00a0comercio. Otorgamos el servicio de pintura e impermeabilizacio\u0301n en casas y comercios. Personal seleccionado y [&hellip;]<\/p>\n","protected":false},"author":1,"featured_media":0,"parent":0,"menu_order":0,"comment_status":"closed","ping_status":"closed","template":"","meta":{"footnotes":""},"class_list":["post-843","page","type-page","status-publish","hentry"],"_links":{"self":[{"href":"https:\/\/grupojaguel.com\/index.php\/wp-json\/wp\/v2\/pages\/843","targetHints":{"allow":["GET"]}}],"collection":[{"href":"https:\/\/grupojaguel.com\/index.php\/wp-json\/wp\/v2\/pages"}],"about":[{"href":"https:\/\/grupojaguel.com\/index.php\/wp-json\/wp\/v2\/types\/page"}],"author":[{"embeddable":true,"href":"https:\/\/grupojaguel.com\/index.php\/wp-json\/wp\/v2\/users\/1"}],"replies":[{"embeddable":true,"href":"https:\/\/grupojaguel.com\/index.php\/wp-json\/wp\/v2\/comments?post=843"}],"version-history":[{"count":11,"href":"https:\/\/grupojaguel.com\/index.php\/wp-json\/wp\/v2\/pages\/843\/revisions"}],"predecessor-version":[{"id":2182,"href":"https:\/\/grupojaguel.com\/index.php\/wp-json\/wp\/v2\/pages\/843\/revisions\/2182"}],"wp:attachment":[{"href":"https:\/\/grupojaguel.com\/index.php\/wp-json\/wp\/v2\/media?parent=843"}],"curies":[{"name":"wp","href":"https:\/\/api.w.org\/{rel}","templated":true}]}}