{"id":69,"date":"2021-02-25T15:56:24","date_gmt":"2021-02-25T15:56:24","guid":{"rendered":"http:\/\/grupojaguel.com\/?page_id=69"},"modified":"2021-05-09T23:47:28","modified_gmt":"2021-05-09T23:47:28","slug":"servicios-adicionales","status":"publish","type":"page","link":"https:\/\/grupojaguel.com\/index.php\/servicios-adicionales\/","title":{"rendered":"Administraci\u00f3n de desarrollos y condominios"},"content":{"rendered":"\n<h3><strong>Desarrollador<\/strong><\/h3>\n<h4>Ponemos a tu disposici\u00f3n nuestro servicio de Administraci\u00f3n de tu desarrollo.<\/h4>\n<h2>\n\t\tAdministraci\u00f3n\n\t<\/h2>\n<h2>\n\t\tComunicaci\u00f3n\n\t<\/h2>\n\t<h6>Control de cuotas, adeudos, pagos, ingresos, cuentas por pagar y egresos del condominio o edificio.<\/h6>\n\t<h6>Recibimos peticiones de residentes las 24 horas del d\u00eda por la mesa de ayuda<\/h6>\n\t<h6>Enviar por email o imprimir avisos de cobro y recibos de pago.<\/h6>\n\t<h6>Reportes detallados de cobranza, ingresos y egresos exportables a excell.<\/h6>\n\t<h6>Revisi\u00f3n de estado financiero real contra presupuesto mensual y anual.<\/h6>\n\t<h6>Organizar&nbsp;recursos financieros en fondos&nbsp;(ordinario, extraordinario, de reserva, etc.).<\/h6>\n\t<h6>Conciliar los movimientos con los&nbsp;estados de cuenta bancarios.<\/h6>\n\t<h6>Consultar el&nbsp;estado de cuenta detallado&nbsp;de cada residente<\/h6>\n\t<h6>Llevar un&nbsp;registro de las actividades de cobranza&nbsp;por cada residente.<\/h6>\n\t<h6>Mantener una&nbsp;lista de tareas&nbsp;a realizar para gestionar el residencial con recordatorio autom\u00e1tico.<\/h6>\n\t<h6>Recibimos peticiones de residentes las 24 horas del d\u00eda por la mesa de ayuda<\/h6>\n\t<h6>Env\u00edo de noticias y avisos<\/h6>\n\t<h6>Organizaci\u00f3n del calendario de eventos.<\/h6>\n\t<h6>Automatizar la&nbsp;reservaci\u00f3n de instalaciones&nbsp;como salones, auditorio, etc.<\/h6>\n\t<h6>Realizar&nbsp;encuestas y votaciones&nbsp;electr\u00f3nicas.<\/h6>\n\t<h6>Mantener un archivo documental para reglamento, actas, estados financieros, etc.<\/h6>\n<h2>\n\t\tBeneficios de nuestro servicio\n\t<\/h2>\n\t<h4>Website privado de tu edificio o residencial<\/h4>\n<h6>Tu edificio o residencial dispondr\u00e1 inmediatamente de un sitio web privado personalizado, donde el administrador, los propietarios y los residentes puedan comunicarse, interactuar y llevar la administraci\u00f3n financiera.<\/h6>\n\t<h4>Informaci\u00f3n clara y oportuna las 24 hrs. del d\u00eda<\/h4>\n<h4>Con Vivook tus residentes pueden mantenerse al d\u00eda de toda la informaci\u00f3n del edificio o residencial a trav\u00e9s de blogs tem\u00e1ticos preorganizados.<\/h4>\n\n\t<h4>Informaci\u00f3n exclusiva para miembros seleccionados<\/h4>\n<h5>El consejo de administraci\u00f3n o comit\u00e9 de vigilancia, cuenta con votaciones y un blog exclusivo. Donde toda la informaci\u00f3n es confidencial y \u00fanicamente los miembros del consejo pueden consultarla.<\/h5>\n<h5>\u00a1Pueden tratar asuntos y tomar decisiones, sin tener que reunirse f\u00edsicamente!<\/h5>\n\t<h4>Reservaci\u00f3n de instalaciones en l\u00ednea.<\/h4>\n<h5>Los residentes podr\u00e1n reservar las instalaciones o \u00e1reas comunes del edificio o residencial. El administrador confirmar\u00e1 o rechazar\u00e1 las solicitudes v\u00eda Vivook.<\/h5>\n\t<h4>La administraci\u00f3n m\u00e1s transparente que nunca<\/h4>\n<h5>Si el administrador as\u00ed lo decide, el comit\u00e9 de vigilancia o incluso todos los vecinos, pueden tener acceso a la informaci\u00f3n financiera del edificio o residencial .<\/h5>\n\t<h4>Cada residente sabe cu\u00e1nto debe y cu\u00e1nto ha pagado.<\/h4>\n<h5>24\/7, los residentes tienen acceso a su estado de cuenta. El administrador, puede enviar e imprimir desde Vivook avisos de cobro y avisos de pago, personalizados con la imagen corporativa del edificio o residencial.<\/h5>\n\t<h4>Lleva el registro de tus actividades de cobranza<\/h4>\n<h5>Vivook cuenta con un sistema de seguimiento en el cual se pueden registrar todas las actividades de cobranza que se han realizado para cada una de las viviendas<\/h5>\n\t<h4>Controla la cobranza de manera sencilla<\/h4>\n<h5>Con Vivook sabr\u00e1 exactamente el monto de las cuentas por cobrar que existen en tu residencial, ya que contar\u00e1s con varios reportes como: Cuentas por cobrar, morosos, antig\u00fcedad de adeudos, entre otros.<\/h5>\n\t<h4>Programaci\u00f3n de las tareas de administraci\u00f3n<\/h4>\n<h5>Lleva una agenda de las tareas de administraci\u00f3n, no importa si son recurrentes o solo se realizan una sola vez. Adem\u00e1s podr\u00e1s programar recordatorios autom\u00e1ticos para los responsables de realizar cada tarea.<\/h5>\n","protected":false},"excerpt":{"rendered":"<p>Desarrollador Ponemos a tu disposici\u00f3n nuestro servicio de Administraci\u00f3n de tu desarrollo. Administraci\u00f3n Comunicaci\u00f3n Control de cuotas, adeudos, pagos, ingresos, cuentas por pagar y egresos del condominio o edificio. Recibimos peticiones de residentes las 24 horas del d\u00eda por la mesa de ayuda Enviar por email o imprimir avisos de cobro y recibos de pago. [&hellip;]<\/p>\n","protected":false},"author":1,"featured_media":0,"parent":0,"menu_order":0,"comment_status":"closed","ping_status":"closed","template":"","meta":{"footnotes":""},"class_list":["post-69","page","type-page","status-publish","hentry"],"_links":{"self":[{"href":"https:\/\/grupojaguel.com\/index.php\/wp-json\/wp\/v2\/pages\/69","targetHints":{"allow":["GET"]}}],"collection":[{"href":"https:\/\/grupojaguel.com\/index.php\/wp-json\/wp\/v2\/pages"}],"about":[{"href":"https:\/\/grupojaguel.com\/index.php\/wp-json\/wp\/v2\/types\/page"}],"author":[{"embeddable":true,"href":"https:\/\/grupojaguel.com\/index.php\/wp-json\/wp\/v2\/users\/1"}],"replies":[{"embeddable":true,"href":"https:\/\/grupojaguel.com\/index.php\/wp-json\/wp\/v2\/comments?post=69"}],"version-history":[{"count":4,"href":"https:\/\/grupojaguel.com\/index.php\/wp-json\/wp\/v2\/pages\/69\/revisions"}],"predecessor-version":[{"id":847,"href":"https:\/\/grupojaguel.com\/index.php\/wp-json\/wp\/v2\/pages\/69\/revisions\/847"}],"wp:attachment":[{"href":"https:\/\/grupojaguel.com\/index.php\/wp-json\/wp\/v2\/media?parent=69"}],"curies":[{"name":"wp","href":"https:\/\/api.w.org\/{rel}","templated":true}]}}