{"id":3,"date":"2021-01-11T01:51:23","date_gmt":"2021-01-11T01:51:23","guid":{"rendered":"http:\/\/grupojaguel.com\/?page_id=3"},"modified":"2026-03-18T22:45:17","modified_gmt":"2026-03-18T22:45:17","slug":"politica-privacidad","status":"publish","type":"page","link":"https:\/\/grupojaguel.com\/index.php\/politica-privacidad\/","title":{"rendered":"Pol\u00edtica de privacidad"},"content":{"rendered":"<div data-colibri-id=\"3-c1\" class=\"style-371 style-local-3-c1 position-relative\">\n  <!---->\n  <div data-colibri-component=\"section\" data-colibri-id=\"3-c2\" id=\"initial-content\" class=\"h-section h-section-global-spacing d-flex align-items-lg-center align-items-md-center align-items-center style-372 style-local-3-c2 position-relative\">\n    <!---->\n    <!---->\n    <div class=\"h-section-grid-container h-section-boxed-container\">\n      <!---->\n      <div data-colibri-id=\"3-c3\" class=\"h-row-container gutters-row-lg-2 gutters-row-md-2 gutters-row-0 gutters-row-v-lg-2 gutters-row-v-md-2 gutters-row-v-2 style-373 style-local-3-c3 position-relative\">\n        <!---->\n        <div class=\"h-row justify-content-lg-center justify-content-md-center justify-content-center align-items-lg-stretch align-items-md-stretch align-items-stretch gutters-col-lg-2 gutters-col-md-2 gutters-col-0 gutters-col-v-lg-2 gutters-col-v-md-2 gutters-col-v-2\">\n          <!---->\n          <div class=\"h-column h-column-container d-flex h-col-lg-auto h-col-md-auto h-col-auto style-374-outer style-local-3-c4-outer\">\n            <div data-colibri-id=\"3-c4\" class=\"d-flex h-flex-basis h-column__inner h-px-lg-2 h-px-md-2 h-px-2 v-inner-lg-2 v-inner-md-2 v-inner-2 style-374 style-local-3-c4 position-relative\">\n              <!---->\n              <!---->\n              <div class=\"w-100 h-y-container h-column__content h-column__v-align flex-basis-100 align-self-lg-start align-self-md-start align-self-start\">\n                <!---->\n                <div data-colibri-id=\"3-c9\" class=\"h-lead h-text h-text-component style-379 style-local-3-c9 position-relative h-element\">\n                  <!---->\n                  <!---->\n                  <div class=\"\">\n                    <p>AVISO DE PRIVACIDAD<\/p>\n                    <p>\n                      <br>\n                    <\/p>\n                    <p>El presente constituye el aviso de privacidad, que contiene los t\u00e9rminos y condiciones en virtud de los cuales Grupo Jaguel Inversiones Inmobiliarias, en su car\u00e1cter de responsable, con domicilio en Calle 41C #244 X 40 y 42 Francisco\n                      de Montejo, en M\u00e9rida, Yucat\u00e1n, M\u00e9xico. C.P. 97203, correo electr\u00f3nico contacto@grupojaguel.com junto con sus encargados y colaboradores, tratar\u00e1 los datos personales de los que usted como cliente y\/o contacto de Grupo Jaguel Inversiones\n                      Inmobiliarias.\n                      <br>\n                      <br>En cumplimiento a lo previsto en la Ley Federal de Protecci\u00f3n de Datos&nbsp;Personales y de su Reglamento (la \u201cLFPDP\u201d) y dem\u00e1s disposiciones secundarias&nbsp;relacionadas, le informamos que los datos personales que nos proporcione\n                      o haya proporcionado, son y ser\u00e1n tratados de forma estrictamente privada, segura y&nbsp;confidencial, por lo que la obtenci\u00f3n, tratamiento, transferencia y ejercicio de los derechos&nbsp;derivados de dichos datos personales se hacen\n                      mediante un uso adecuado, leg\u00edtimo y&nbsp;l\u00edcito, salvaguardando permanentemente los principios de licitud, consentimiento, calidad,&nbsp;informaci\u00f3n, proporcionalidad, responsabilidad, lealtad y finalidad.<\/p>\n                    <p>Los t\u00e9rminos que no est\u00e1n espec\u00edficamente definidos en este Aviso de Privacidad,&nbsp;tendr\u00e1n el significado atribuido en la LFPDP.<\/p>\n                    <p>La persona f\u00edsica responsable de recabar sus Datos Personales (en este acto, as\u00ed&nbsp;como en actos pasados y\/o futuros), es la denominada Grupo Jaguel Inversiones Inmobiliarias. Cualquier cambio respecto del responsable, ser\u00e1 notificado\n                      conforme a las disposiciones legales vigentes.<\/p>\n                    <p>A trav\u00e9s del presente Aviso de Privacidad Grupo Jaguel Inversiones Inmobiliarias,&nbsp;de conformidad a la II fracci\u00f3n del art\u00edculo 16 de la Ley, declara que las finalidades del tratamiento de tus Datos Personales ser\u00e1n las siguientes:\n                      <br><span style=\"font-weight: 300; font-size: 20px; font-family: &quot;Open Sans&quot;; color: rgb(102, 102, 102);\"><br>* Para fines mercadol\u00f3gicos, publicitarios o de prospecci\u00f3n comercial<\/span>\n                      <br>* Con el objetivo de dar respuesta a requerimientos de informaci\u00f3n de entidades&nbsp;p\u00fablicas y administrativas en ejercicio de sus funciones legales o por orden&nbsp;judicial, as\u00ed como para la recopilaci\u00f3n de informaci\u00f3n, almacenamiento,\n                      entrega de&nbsp;avisos y cumplimiento de obligaciones a cargo Grupo Jaguel Inversiones&nbsp;Inmobiliarias, en relaci\u00f3n al cumplimiento de la Ley Federal para la Prevenci\u00f3n e&nbsp;Identificaci\u00f3n de Operaciones con Recursos de Procedencia\n                      Il\u00edcita y dem\u00e1s&nbsp;normatividad aplicable.\n                      <br>* Registro y conservaci\u00f3n de bases de datos para que Grupo Jaguel Inversiones&nbsp;Inmobiliarias, pueda realizar todas y cada una de las actividades que le permitan&nbsp;conservar y almacenar la informaci\u00f3n en las bases de datos\n                      de Grupo Jaguel&nbsp;Inversiones Inmobiliarias.\n                      <br>\n                      <br>Para que Grupo Jaguel Inversiones Inmobiliarias, pueda llevar a cabo el Tratamiento de Datos Personales, nuestros clientes y\/o titulares de Datos Personales&nbsp;deber\u00e1n otorgarnos la aceptaci\u00f3n expresa o t\u00e1cita para dicho tratamiento,\n                      la cual se&nbsp;llevar\u00e1 por cualquiera de los siguientes medios:\n                      <br>\n                      <br>Conforme a lo establecido en el art\u00edculo 8 de la Ley, se entender\u00e1 que otorg\u00f3 su&nbsp;consentimiento expreso para que Grupo Jaguel Inversiones Inmobiliarias, realice el&nbsp;tratamiento de sus datos personales cuando manifieste su\n                      voluntad de manera verbal, por&nbsp;escrito, por medios electr\u00f3nicos, \u00f3pticos o por cualquier otra tecnolog\u00eda, o por signos&nbsp;inequ\u00edvocos.<\/p>\n                    <p>Limitaci\u00f3n del uso o divulgaci\u00f3n de sus Datos Personales&nbsp;\n                      <br>\n                      <br>De acuerdo al art\u00edculo 8 de la Ley y 14 de su Reglamento, el contenido de este&nbsp;Aviso de Privacidad, as\u00ed como cualquier modificaci\u00f3n o adici\u00f3n al mismo le ser\u00e1n dadas a conocer por cualquiera de los medios establecidos en los\n                      apartados que anteceden, y en&nbsp;caso que no manifieste oposici\u00f3n al contenido y alcances de los mismos dentro de un&nbsp;periodo de 2 meses, contados a partir de la fecha en la que Grupo Jaguel Inversiones&nbsp;Inmobiliarias,\n                      le informe sobre el presente Aviso de Privacidad o sus modificaciones, se&nbsp;entender\u00e1 que otorga su consentimiento t\u00e1cito para que Grupo Jaguel Inversiones&nbsp;Inmobiliarias, efect\u00fae el tratamiento de sus Datos Personales con\n                      base en las Finalidades&nbsp;del Tratamiento establecidas en el Aviso de Privacidad.<\/p>\n                    <p>Con el fin de garantizar la protecci\u00f3n de sus Datos Personales y limitar el uso o&nbsp;divulgaci\u00f3n no autorizada de los mismos, Grupo Jaguel Inversiones Inmobiliarias&nbsp;continuamente realiza y realizar\u00e1 las siguientes acciones:<\/p>\n                    <p>1.- Confidencialidad de la informaci\u00f3n. Grupo Jaguel Inversiones Inmobiliarias,&nbsp;guardar\u00e1 confidencialidad respecto de sus Datos Personales recabados, misma que&nbsp;subsistir\u00e1 aun despu\u00e9s de finalizar sus relaciones comerciales\n                      o de otra naturaleza con el&nbsp;cliente o titular de dichos Datos Personales.<\/p>\n                    <p>2.- Notificaci\u00f3n de confidencialidad. En caso que, por alg\u00fan motivo, Grupo Jaguel&nbsp;Inversiones Inmobiliarias se vea en la necesidad de proporcionar sus Datos Personales a&nbsp;terceros (en los t\u00e9rminos previstos en la Ley o en\n                      el presente Aviso de Privacidad),&nbsp;notificar\u00e1 a dichos terceros la obligaci\u00f3n de cumplir con las disposiciones de la Ley y la&nbsp;confidencialidad de sus Datos Personales.<\/p>\n                    <p>3.- Administraci\u00f3n de bases de datos. Los Datos Personales son administrados y resguardados mediante el uso de bases de datos, las cuales son administradas&nbsp;\u00fanicamente por personal de Grupo Jaguel Inversiones Inmobiliarias para\n                      tal efecto, sin&nbsp;que se permita su uso, consulta, manejo o acceso a personas no autorizadas.<\/p>\n                    <p>Para la recepci\u00f3n, registro, atenci\u00f3n y respuesta de las solicitudes para ejercer sus Derechos ARCO (Acceso, Rectificaci\u00f3n, Cancelaci\u00f3n y Oposici\u00f3n) y los dem\u00e1s derechos&nbsp;previstos en la LFPDP, ponemos a su disposici\u00f3n el siguiente\n                      correo electr\u00f3nico:<\/p>\n                    <p>contacto@grupojaguel.com<\/p>\n                    <p>De conformidad con el art\u00edculo 29 de la Ley, dicha solicitud deber\u00e1 contener, por lo&nbsp;menos:\n                      <br>\n                      <br>* Nombre completo y domicilio del titular de los Datos Personales, u otro medio para&nbsp;comunicarle la respuesta a su solicitud.\n                      <br>* Documentos que acrediten la identidad o la representaci\u00f3n legal del titular de los Datos Personales.\n                      <br>* Descripci\u00f3n clara y precisa de los Datos Personales respecto de los que se busca&nbsp;ejercer alguno de los derechos antes mencionados.\n                      <br>* Cualquier otro elemento o documento que facilite la localizaci\u00f3n de los Datos&nbsp;Personales.\n                      <br>* Indicar de las modificaciones a realizarse y\/o las limitaciones al uso de los Datos Personales.\n                      <br>* Aportar la documentaci\u00f3n que sustente su petici\u00f3n.\n                      <br>\n                      <br>Grupo Jaguel Inversiones Inmobiliarias, comunicar\u00e1 al titular de los Datos&nbsp;Personales la determinaci\u00f3n adoptada, en un plazo no mayor a 18 d\u00edas h\u00e1biles contados&nbsp;desde la fecha en que se recibi\u00f3 la solicitud.<\/p>\n                    <p>Este plazo podr\u00e1 ser ampliado por Grupo Jaguel Inversiones Inmobiliarias en una&nbsp;sola ocasi\u00f3n por un periodo igual, siempre y cuando as\u00ed lo justifiquen las circunstancas&nbsp;del caso, lo anterior de conformidad con el art\u00edculo\n                      32 de la Ley.<\/p>\n                    <p>Con base en lo anterior y de acuerdo con lo establecido en la Ley, Grupo Jaguel&nbsp;Inversiones Inmobiliarias, informar\u00e1 al titular de los Datos Personales el sentido y motivaci\u00f3n de la resoluci\u00f3n, por el mismo medio por el que se\n                      llev\u00f3 a cabo la solicitud, y&nbsp;acompa\u00f1ar\u00e1 dicha resoluci\u00f3n de las pruebas pertinentes, en su caso.<\/p>\n                    <p>Cuando la solicitud sea procedente, se har\u00e1 efectiva por Grupo Jaguel Inversiones&nbsp;Inmobiliarias dentro de los 15 d\u00edas h\u00e1biles siguientes a la comunicaci\u00f3n de la resoluci\u00f3n&nbsp;adoptada.<\/p>\n                    <p>Grupo Jaguel Inversiones Inmobiliarias de conformidad con el art\u00edculo 26 de la&nbsp;Ley, podr\u00e1 negar el acceso total o parcial a los Datos Personales o a la realizaci\u00f3n de la&nbsp;rectificaci\u00f3n, cancelaci\u00f3n u oposici\u00f3n al tratamiento\n                      de los mismos, en los siguientes&nbsp;supuestos:\n                      <br>\n                      <br>* Cuando el solicitante no sea el titular o el representante legal no est\u00e9 acreditado&nbsp;para ello.\n                      <br>* Cuando en la Base de Datos de Grupo Jaguel Inversiones Inmobiliarias no se&nbsp;encuentren los Datos Personales del solicitante.\n                      <br>* Cuando se lesionen los derechos de un tercero.\n                      <br>* Cuando exista impedimento legal o resoluci\u00f3n de una autoridad.\n                      <br>* Cuando la rectificaci\u00f3n, cancelaci\u00f3n u oposici\u00f3n haya sido previamente realizada, de manera que la solicitud carezca de materia.\n                      <br>\n                      <br>Lo anterior ser\u00e1 notificado de la misma manera en la que fue realizada la solicitud.&nbsp;\n                      <br>\n                      <br>Grupo Jaguel Inversiones Inmobiliarias se reserva el derecho de efectuar, en cualquier momento, modificaciones o actualizaciones al presente Aviso de Privacidad, para la atenci\u00f3n de novedades legislativas o jurisprudenciales, pol\u00edticas\n                      internas, nuevos&nbsp;requerimientos para la prestaci\u00f3n u ofrecimiento de sus productos y servicios, o por pr\u00e1cticas comerciales.<\/p>\n                    <p>Por lo anterior, en caso que Grupo Jaguel Inversiones Inmobiliarias llegara a&nbsp;modificar el contenido del presente Aviso de Privacidad, lo har\u00e1 de su conocimiento al&nbsp;poner el aviso modificado en la p\u00e1gina web www.grupojaguel.com<\/p>\n                    <p>Los datos personales recolectados, se encuentran protegidos por medidas de&nbsp;seguridad administrativas, t\u00e9cnicas y f\u00edsicas adecuadas contra el da\u00f1o, p\u00e9rdida,&nbsp;alteraci\u00f3n, destrucci\u00f3n o uso, acceso o tratamiento no autorizados,\n                      de conformidad con lo&nbsp;dispuesto en la LFPDP y la dem\u00e1s legislaci\u00f3n aplicable. No obstante, lo se\u00f1alado&nbsp;anteriormente, Grupo Jaguel Inversiones Inmobiliarias, no garantiza que terceros no&nbsp;autorizados logren acceder,\n                      de manera ilegal, a los sistemas f\u00edsicos o l\u00f3gicos de los&nbsp;titulares o del responsable o en los documentos electr\u00f3nicos y archivos almacenados en&nbsp;sus sistemas. En consecuencia, Grupo Jaguel Inversiones Inmobiliarias, no\n                      ser\u00e1 en&nbsp;ning\u00fan caso responsable de los da\u00f1os y perjuicios que pudieran derivarse de dicho&nbsp;acceso no autorizado, para lo cual Grupo Jaguel Inversiones Inmobiliarias, informar\u00e1 al&nbsp;titular de dicho suceso.<\/p>\n                    <p>La p\u00e1gina Web se utiliza \u00fanicamente con fines publicitarios y de mercadotecnia, a&nbsp;trav\u00e9s de la misma no se realizan pagos de ning\u00fan tipo.<\/p>\n                    <p>El Aviso de Privacidad se encuentra publicado, para su consulta en la p\u00e1gina web&nbsp;https:\/\/grupojaguel.com<\/p>\n                  <\/div>\n                <\/div>\n              <\/div>\n            <\/div>\n          <\/div>\n        <\/div>\n      <\/div>\n    <\/div>\n  <\/div>\n<\/div>","protected":false},"excerpt":{"rendered":"<p>AVISO DE PRIVACIDAD El presente constituye el aviso de privacidad, que contiene los t\u00e9rminos y condiciones en virtud de los cuales Grupo Jaguel Inversiones Inmobiliarias, en su car\u00e1cter de responsable, con domicilio en Calle 41C #244 X 40 y 42 Francisco de Montejo, en M\u00e9rida, Yucat\u00e1n, M\u00e9xico. C.P. 97203, correo electr\u00f3nico contacto@grupojaguel.com junto con sus [&hellip;]<\/p>\n","protected":false},"author":1,"featured_media":0,"parent":0,"menu_order":0,"comment_status":"closed","ping_status":"closed","template":"page-templates\/full-width-page.php","meta":{"footnotes":""},"class_list":["post-3","page","type-page","status-publish","hentry"],"_links":{"self":[{"href":"https:\/\/grupojaguel.com\/index.php\/wp-json\/wp\/v2\/pages\/3","targetHints":{"allow":["GET"]}}],"collection":[{"href":"https:\/\/grupojaguel.com\/index.php\/wp-json\/wp\/v2\/pages"}],"about":[{"href":"https:\/\/grupojaguel.com\/index.php\/wp-json\/wp\/v2\/types\/page"}],"author":[{"embeddable":true,"href":"https:\/\/grupojaguel.com\/index.php\/wp-json\/wp\/v2\/users\/1"}],"replies":[{"embeddable":true,"href":"https:\/\/grupojaguel.com\/index.php\/wp-json\/wp\/v2\/comments?post=3"}],"version-history":[{"count":3,"href":"https:\/\/grupojaguel.com\/index.php\/wp-json\/wp\/v2\/pages\/3\/revisions"}],"predecessor-version":[{"id":6514,"href":"https:\/\/grupojaguel.com\/index.php\/wp-json\/wp\/v2\/pages\/3\/revisions\/6514"}],"wp:attachment":[{"href":"https:\/\/grupojaguel.com\/index.php\/wp-json\/wp\/v2\/media?parent=3"}],"curies":[{"name":"wp","href":"https:\/\/api.w.org\/{rel}","templated":true}]}}